{"id":2738,"date":"2024-09-11T16:46:41","date_gmt":"2024-09-11T16:46:41","guid":{"rendered":"https:\/\/filatelia.cuentista.es\/product\/sello-uruguay-pegaso-62-cents-verde-usado"},"modified":"2024-09-11T19:03:38","modified_gmt":"2024-09-11T19:03:38","slug":"sello-uruguay-pegaso-62-cents-verde-usado","status":"publish","type":"product","link":"https:\/\/filatelia.cuentista.es\/en\/product\/sello-uruguay-pegaso-62-cents-verde-usado","title":{"rendered":"Sello Uruguay 1935 &#8211; Pegaso &#8211; 62 cents, verde, usado"},"content":{"rendered":"<p>Pegasus<\/p>\n<p><img class=\"size-full\"><\/p>\n<p>Pa\u00eds:<\/p>\n<p>Uruguay<\/p>\n<p>Serie:<\/p>\n<p>Pegasus Airmail Series IV (1935)<\/p>\n<p>C\u00f3digo de cat\u00e1logo:<\/p>\n<p>Michel UY 524<\/p>\n<p>Stamp Number UY C72<\/p>\n<p>Yvert et Tellier UY PA69<\/p>\n<p>Stanley Gibbons UY 734<\/p>\n<p>Ciardi UY A69<\/p>\n<p>Tiene variantes menores: 3<\/p>\n<p>Temas:<\/p>\n<p>Animales Estilizados | Caballos | Mitolog\u00eda<\/p>\n<p>Fecha emisi\u00f3n:<\/p>\n<p>1935-11-22<\/p>\n<p>Tama\u00f1o:<\/p>\n<p>31.5 x 21 mm<\/p>\n<p>Colores:<\/p>\n<p>Oliva<\/p>\n<p>Marca de agua:<\/p>\n<p>Sin Marca de agua<\/p>\n<p>Impresores\/Imprentas:<\/p>\n<p>Barreiro y Ramos S.A.<\/p>\n<p>Formato:<\/p>\n<p>Sello<\/p>\n<p>Emisi\u00f3n:<\/p>\n<p>Correo A\u00e9reo<\/p>\n<p>Perforaci\u00f3n:<\/p>\n<p>12\u00bd<\/p>\n<p>Impresi\u00f3n:<\/p>\n<p>Rebaje<\/p>\n<p>Papel:<\/p>\n<p>Medium<\/p>\n<p>Valor facial:<\/p>\n<p>62 Cent\u00e9simo Uruguayo<\/p>\n<p>Tiraje:<\/p>\n<p>250.000<\/p>\n<p><a href=\"https:\/\/colnect.com\/stamps\/stamp\/332249\">https:\/\/colnect.com\/stamps\/stamp\/332249<\/a><\/p>","protected":false},"excerpt":{"rendered":"<p>Pegasus Pa\u00eds: Uruguay Serie: Pegasus Airmail Series IV (1935) C\u00f3digo de cat\u00e1logo: Michel UY 524 Stamp Number UY C72 Yvert et Tellier UY PA69 Stanley Gibbons UY 734 Ciardi UY A69 Tiene variantes menores: 3 Temas: Animales Estilizados | Caballos | Mitolog\u00eda Fecha emisi\u00f3n: 1935-11-22 Tama\u00f1o: 31.5 x 21 mm Colores: Oliva Marca de agua: &hellip;<\/p>\n<p class=\"read-more\"> <a class=\"thunk-readmore button\" href=\"https:\/\/filatelia.cuentista.es\/en\/product\/sello-uruguay-pegaso-62-cents-verde-usado\"> <span class=\"screen-reader-text\">Sello Uruguay 1935 &#8211; Pegaso &#8211; 62 cents, verde, usado<\/span>Read More<\/a><\/p>","protected":false},"featured_media":2737,"comment_status":"open","ping_status":"closed","template":"","meta":{"_acf_changed":false},"product_brand":[],"product_cat":[815,763,20],"product_tag":[],"class_list":{"0":"post-2738","1":"product","2":"type-product","3":"status-publish","4":"has-post-thumbnail","6":"product_cat-correo-aereo","7":"product_cat-uruguay","8":"product_cat-sellos-usados","9":"thunk-woo-product-list","10":"opn-qv-enable","11":"open-woo-hover-zoom","12":"open-single-product-tab-horizontal","13":"open-shadow-","14":"open-shadow-hover-","16":"first","17":"instock","18":"sale","19":"shipping-taxable","20":"purchasable","21":"product-type-simple"},"acf":[],"jetpack_sharing_enabled":true,"_links":{"self":[{"href":"https:\/\/filatelia.cuentista.es\/en\/wp-json\/wp\/v2\/product\/2738","targetHints":{"allow":["GET"]}}],"collection":[{"href":"https:\/\/filatelia.cuentista.es\/en\/wp-json\/wp\/v2\/product"}],"about":[{"href":"https:\/\/filatelia.cuentista.es\/en\/wp-json\/wp\/v2\/types\/product"}],"replies":[{"embeddable":true,"href":"https:\/\/filatelia.cuentista.es\/en\/wp-json\/wp\/v2\/comments?post=2738"}],"wp:featuredmedia":[{"embeddable":true,"href":"https:\/\/filatelia.cuentista.es\/en\/wp-json\/wp\/v2\/media\/2737"}],"wp:attachment":[{"href":"https:\/\/filatelia.cuentista.es\/en\/wp-json\/wp\/v2\/media?parent=2738"}],"wp:term":[{"taxonomy":"product_brand","embeddable":true,"href":"https:\/\/filatelia.cuentista.es\/en\/wp-json\/wp\/v2\/product_brand?post=2738"},{"taxonomy":"product_cat","embeddable":true,"href":"https:\/\/filatelia.cuentista.es\/en\/wp-json\/wp\/v2\/product_cat?post=2738"},{"taxonomy":"product_tag","embeddable":true,"href":"https:\/\/filatelia.cuentista.es\/en\/wp-json\/wp\/v2\/product_tag?post=2738"}],"curies":[{"name":"wp","href":"https:\/\/api.w.org\/{rel}","templated":true}]}}