{"id":2736,"date":"2024-09-11T16:42:57","date_gmt":"2024-09-11T16:42:57","guid":{"rendered":"https:\/\/filatelia.cuentista.es\/product\/sello-uruguay-correo-aereo-20-cents-azul-usado"},"modified":"2024-09-11T19:07:19","modified_gmt":"2024-09-11T19:07:19","slug":"sello-uruguay-correo-aereo-20-cents-azul-usado","status":"publish","type":"product","link":"https:\/\/filatelia.cuentista.es\/en\/product\/sello-uruguay-correo-aereo-20-cents-azul-usado","title":{"rendered":"Sello Uruguay 1939 &#8211; Avion sobre Escultura de Carreta &#8211; 20 cents, azul, usado"},"content":{"rendered":"<p>Pa\u00eds:<\/p>\n<p>Uruguay<\/p>\n<p>Serie:<\/p>\n<p>Plane Over Sculptured Oxcart<\/p>\n<p>C\u00f3digo de cat\u00e1logo:<\/p>\n<p>Michel UY 591<\/p>\n<p>Stamp Number UY C93<\/p>\n<p>Yvert et Tellier UY PA89<\/p>\n<p>Stanley Gibbons UY 817<\/p>\n<p>Ciardi UY A89<\/p>\n<p>Tiene variantes menores: 1<\/p>\n<p>Temas:<\/p>\n<p>Animales (Fauna) | Aviaci\u00f3n | Aviones | Caballos | Ganado (Toros o Vacas) | Mam\u00edferos | Transportes<\/p>\n<p>Fecha emisi\u00f3n:<\/p>\n<p>1939-02-25<\/p>\n<p>Colores:<\/p>\n<p>Azul oscuro<\/p>\n<p>Marca de agua:<\/p>\n<p>Sin Marca de agua<\/p>\n<p>Impresores\/Imprentas:<\/p>\n<p>Imprenta Nacional, Montevideo<\/p>\n<p>Formato:<\/p>\n<p>Sello<\/p>\n<p>Emisi\u00f3n:<\/p>\n<p>Correo A\u00e9reo<\/p>\n<p>Perforaci\u00f3n:<\/p>\n<p>12\u00bd<\/p>\n<p>Impresi\u00f3n:<\/p>\n<p>Litograf\u00eda<\/p>\n<p>Papel:<\/p>\n<p>Medium<\/p>\n<p>Valor facial:<\/p>\n<p>20 Cent\u00e9simo Uruguayo<\/p>\n<p>Tiraje:<\/p>\n<p>300.000<\/p>\n<p><a href=\"https:\/\/colnect.com\/stamps\/stamp\/304235\">https:\/\/colnect.com\/stamps\/stamp\/304235<\/a><\/p>","protected":false},"excerpt":{"rendered":"<p>Pa\u00eds: Uruguay Serie: Plane Over Sculptured Oxcart C\u00f3digo de cat\u00e1logo: Michel UY 591 Stamp Number UY C93 Yvert et Tellier UY PA89 Stanley Gibbons UY 817 Ciardi UY A89 Tiene variantes menores: 1 Temas: Animales (Fauna) | Aviaci\u00f3n | Aviones | Caballos | Ganado (Toros o Vacas) | Mam\u00edferos | Transportes Fecha emisi\u00f3n: 1939-02-25 Colores: &hellip;<\/p>\n<p class=\"read-more\"> <a class=\"thunk-readmore button\" href=\"https:\/\/filatelia.cuentista.es\/en\/product\/sello-uruguay-correo-aereo-20-cents-azul-usado\"> <span class=\"screen-reader-text\">Sello Uruguay 1939 &#8211; Avion sobre Escultura de Carreta &#8211; 20 cents, azul, usado<\/span>Read More<\/a><\/p>","protected":false},"featured_media":2735,"comment_status":"open","ping_status":"closed","template":"","meta":{"_acf_changed":false},"product_brand":[],"product_cat":[815,763,20],"product_tag":[1292,517,1290,1291],"class_list":{"0":"post-2736","1":"product","2":"type-product","3":"status-publish","4":"has-post-thumbnail","6":"product_cat-correo-aereo","7":"product_cat-uruguay","8":"product_cat-sellos-usados","9":"product_tag-aeroplano","10":"product_tag-avion","11":"product_tag-bueyes","12":"product_tag-carreta","13":"thunk-woo-product-list","14":"opn-qv-enable","15":"open-woo-hover-zoom","16":"open-single-product-tab-horizontal","17":"open-shadow-","18":"open-shadow-hover-","20":"first","21":"instock","22":"sale","23":"shipping-taxable","24":"purchasable","25":"product-type-simple"},"acf":[],"jetpack_sharing_enabled":true,"_links":{"self":[{"href":"https:\/\/filatelia.cuentista.es\/en\/wp-json\/wp\/v2\/product\/2736","targetHints":{"allow":["GET"]}}],"collection":[{"href":"https:\/\/filatelia.cuentista.es\/en\/wp-json\/wp\/v2\/product"}],"about":[{"href":"https:\/\/filatelia.cuentista.es\/en\/wp-json\/wp\/v2\/types\/product"}],"replies":[{"embeddable":true,"href":"https:\/\/filatelia.cuentista.es\/en\/wp-json\/wp\/v2\/comments?post=2736"}],"wp:featuredmedia":[{"embeddable":true,"href":"https:\/\/filatelia.cuentista.es\/en\/wp-json\/wp\/v2\/media\/2735"}],"wp:attachment":[{"href":"https:\/\/filatelia.cuentista.es\/en\/wp-json\/wp\/v2\/media?parent=2736"}],"wp:term":[{"taxonomy":"product_brand","embeddable":true,"href":"https:\/\/filatelia.cuentista.es\/en\/wp-json\/wp\/v2\/product_brand?post=2736"},{"taxonomy":"product_cat","embeddable":true,"href":"https:\/\/filatelia.cuentista.es\/en\/wp-json\/wp\/v2\/product_cat?post=2736"},{"taxonomy":"product_tag","embeddable":true,"href":"https:\/\/filatelia.cuentista.es\/en\/wp-json\/wp\/v2\/product_tag?post=2736"}],"curies":[{"name":"wp","href":"https:\/\/api.w.org\/{rel}","templated":true}]}}