{"id":2725,"date":"2024-09-11T14:31:58","date_gmt":"2024-09-11T14:31:58","guid":{"rendered":"https:\/\/filatelia.cuentista.es\/product\/sello-uruguay-1984-churrinche-90-c"},"modified":"2024-09-11T16:20:22","modified_gmt":"2024-09-11T16:20:22","slug":"sello-uruguay-1984-churrinche-90-c","status":"publish","type":"product","link":"https:\/\/filatelia.cuentista.es\/en\/product\/sello-uruguay-1984-churrinche-90-c","title":{"rendered":"Sello Uruguay 1984 &#8211; Churrinche &#8211; 90 c. usado"},"content":{"rendered":"<p>Pa\u00eds: Uruguay<\/p>\n<p>Serie: Birds 1962-63<\/p>\n<p>C\u00f3digo de cat\u00e1logo: Michel UY 944,\u00a0Stamp Number UY C249,\u00a0Yvert et Tellier UY PA236,\u00a0Stanley Gibbons UY 1211 ,\u00a0Ciardi UY A236<\/p>\n<p>Temas: Animales (Fauna) | Aves<\/p>\n<p>Fecha emisi\u00f3n: 1962-12-05<\/p>\n<p>Colores: Negro | Rojo | Rojo marr\u00f3n<\/p>\n<p>Marca de agua:\u00a0ROU en Sol [Up]<\/p>\n<p>Impresores\/Imprentas:\u00a0Imprenta Nacional, Montevideo<\/p>\n<p>Formato: Sello<\/p>\n<p>Emisi\u00f3n:\u00a0Correo A\u00e9reo<\/p>\n<p>Perforaci\u00f3n:\u00a0peine12<\/p>\n<p>Impresi\u00f3n:Litograf\u00eda offset<\/p>\n<p>Papel: white, medium.<\/p>\n<p>Valor facial: 90 Cent\u00e9simo Uruguayo<\/p>\n<p>Tiraje: 1.000.000<\/p>\n<p>Descripci\u00f3n: Impreso en hojas de 50 sellos.<\/p>\n<p><a href=\"https:\/\/colnect.com\/stamps\/stamp\/146625\">https:\/\/colnect.com\/stamps\/stamp\/146625<\/a><\/p>\n","protected":false},"excerpt":{"rendered":"<p>Pa\u00eds: Uruguay Serie: Birds 1962-63 C\u00f3digo de cat\u00e1logo: Michel UY 944,\u00a0Stamp Number UY C249,\u00a0Yvert et Tellier UY PA236,\u00a0Stanley Gibbons UY 1211 ,\u00a0Ciardi UY A236 Temas: Animales (Fauna) | Aves Fecha emisi\u00f3n: 1962-12-05 Colores: Negro | Rojo | Rojo marr\u00f3n Marca de agua:\u00a0ROU en Sol [Up] Impresores\/Imprentas:\u00a0Imprenta Nacional, Montevideo Formato: Sello Emisi\u00f3n:\u00a0Correo A\u00e9reo Perforaci\u00f3n:\u00a0peine12 Impresi\u00f3n:Litograf\u00eda offset &hellip;<\/p>\n<p class=\"read-more\"> <a class=\" thunk-readmore button \" href=\"https:\/\/filatelia.cuentista.es\/en\/product\/sello-uruguay-1984-churrinche-90-c\"> <span class=\"screen-reader-text\">Sello Uruguay 1984 &#8211; Churrinche &#8211; 90 c. usado<\/span>Read More<\/a><\/p>\n","protected":false},"featured_media":2724,"comment_status":"open","ping_status":"closed","template":"","meta":{"_acf_changed":false},"product_brand":[],"product_cat":[763,20],"product_tag":[],"class_list":{"0":"post-2725","1":"product","2":"type-product","3":"status-publish","4":"has-post-thumbnail","6":"product_cat-uruguay","7":"product_cat-sellos-usados","8":"thunk-woo-product-list","9":"opn-qv-enable","10":"open-woo-hover-zoom","11":"open-single-product-tab-horizontal","12":"open-shadow-","13":"open-shadow-hover-","15":"first","16":"instock","17":"sale","18":"shipping-taxable","19":"purchasable","20":"product-type-simple"},"acf":[],"jetpack_sharing_enabled":true,"_links":{"self":[{"href":"https:\/\/filatelia.cuentista.es\/en\/wp-json\/wp\/v2\/product\/2725","targetHints":{"allow":["GET"]}}],"collection":[{"href":"https:\/\/filatelia.cuentista.es\/en\/wp-json\/wp\/v2\/product"}],"about":[{"href":"https:\/\/filatelia.cuentista.es\/en\/wp-json\/wp\/v2\/types\/product"}],"replies":[{"embeddable":true,"href":"https:\/\/filatelia.cuentista.es\/en\/wp-json\/wp\/v2\/comments?post=2725"}],"wp:featuredmedia":[{"embeddable":true,"href":"https:\/\/filatelia.cuentista.es\/en\/wp-json\/wp\/v2\/media\/2724"}],"wp:attachment":[{"href":"https:\/\/filatelia.cuentista.es\/en\/wp-json\/wp\/v2\/media?parent=2725"}],"wp:term":[{"taxonomy":"product_brand","embeddable":true,"href":"https:\/\/filatelia.cuentista.es\/en\/wp-json\/wp\/v2\/product_brand?post=2725"},{"taxonomy":"product_cat","embeddable":true,"href":"https:\/\/filatelia.cuentista.es\/en\/wp-json\/wp\/v2\/product_cat?post=2725"},{"taxonomy":"product_tag","embeddable":true,"href":"https:\/\/filatelia.cuentista.es\/en\/wp-json\/wp\/v2\/product_tag?post=2725"}],"curies":[{"name":"wp","href":"https:\/\/api.w.org\/{rel}","templated":true}]}}