{"id":2722,"date":"2024-09-11T14:27:59","date_gmt":"2024-09-11T14:27:59","guid":{"rendered":"https:\/\/filatelia.cuentista.es\/?post_type=product&#038;p=2722"},"modified":"2024-09-11T14:30:43","modified_gmt":"2024-09-11T14:30:43","slug":"sello-uruguay-douglas-dc4-8cts-3-2-2-2-2-3-2-2","status":"publish","type":"product","link":"https:\/\/filatelia.cuentista.es\/en\/product\/sello-uruguay-douglas-dc4-8cts-3-2-2-2-2-3-2-2","title":{"rendered":"Sello Uruguay 1952 &#8211; Douglas DC4 &#8211; 23 cts. Verde Turqesa,  usado"},"content":{"rendered":"<p>Pa\u00eds:<\/p>\n<p>Uruguay<\/p>\n<p>Serie:<\/p>\n<p>Douglas DC-4 Aeroplane<\/p>\n<p>C\u00f3digo de cat\u00e1logo:<\/p>\n<p>Michel UY 713A<\/p>\n<p>Stamp Number UY C132<\/p>\n<p>Yvert et Tellier UY PA127<\/p>\n<p>Stanley Gibbons UY 955<\/p>\n<p>Ciardi UY A127<\/p>\n<p>Tiene variantes menores: 1<\/p>\n<p>Temas:<\/p>\n<p>Aviaci\u00f3n | Aviones<\/p>\n<p>Fecha emisi\u00f3n:<\/p>\n<p>1947-10-10<\/p>\n<p>Tama\u00f1o:<\/p>\n<p>32 x 26 mm<\/p>\n<p>Colores:<\/p>\n<p>Verde<\/p>\n<p>Marca de agua:<\/p>\n<p>Sin Marca de agua<\/p>\n<p>Impresores\/Imprentas:<\/p>\n<p>Imprenta Nacional, Montevideo<\/p>\n<p>Formato:<\/p>\n<p>Sello<\/p>\n<p>Emisi\u00f3n:<\/p>\n<p>Correo A\u00e9reo<\/p>\n<p>Perforaci\u00f3n:<\/p>\n<p>12\u00bd<\/p>\n<p>Impresi\u00f3n:<\/p>\n<p>Litograf\u00eda<\/p>\n<p>Papel:<\/p>\n<p>medium or fine<\/p>\n<p>Valor facial:<\/p>\n<p>23 Cent\u00e9simo Uruguayo<\/p>\n<p>Tiraje:<\/p>\n<p>500.000<\/p>\n<p><a href=\"https:\/\/colnect.com\/stamps\/stamp\/474676\">https:\/\/colnect.com\/stamps\/stamp\/474676<\/a><\/p>","protected":false},"excerpt":{"rendered":"<p>Pa\u00eds: Uruguay Serie: Douglas DC-4 Aeroplane C\u00f3digo de cat\u00e1logo: Michel UY 713A Stamp Number UY C132 Yvert et Tellier UY PA127 Stanley Gibbons UY 955 Ciardi UY A127 Tiene variantes menores: 1 Temas: Aviaci\u00f3n | Aviones Fecha emisi\u00f3n: 1947-10-10 Tama\u00f1o: 32 x 26 mm Colores: Verde Marca de agua: Sin Marca de agua Impresores\/Imprentas: Imprenta &hellip;<\/p>\n<p class=\"read-more\"> <a class=\"thunk-readmore button\" href=\"https:\/\/filatelia.cuentista.es\/en\/product\/sello-uruguay-douglas-dc4-8cts-3-2-2-2-2-3-2-2\"> <span class=\"screen-reader-text\">Sello Uruguay 1952 &#8211; Douglas DC4 &#8211; 23 cts. Verde Turqesa,  usado<\/span>Read More<\/a><\/p>","protected":false},"featured_media":2723,"comment_status":"open","ping_status":"closed","template":"","meta":{"_acf_changed":false},"product_brand":[],"product_cat":[815,763,20],"product_tag":[],"class_list":{"0":"post-2722","1":"product","2":"type-product","3":"status-publish","4":"has-post-thumbnail","6":"product_cat-correo-aereo","7":"product_cat-uruguay","8":"product_cat-sellos-usados","9":"thunk-woo-product-list","10":"opn-qv-enable","11":"open-woo-hover-zoom","12":"open-single-product-tab-horizontal","13":"open-shadow-","14":"open-shadow-hover-","16":"first","17":"instock","18":"sale","19":"shipping-taxable","20":"purchasable","21":"product-type-simple"},"acf":[],"jetpack_sharing_enabled":true,"_links":{"self":[{"href":"https:\/\/filatelia.cuentista.es\/en\/wp-json\/wp\/v2\/product\/2722","targetHints":{"allow":["GET"]}}],"collection":[{"href":"https:\/\/filatelia.cuentista.es\/en\/wp-json\/wp\/v2\/product"}],"about":[{"href":"https:\/\/filatelia.cuentista.es\/en\/wp-json\/wp\/v2\/types\/product"}],"replies":[{"embeddable":true,"href":"https:\/\/filatelia.cuentista.es\/en\/wp-json\/wp\/v2\/comments?post=2722"}],"wp:featuredmedia":[{"embeddable":true,"href":"https:\/\/filatelia.cuentista.es\/en\/wp-json\/wp\/v2\/media\/2723"}],"wp:attachment":[{"href":"https:\/\/filatelia.cuentista.es\/en\/wp-json\/wp\/v2\/media?parent=2722"}],"wp:term":[{"taxonomy":"product_brand","embeddable":true,"href":"https:\/\/filatelia.cuentista.es\/en\/wp-json\/wp\/v2\/product_brand?post=2722"},{"taxonomy":"product_cat","embeddable":true,"href":"https:\/\/filatelia.cuentista.es\/en\/wp-json\/wp\/v2\/product_cat?post=2722"},{"taxonomy":"product_tag","embeddable":true,"href":"https:\/\/filatelia.cuentista.es\/en\/wp-json\/wp\/v2\/product_tag?post=2722"}],"curies":[{"name":"wp","href":"https:\/\/api.w.org\/{rel}","templated":true}]}}