{"id":2659,"date":"2024-09-10T20:32:17","date_gmt":"2024-09-10T20:32:17","guid":{"rendered":"https:\/\/filatelia.cuentista.es\/?post_type=product&#038;p=2659"},"modified":"2024-09-10T20:35:19","modified_gmt":"2024-09-10T20:35:19","slug":"sello-uruguay-douglas-dc4-8cts-3","status":"publish","type":"product","link":"https:\/\/filatelia.cuentista.es\/en\/product\/sello-uruguay-douglas-dc4-8cts-3","title":{"rendered":"Sello Uruguay 1957 &#8211; Douglas DC4 &#8211; 27cent verde usado"},"content":{"rendered":"<p>C\u00f3digo de cat\u00e1logo:<\/p>\n<p>Mi:UY 714C, Sn:UY C150, Yt:UY PA157A, Sg:UY 956, Cia:UY A157A<\/p>\n<p>Variantes:<\/p>\n<p>Click para ver variantes<\/p>\n<p>Sobreimpreso:<\/p>\n<p>Click para ver sobreimpresiones y recargos<\/p>\n<p>Tiene variantes menores: 5<\/p>\n<p>Temas:<\/p>\n<p>Aviaci\u00f3n | Aviones<\/p>\n<p>Fecha emisi\u00f3n:<\/p>\n<p>1957-02-25<\/p>\n<p>Tama\u00f1o:<\/p>\n<p>32 x 26 mm<\/p>\n<p>Colores:<\/p>\n<p>Verde Amarillo<\/p>\n<p>Marca de agua:<\/p>\n<p>Sin Marca de agua<\/p>\n<p>Impresores\/Imprentas:<\/p>\n<p>Imprenta Nacional, Montevideo<\/p>\n<p>Formato:<\/p>\n<p>Sello<\/p>\n<p>Emisi\u00f3n:<\/p>\n<p>Correo A\u00e9reo<\/p>\n<p>Perforaci\u00f3n:<\/p>\n<p>11<\/p>\n<p>Impresi\u00f3n:<\/p>\n<p>Litograf\u00eda<\/p>\n<p>Papel:<\/p>\n<p>medium or fine<\/p>\n<p>Valor facial:<\/p>\n<p>27 Cent\u00e9simo Uruguayo<\/p>\n<p>Tiraje:<\/p>\n<p>3.000.000<\/p>","protected":false},"excerpt":{"rendered":"<p>C\u00f3digo de cat\u00e1logo: Mi:UY 714C, Sn:UY C150, Yt:UY PA157A, Sg:UY 956, Cia:UY A157A Variantes: Click para ver variantes Sobreimpreso: Click para ver sobreimpresiones y recargos Tiene variantes menores: 5 Temas: Aviaci\u00f3n | Aviones Fecha emisi\u00f3n: 1957-02-25 Tama\u00f1o: 32 x 26 mm Colores: Verde Amarillo Marca de agua: Sin Marca de agua Impresores\/Imprentas: Imprenta Nacional, Montevideo &hellip;<\/p>\n<p class=\"read-more\"> <a class=\"thunk-readmore button\" href=\"https:\/\/filatelia.cuentista.es\/en\/product\/sello-uruguay-douglas-dc4-8cts-3\"> <span class=\"screen-reader-text\">Sello Uruguay 1957 &#8211; Douglas DC4 &#8211; 27cent verde usado<\/span>Read More<\/a><\/p>","protected":false},"featured_media":2660,"comment_status":"open","ping_status":"closed","template":"","meta":{"_acf_changed":false},"product_brand":[],"product_cat":[815,763,20],"product_tag":[],"class_list":{"0":"post-2659","1":"product","2":"type-product","3":"status-publish","4":"has-post-thumbnail","6":"product_cat-correo-aereo","7":"product_cat-uruguay","8":"product_cat-sellos-usados","9":"thunk-woo-product-list","10":"opn-qv-enable","11":"open-woo-hover-zoom","12":"open-single-product-tab-horizontal","13":"open-shadow-","14":"open-shadow-hover-","16":"first","17":"instock","18":"sale","19":"shipping-taxable","20":"purchasable","21":"product-type-simple"},"acf":[],"jetpack_sharing_enabled":true,"_links":{"self":[{"href":"https:\/\/filatelia.cuentista.es\/en\/wp-json\/wp\/v2\/product\/2659","targetHints":{"allow":["GET"]}}],"collection":[{"href":"https:\/\/filatelia.cuentista.es\/en\/wp-json\/wp\/v2\/product"}],"about":[{"href":"https:\/\/filatelia.cuentista.es\/en\/wp-json\/wp\/v2\/types\/product"}],"replies":[{"embeddable":true,"href":"https:\/\/filatelia.cuentista.es\/en\/wp-json\/wp\/v2\/comments?post=2659"}],"wp:featuredmedia":[{"embeddable":true,"href":"https:\/\/filatelia.cuentista.es\/en\/wp-json\/wp\/v2\/media\/2660"}],"wp:attachment":[{"href":"https:\/\/filatelia.cuentista.es\/en\/wp-json\/wp\/v2\/media?parent=2659"}],"wp:term":[{"taxonomy":"product_brand","embeddable":true,"href":"https:\/\/filatelia.cuentista.es\/en\/wp-json\/wp\/v2\/product_brand?post=2659"},{"taxonomy":"product_cat","embeddable":true,"href":"https:\/\/filatelia.cuentista.es\/en\/wp-json\/wp\/v2\/product_cat?post=2659"},{"taxonomy":"product_tag","embeddable":true,"href":"https:\/\/filatelia.cuentista.es\/en\/wp-json\/wp\/v2\/product_tag?post=2659"}],"curies":[{"name":"wp","href":"https:\/\/api.w.org\/{rel}","templated":true}]}}