{"id":2657,"date":"2024-09-10T20:27:42","date_gmt":"2024-09-10T20:27:42","guid":{"rendered":"https:\/\/filatelia.cuentista.es\/?post_type=product&#038;p=2657"},"modified":"2024-09-10T21:02:15","modified_gmt":"2024-09-10T21:02:15","slug":"sello-uruguay-douglas-dc4-8cts","status":"publish","type":"product","link":"https:\/\/filatelia.cuentista.es\/en\/product\/sello-uruguay-douglas-dc4-8cts","title":{"rendered":"Sello Uruguay 1954 &#8211; Douglas DC4 &#8211; 10cent gris usado"},"content":{"rendered":"<p>C\u00f3digo de cat\u00e1logo:<\/p>\n<p>Mi:UY 707A, Sn:UY C145, Yt:UY PA123A, Sg:UY 949, Cia:UY A123A<\/p>\n<p>Variantes:<\/p>\n<p>Click para ver variantes<\/p>\n<p>Tiene variantes menores: 4<\/p>\n<p>Temas:<\/p>\n<p>Aviaci\u00f3n | Aviones<\/p>\n<p>Fecha emisi\u00f3n:<\/p>\n<p>1954-02-14<\/p>\n<p>Tama\u00f1o:<\/p>\n<p>32 x 26 mm<\/p>\n<p>Colores:<\/p>\n<p>Negro<\/p>\n<p>Marca de agua:<\/p>\n<p>Sin Marca de agua<\/p>\n<p>Impresores\/Imprentas:<\/p>\n<p>Imprenta Nacional, Montevideo<\/p>\n<p>Formato:<\/p>\n<p>Sello<\/p>\n<p>Emisi\u00f3n:<\/p>\n<p>Correo A\u00e9reo<\/p>\n<p>Perforaci\u00f3n:<\/p>\n<p>12\u00bd<\/p>\n<p>Impresi\u00f3n:<\/p>\n<p>Litograf\u00eda<\/p>\n<p>Papel:<\/p>\n<p>medium or fine<\/p>\n<p>Valor facial:<\/p>\n<p>10 Cent\u00e9simo Uruguayo<\/p>\n<p>Tiraje:<\/p>\n<p>1.000.000<\/p>","protected":false},"excerpt":{"rendered":"<p>C\u00f3digo de cat\u00e1logo: Mi:UY 707A, Sn:UY C145, Yt:UY PA123A, Sg:UY 949, Cia:UY A123A Variantes: Click para ver variantes Tiene variantes menores: 4 Temas: Aviaci\u00f3n | Aviones Fecha emisi\u00f3n: 1954-02-14 Tama\u00f1o: 32 x 26 mm Colores: Negro Marca de agua: Sin Marca de agua Impresores\/Imprentas: Imprenta Nacional, Montevideo Formato: Sello Emisi\u00f3n: Correo A\u00e9reo Perforaci\u00f3n: 12\u00bd Impresi\u00f3n: &hellip;<\/p>\n<p class=\"read-more\"> <a class=\"thunk-readmore button\" href=\"https:\/\/filatelia.cuentista.es\/en\/product\/sello-uruguay-douglas-dc4-8cts\"> <span class=\"screen-reader-text\">Sello Uruguay 1954 &#8211; Douglas DC4 &#8211; 10cent gris usado<\/span>Read More<\/a><\/p>","protected":false},"featured_media":2658,"comment_status":"open","ping_status":"closed","template":"","meta":{"_acf_changed":false},"product_brand":[],"product_cat":[815,763,20],"product_tag":[],"class_list":{"0":"post-2657","1":"product","2":"type-product","3":"status-publish","4":"has-post-thumbnail","6":"product_cat-correo-aereo","7":"product_cat-uruguay","8":"product_cat-sellos-usados","9":"thunk-woo-product-list","10":"opn-qv-enable","11":"open-woo-hover-zoom","12":"open-single-product-tab-horizontal","13":"open-shadow-","14":"open-shadow-hover-","16":"first","17":"instock","18":"sale","19":"shipping-taxable","20":"purchasable","21":"product-type-simple"},"acf":[],"jetpack_sharing_enabled":true,"_links":{"self":[{"href":"https:\/\/filatelia.cuentista.es\/en\/wp-json\/wp\/v2\/product\/2657","targetHints":{"allow":["GET"]}}],"collection":[{"href":"https:\/\/filatelia.cuentista.es\/en\/wp-json\/wp\/v2\/product"}],"about":[{"href":"https:\/\/filatelia.cuentista.es\/en\/wp-json\/wp\/v2\/types\/product"}],"replies":[{"embeddable":true,"href":"https:\/\/filatelia.cuentista.es\/en\/wp-json\/wp\/v2\/comments?post=2657"}],"wp:featuredmedia":[{"embeddable":true,"href":"https:\/\/filatelia.cuentista.es\/en\/wp-json\/wp\/v2\/media\/2658"}],"wp:attachment":[{"href":"https:\/\/filatelia.cuentista.es\/en\/wp-json\/wp\/v2\/media?parent=2657"}],"wp:term":[{"taxonomy":"product_brand","embeddable":true,"href":"https:\/\/filatelia.cuentista.es\/en\/wp-json\/wp\/v2\/product_brand?post=2657"},{"taxonomy":"product_cat","embeddable":true,"href":"https:\/\/filatelia.cuentista.es\/en\/wp-json\/wp\/v2\/product_cat?post=2657"},{"taxonomy":"product_tag","embeddable":true,"href":"https:\/\/filatelia.cuentista.es\/en\/wp-json\/wp\/v2\/product_tag?post=2657"}],"curies":[{"name":"wp","href":"https:\/\/api.w.org\/{rel}","templated":true}]}}