{"id":2656,"date":"2024-09-10T20:20:25","date_gmt":"2024-09-10T20:20:25","guid":{"rendered":"https:\/\/filatelia.cuentista.es\/product\/sello-uruguay-douglas-dc4-8cts"},"modified":"2024-09-10T20:31:21","modified_gmt":"2024-09-10T20:31:21","slug":"sello-uruguay-douglas-dc4-8cts-2","status":"publish","type":"product","link":"https:\/\/filatelia.cuentista.es\/en\/product\/sello-uruguay-douglas-dc4-8cts-2","title":{"rendered":"Sello Uruguay 1949 &#8211; Douglas DC4 &#8211; 8cts Rojo, usado"},"content":{"rendered":"<p>Pa\u00eds:<\/p>\n<p>Uruguay<\/p>\n<p>Serie:<\/p>\n<p>Douglas DC-4 Aeroplane<\/p>\n<p>C\u00f3digo de cat\u00e1logo:<\/p>\n<p>Michel UY 706A<\/p>\n<p>Stamp Number UY C130<\/p>\n<p>Yvert et Tellier UY PA123<\/p>\n<p>Stanley Gibbons UY 948<\/p>\n<p>Ciardi UY A123<\/p>\n<p>Tiene variantes menores: 1<\/p>\n<p>Temas:<\/p>\n<p>Aviaci\u00f3n | Aviones<\/p>\n<p>Fecha emisi\u00f3n:<\/p>\n<p>1949-01-18<\/p>\n<p>Tama\u00f1o:<\/p>\n<p>32 x 26 mm<\/p>\n<p>Colores:<\/p>\n<p>Rosa Carm\u00edn<\/p>\n<p>Marca de agua:<\/p>\n<p>Sin Marca de agua<\/p>\n<p>Impresores\/Imprentas:<\/p>\n<p>Imprenta Nacional, Montevideo<\/p>\n<p>Formato:<\/p>\n<p>Sello<\/p>\n<p>Emisi\u00f3n:<\/p>\n<p>Correo A\u00e9reo<\/p>\n<p>Perforaci\u00f3n:<\/p>\n<p>12\u00bd<\/p>\n<p>Impresi\u00f3n:<\/p>\n<p>Litograf\u00eda<\/p>\n<p>Papel:<\/p>\n<p>medium or fine<\/p>\n<p>Valor facial:<\/p>\n<p>8 Cent\u00e9simo Uruguayo<\/p>\n<p>Tiraje:<\/p>\n<p>500.000<\/p>\n<p><a href=\"https:\/\/colnect.com\/stamps\/stamp\/474674\">https:\/\/colnect.com\/stamps\/stamp\/474674<\/a><\/p>","protected":false},"excerpt":{"rendered":"<p>Pa\u00eds: Uruguay Serie: Douglas DC-4 Aeroplane C\u00f3digo de cat\u00e1logo: Michel UY 706A Stamp Number UY C130 Yvert et Tellier UY PA123 Stanley Gibbons UY 948 Ciardi UY A123 Tiene variantes menores: 1 Temas: Aviaci\u00f3n | Aviones Fecha emisi\u00f3n: 1949-01-18 Tama\u00f1o: 32 x 26 mm Colores: Rosa Carm\u00edn Marca de agua: Sin Marca de agua Impresores\/Imprentas: &hellip;<\/p>\n<p class=\"read-more\"> <a class=\"thunk-readmore button\" href=\"https:\/\/filatelia.cuentista.es\/en\/product\/sello-uruguay-douglas-dc4-8cts-2\"> <span class=\"screen-reader-text\">Sello Uruguay 1949 &#8211; Douglas DC4 &#8211; 8cts Rojo, usado<\/span>Read More<\/a><\/p>","protected":false},"featured_media":2655,"comment_status":"open","ping_status":"closed","template":"","meta":{"_acf_changed":false},"product_brand":[],"product_cat":[763,20],"product_tag":[],"class_list":{"0":"post-2656","1":"product","2":"type-product","3":"status-publish","4":"has-post-thumbnail","6":"product_cat-uruguay","7":"product_cat-sellos-usados","8":"thunk-woo-product-list","9":"opn-qv-enable","10":"open-woo-hover-zoom","11":"open-single-product-tab-horizontal","12":"open-shadow-","13":"open-shadow-hover-","15":"first","16":"instock","17":"sale","18":"shipping-taxable","19":"purchasable","20":"product-type-simple"},"acf":[],"jetpack_sharing_enabled":true,"_links":{"self":[{"href":"https:\/\/filatelia.cuentista.es\/en\/wp-json\/wp\/v2\/product\/2656","targetHints":{"allow":["GET"]}}],"collection":[{"href":"https:\/\/filatelia.cuentista.es\/en\/wp-json\/wp\/v2\/product"}],"about":[{"href":"https:\/\/filatelia.cuentista.es\/en\/wp-json\/wp\/v2\/types\/product"}],"replies":[{"embeddable":true,"href":"https:\/\/filatelia.cuentista.es\/en\/wp-json\/wp\/v2\/comments?post=2656"}],"wp:featuredmedia":[{"embeddable":true,"href":"https:\/\/filatelia.cuentista.es\/en\/wp-json\/wp\/v2\/media\/2655"}],"wp:attachment":[{"href":"https:\/\/filatelia.cuentista.es\/en\/wp-json\/wp\/v2\/media?parent=2656"}],"wp:term":[{"taxonomy":"product_brand","embeddable":true,"href":"https:\/\/filatelia.cuentista.es\/en\/wp-json\/wp\/v2\/product_brand?post=2656"},{"taxonomy":"product_cat","embeddable":true,"href":"https:\/\/filatelia.cuentista.es\/en\/wp-json\/wp\/v2\/product_cat?post=2656"},{"taxonomy":"product_tag","embeddable":true,"href":"https:\/\/filatelia.cuentista.es\/en\/wp-json\/wp\/v2\/product_tag?post=2656"}],"curies":[{"name":"wp","href":"https:\/\/api.w.org\/{rel}","templated":true}]}}