{"id":2652,"date":"2024-09-10T19:41:38","date_gmt":"2024-09-10T19:41:38","guid":{"rendered":"https:\/\/filatelia.cuentista.es\/product\/sello-uruguay-encomiendas-30-cts-lila-usado"},"modified":"2024-12-15T20:48:28","modified_gmt":"2024-12-15T20:48:28","slug":"sello-uruguay-encomiendas-30-cts-lila-usado","status":"publish","type":"product","link":"https:\/\/filatelia.cuentista.es\/en\/product\/sello-uruguay-encomiendas-30-cts-lila-usado","title":{"rendered":"Sello Uruguay 1957 &#8211; Encomiendas &#8211; 30 cts. Lila usado"},"content":{"rendered":"<p>Pa\u00eds: Uruguay<\/p>\n<p>Serie: Parcel Post &#8211; Land and Sea Transport<\/p>\n<p>C\u00f3digo de cat\u00e1logo:Michel UY PK82<\/p>\n<p>Stamp Number UY Q89.\u00a0 \u00a0Yvert et Tellier UY CP90.\u00a0\u00a0Stanley Gibbons UY P1068.\u00a0\u00a0Ciardi UY E90.<\/p>\n<p>Temas: Barcos | Ferrocarriles | Locomotoras<\/p>\n<p>Fecha emisi\u00f3n:\u00a01957-11-15<\/p>\n<p>Tama\u00f1o:\u00a022 x 23 mm<\/p>\n<p>Colores:\u00a0P\u00farpura<\/p>\n<p>Marca de agua:\u00a0Sin Marca de agua<\/p>\n<p>Impresores\/Imprentas:<\/p>\n<p>Imprenta Nacional, Montevideo<\/p>\n<p>Formato:\u00a0Sello<\/p>\n<p>Emisi\u00f3n:\u00a0Paquete Postal<\/p>\n<p>Perforaci\u00f3n:\u00a011<\/p>\n<p>Impresi\u00f3n: Litograf\u00eda offset<\/p>\n<p>Papel: fine or medium<\/p>\n<p>Valor facial: 30 Cent\u00e9simo Uruguayo<\/p>\n<p>Tiraje: 3.500.000<\/p>\n<p><a href=\"https:\/\/colnect.com\/es\/stamps\/stamp\/547780-Parcel_Post_-_Land_and_Sea_Transport-Parcel_Post_-_Land_and_Sea_Transport-Uruguay\">https:\/\/colnect.com\/es\/stamps\/stamp\/547780-Parcel_Post_-_Land_and_Sea_Transport-Parcel_Post_-_Land_and_Sea_Transport-Uruguay<\/a><\/p>","protected":false},"excerpt":{"rendered":"<p>Pa\u00eds: Uruguay Serie: Parcel Post &#8211; Land and Sea Transport C\u00f3digo de cat\u00e1logo:Michel UY PK82 Stamp Number UY Q89.\u00a0 \u00a0Yvert et Tellier UY CP90.\u00a0\u00a0Stanley Gibbons UY P1068.\u00a0\u00a0Ciardi UY E90. Temas: Barcos | Ferrocarriles | Locomotoras Fecha emisi\u00f3n:\u00a01957-11-15 Tama\u00f1o:\u00a022 x 23 mm Colores:\u00a0P\u00farpura Marca de agua:\u00a0Sin Marca de agua Impresores\/Imprentas: Imprenta Nacional, Montevideo Formato:\u00a0Sello Emisi\u00f3n:\u00a0Paquete Postal &hellip;<\/p>\n<p class=\"read-more\"> <a class=\"thunk-readmore button\" href=\"https:\/\/filatelia.cuentista.es\/en\/product\/sello-uruguay-encomiendas-30-cts-lila-usado\"> <span class=\"screen-reader-text\">Sello Uruguay 1957 &#8211; Encomiendas &#8211; 30 cts. Lila usado<\/span>Read More<\/a><\/p>","protected":false},"featured_media":2651,"comment_status":"open","ping_status":"closed","template":"","meta":{"_acf_changed":false},"product_brand":[],"product_cat":[763,20],"product_tag":[1258,794],"class_list":{"0":"post-2652","1":"product","2":"type-product","3":"status-publish","4":"has-post-thumbnail","6":"product_cat-uruguay","7":"product_cat-sellos-usados","8":"product_tag-barco","9":"product_tag-locomotora","10":"thunk-woo-product-list","11":"opn-qv-enable","12":"open-woo-hover-zoom","13":"open-single-product-tab-horizontal","14":"open-shadow-","15":"open-shadow-hover-","17":"first","18":"instock","19":"sale","20":"shipping-taxable","21":"purchasable","22":"product-type-simple"},"acf":[],"jetpack_sharing_enabled":true,"_links":{"self":[{"href":"https:\/\/filatelia.cuentista.es\/en\/wp-json\/wp\/v2\/product\/2652","targetHints":{"allow":["GET"]}}],"collection":[{"href":"https:\/\/filatelia.cuentista.es\/en\/wp-json\/wp\/v2\/product"}],"about":[{"href":"https:\/\/filatelia.cuentista.es\/en\/wp-json\/wp\/v2\/types\/product"}],"replies":[{"embeddable":true,"href":"https:\/\/filatelia.cuentista.es\/en\/wp-json\/wp\/v2\/comments?post=2652"}],"wp:featuredmedia":[{"embeddable":true,"href":"https:\/\/filatelia.cuentista.es\/en\/wp-json\/wp\/v2\/media\/2651"}],"wp:attachment":[{"href":"https:\/\/filatelia.cuentista.es\/en\/wp-json\/wp\/v2\/media?parent=2652"}],"wp:term":[{"taxonomy":"product_brand","embeddable":true,"href":"https:\/\/filatelia.cuentista.es\/en\/wp-json\/wp\/v2\/product_brand?post=2652"},{"taxonomy":"product_cat","embeddable":true,"href":"https:\/\/filatelia.cuentista.es\/en\/wp-json\/wp\/v2\/product_cat?post=2652"},{"taxonomy":"product_tag","embeddable":true,"href":"https:\/\/filatelia.cuentista.es\/en\/wp-json\/wp\/v2\/product_tag?post=2652"}],"curies":[{"name":"wp","href":"https:\/\/api.w.org\/{rel}","templated":true}]}}