{"id":2650,"date":"2024-09-10T19:34:32","date_gmt":"2024-09-10T19:34:32","guid":{"rendered":"https:\/\/filatelia.cuentista.es\/product\/sello-uruguay-escudo-de-armas-10-centesimos"},"modified":"2024-09-10T19:37:27","modified_gmt":"2024-09-10T19:37:27","slug":"sello-uruguay-escudo-de-armas-10-centesimos","status":"publish","type":"product","link":"https:\/\/filatelia.cuentista.es\/en\/product\/sello-uruguay-escudo-de-armas-10-centesimos","title":{"rendered":"Sello Uruguay 1888 &#8211; Escudo de Armas &#8211; 10 Cent\u00e9simos"},"content":{"rendered":"<p>Pa\u00eds:<\/p>\n<p>Uruguay<\/p>\n<p>Serie:<\/p>\n<p>Defnitives 1888<\/p>\n<p>C\u00f3digo de cat\u00e1logo:<\/p>\n<p>Michel UY 68a<\/p>\n<p>Stamp Number UY 72<\/p>\n<p>Yvert et Tellier UY 71<\/p>\n<p>Stanley Gibbons UY 104<\/p>\n<p>Ciardi UY 71<\/p>\n<p>Sobreimpreso:<\/p>\n<p>Click para ver sobreimpresiones y recargos<\/p>\n<p>Tiene variantes menores: 2<\/p>\n<p>Temas:<\/p>\n<p>Escudo de Armas<\/p>\n<p>Fecha emisi\u00f3n:<\/p>\n<p>1888-01-01<\/p>\n<p>Fecha de caducidad:<\/p>\n<p>1890-03-01<\/p>\n<p>Colores:<\/p>\n<p>Violeta<\/p>\n<p>Marca de agua:<\/p>\n<p>Sin Marca de agua<\/p>\n<p>Impresores\/Imprentas:<\/p>\n<p>American Bank Note Co.<\/p>\n<p>Formato:<\/p>\n<p>Sello<\/p>\n<p>Emisi\u00f3n:<\/p>\n<p>Definitivo<\/p>\n<p>Perforaci\u00f3n:<\/p>\n<p>Ruleta8<\/p>\n<p>Impresi\u00f3n:<\/p>\n<p>Rebaje<\/p>\n<p>Papel:<\/p>\n<p>white, medium<\/p>\n<p>Valor facial:<\/p>\n<p>10 Cent\u00e9simo Uruguayo<\/p>\n<p>Tiraje:<\/p>\n<p>1.000.000<\/p>\n<p><a href=\"https:\/\/colnect.com\/stamps\/stamp\/500935\">https:\/\/colnect.com\/stamps\/stamp\/500935<\/a><\/p>","protected":false},"excerpt":{"rendered":"<p>Pa\u00eds: Uruguay Serie: Defnitives 1888 C\u00f3digo de cat\u00e1logo: Michel UY 68a Stamp Number UY 72 Yvert et Tellier UY 71 Stanley Gibbons UY 104 Ciardi UY 71 Sobreimpreso: Click para ver sobreimpresiones y recargos Tiene variantes menores: 2 Temas: Escudo de Armas Fecha emisi\u00f3n: 1888-01-01 Fecha de caducidad: 1890-03-01 Colores: Violeta Marca de agua: Sin &hellip;<\/p>\n<p class=\"read-more\"> <a class=\"thunk-readmore button\" href=\"https:\/\/filatelia.cuentista.es\/en\/product\/sello-uruguay-escudo-de-armas-10-centesimos\"> <span class=\"screen-reader-text\">Sello Uruguay 1888 &#8211; Escudo de Armas &#8211; 10 Cent\u00e9simos<\/span>Read More<\/a><\/p>","protected":false},"featured_media":2649,"comment_status":"open","ping_status":"closed","template":"","meta":{"_acf_changed":false},"product_brand":[],"product_cat":[15,763,20],"product_tag":[],"class_list":{"0":"post-2650","1":"product","2":"type-product","3":"status-publish","4":"has-post-thumbnail","6":"product_cat-coleccionismo","7":"product_cat-uruguay","8":"product_cat-sellos-usados","9":"thunk-woo-product-list","10":"opn-qv-enable","11":"open-woo-hover-zoom","12":"open-single-product-tab-horizontal","13":"open-shadow-","14":"open-shadow-hover-","16":"first","17":"instock","18":"sale","19":"shipping-taxable","20":"purchasable","21":"product-type-simple"},"acf":[],"jetpack_sharing_enabled":true,"_links":{"self":[{"href":"https:\/\/filatelia.cuentista.es\/en\/wp-json\/wp\/v2\/product\/2650","targetHints":{"allow":["GET"]}}],"collection":[{"href":"https:\/\/filatelia.cuentista.es\/en\/wp-json\/wp\/v2\/product"}],"about":[{"href":"https:\/\/filatelia.cuentista.es\/en\/wp-json\/wp\/v2\/types\/product"}],"replies":[{"embeddable":true,"href":"https:\/\/filatelia.cuentista.es\/en\/wp-json\/wp\/v2\/comments?post=2650"}],"wp:featuredmedia":[{"embeddable":true,"href":"https:\/\/filatelia.cuentista.es\/en\/wp-json\/wp\/v2\/media\/2649"}],"wp:attachment":[{"href":"https:\/\/filatelia.cuentista.es\/en\/wp-json\/wp\/v2\/media?parent=2650"}],"wp:term":[{"taxonomy":"product_brand","embeddable":true,"href":"https:\/\/filatelia.cuentista.es\/en\/wp-json\/wp\/v2\/product_brand?post=2650"},{"taxonomy":"product_cat","embeddable":true,"href":"https:\/\/filatelia.cuentista.es\/en\/wp-json\/wp\/v2\/product_cat?post=2650"},{"taxonomy":"product_tag","embeddable":true,"href":"https:\/\/filatelia.cuentista.es\/en\/wp-json\/wp\/v2\/product_tag?post=2650"}],"curies":[{"name":"wp","href":"https:\/\/api.w.org\/{rel}","templated":true}]}}