{"id":2648,"date":"2024-09-10T19:28:31","date_gmt":"2024-09-10T19:28:31","guid":{"rendered":"https:\/\/filatelia.cuentista.es\/product\/sello-uruguay-toro-1-centesimo"},"modified":"2024-09-12T03:09:30","modified_gmt":"2024-09-12T03:09:30","slug":"sello-uruguay-toro-1-centesimo","status":"publish","type":"product","link":"https:\/\/filatelia.cuentista.es\/en\/product\/sello-uruguay-toro-1-centesimo","title":{"rendered":"Sello Uruguay 1900 &#8211; Toro &#8211; 1 cent\u00e9simo"},"content":{"rendered":"<p>Pa\u00eds:<\/p>\n<p>Uruguay<\/p>\n<p>Serie:<\/p>\n<p>Definitives 1900-1901<\/p>\n<p>C\u00f3digo de cat\u00e1logo:<\/p>\n<p>Michel UY 149<\/p>\n<p>Stamp Number UY 153<\/p>\n<p>Yvert et Tellier UY 152<\/p>\n<p>Stanley Gibbons UY 230<\/p>\n<p>Ciardi UY 152<\/p>\n<p>Sobreimpreso:<\/p>\n<p>Click para ver sobreimpresiones y recargos<\/p>\n<p>Tiene variantes menores: 11<\/p>\n<p>Temas:<\/p>\n<p>Animales (Fauna) | Ganado (Toros o Vacas)<\/p>\n<p>Fecha emisi\u00f3n:<\/p>\n<p>1900-12-27<\/p>\n<p>Fecha de caducidad:<\/p>\n<p>1908-07-24<\/p>\n<p>Tama\u00f1o:<\/p>\n<p>23 x 28 mm<\/p>\n<p>Colores:<\/p>\n<p>Verde suave<\/p>\n<p>Marca de agua:<\/p>\n<p>Sin Marca de agua<\/p>\n<p>Impresores\/Imprentas:<\/p>\n<p>Waterlow &amp; Sons Ltd<\/p>\n<p>Formato:<\/p>\n<p>Sello<\/p>\n<p>Emisi\u00f3n:<\/p>\n<p>Definitivo<\/p>\n<p>Perforaci\u00f3n:<\/p>\n<p>Varios<\/p>\n<p>Impresi\u00f3n:<\/p>\n<p>Rebaje<\/p>\n<p>Papel:<\/p>\n<p>Medium<\/p>\n<p>Valor facial:<\/p>\n<p>1 Cent\u00e9simo Uruguayo<\/p>\n<p><a href=\"https:\/\/colnect.com\/stamps\/stamp\/999230\">https:\/\/colnect.com\/stamps\/stamp\/999230<\/a><\/p>","protected":false},"excerpt":{"rendered":"<p>Pa\u00eds: Uruguay Serie: Definitives 1900-1901 C\u00f3digo de cat\u00e1logo: Michel UY 149 Stamp Number UY 153 Yvert et Tellier UY 152 Stanley Gibbons UY 230 Ciardi UY 152 Sobreimpreso: Click para ver sobreimpresiones y recargos Tiene variantes menores: 11 Temas: Animales (Fauna) | Ganado (Toros o Vacas) Fecha emisi\u00f3n: 1900-12-27 Fecha de caducidad: 1908-07-24 Tama\u00f1o: 23 &hellip;<\/p>\n<p class=\"read-more\"> <a class=\"thunk-readmore button\" href=\"https:\/\/filatelia.cuentista.es\/en\/product\/sello-uruguay-toro-1-centesimo\"> <span class=\"screen-reader-text\">Sello Uruguay 1900 &#8211; Toro &#8211; 1 cent\u00e9simo<\/span>Read More<\/a><\/p>","protected":false},"featured_media":2647,"comment_status":"open","ping_status":"closed","template":"","meta":{"_acf_changed":false},"product_brand":[],"product_cat":[763,20],"product_tag":[1139,945,1261],"class_list":{"0":"post-2648","1":"product","2":"type-product","3":"status-publish","4":"has-post-thumbnail","6":"product_cat-uruguay","7":"product_cat-sellos-usados","8":"product_tag-animal","9":"product_tag-fauna","10":"product_tag-ganado","11":"thunk-woo-product-list","12":"opn-qv-enable","13":"open-woo-hover-zoom","14":"open-single-product-tab-horizontal","15":"open-shadow-","16":"open-shadow-hover-","18":"first","19":"instock","20":"shipping-taxable","21":"purchasable","22":"product-type-simple"},"acf":[],"jetpack_sharing_enabled":true,"_links":{"self":[{"href":"https:\/\/filatelia.cuentista.es\/en\/wp-json\/wp\/v2\/product\/2648","targetHints":{"allow":["GET"]}}],"collection":[{"href":"https:\/\/filatelia.cuentista.es\/en\/wp-json\/wp\/v2\/product"}],"about":[{"href":"https:\/\/filatelia.cuentista.es\/en\/wp-json\/wp\/v2\/types\/product"}],"replies":[{"embeddable":true,"href":"https:\/\/filatelia.cuentista.es\/en\/wp-json\/wp\/v2\/comments?post=2648"}],"wp:featuredmedia":[{"embeddable":true,"href":"https:\/\/filatelia.cuentista.es\/en\/wp-json\/wp\/v2\/media\/2647"}],"wp:attachment":[{"href":"https:\/\/filatelia.cuentista.es\/en\/wp-json\/wp\/v2\/media?parent=2648"}],"wp:term":[{"taxonomy":"product_brand","embeddable":true,"href":"https:\/\/filatelia.cuentista.es\/en\/wp-json\/wp\/v2\/product_brand?post=2648"},{"taxonomy":"product_cat","embeddable":true,"href":"https:\/\/filatelia.cuentista.es\/en\/wp-json\/wp\/v2\/product_cat?post=2648"},{"taxonomy":"product_tag","embeddable":true,"href":"https:\/\/filatelia.cuentista.es\/en\/wp-json\/wp\/v2\/product_tag?post=2648"}],"curies":[{"name":"wp","href":"https:\/\/api.w.org\/{rel}","templated":true}]}}