{"id":2646,"date":"2024-09-10T17:33:23","date_gmt":"2024-09-10T17:33:23","guid":{"rendered":"https:\/\/filatelia.cuentista.es\/product\/sello-uruguay-gaucho-1-centesimo"},"modified":"2024-09-10T19:26:04","modified_gmt":"2024-09-10T19:26:04","slug":"sello-uruguay-gaucho-1-centesimo","status":"publish","type":"product","link":"https:\/\/filatelia.cuentista.es\/en\/product\/sello-uruguay-gaucho-1-centesimo","title":{"rendered":"Sello Uruguay 1895 &#8211; Gaucho &#8211; 1 Cent\u00e9simo"},"content":{"rendered":"<p>Pa\u00eds:<\/p>\n<p>Uruguay<\/p>\n<p>Serie:<\/p>\n<p>Definitives 1895<\/p>\n<p>C\u00f3digo de cat\u00e1logo:<\/p>\n<p>Michel UY 100<\/p>\n<p>Stamp Number UY 108<\/p>\n<p>Yvert et Tellier UY 103<\/p>\n<p>Stanley Gibbons UY 153<\/p>\n<p>Ciardi UY 103<\/p>\n<p>Variantes:<\/p>\n<p>Click para ver variantes<\/p>\n<p>Sobreimpreso:<\/p>\n<p>Click para ver sobreimpresiones y recargos<\/p>\n<p>Tiene variantes menores: 15<\/p>\n<p>Temas:<\/p>\n<p>Personas<\/p>\n<p>Fecha emisi\u00f3n:<\/p>\n<p>1895-10-05<\/p>\n<p>Fecha de caducidad:<\/p>\n<p>1897-09-20<\/p>\n<p>Tama\u00f1o:<\/p>\n<p>21 x 26 mm<\/p>\n<p>Colores:<\/p>\n<p>Pardo Oliva<\/p>\n<p>Marca de agua:<\/p>\n<p>Sin Marca de agua<\/p>\n<p>Impresores\/Imprentas:<\/p>\n<p>Waterlow &amp; Sons Ltd<\/p>\n<p>Formato:<\/p>\n<p>Sello<\/p>\n<p>Emisi\u00f3n:<\/p>\n<p>Definitivo<\/p>\n<p>Perforaci\u00f3n:<\/p>\n<p>Varios<\/p>\n<p>Impresi\u00f3n:<\/p>\n<p>Rebaje<\/p>\n<p>Papel:<\/p>\n<p>Medium<\/p>\n<p>Valor facial:<\/p>\n<p>1 Cent\u00e9simo Uruguayo<\/p>\n<p><a href=\"https:\/\/colnect.com\/stamps\/stamp\/998645\">https:\/\/colnect.com\/stamps\/stamp\/998645<\/a><\/p>","protected":false},"excerpt":{"rendered":"<p>Pa\u00eds: Uruguay Serie: Definitives 1895 C\u00f3digo de cat\u00e1logo: Michel UY 100 Stamp Number UY 108 Yvert et Tellier UY 103 Stanley Gibbons UY 153 Ciardi UY 103 Variantes: Click para ver variantes Sobreimpreso: Click para ver sobreimpresiones y recargos Tiene variantes menores: 15 Temas: Personas Fecha emisi\u00f3n: 1895-10-05 Fecha de caducidad: 1897-09-20 Tama\u00f1o: 21 x &hellip;<\/p>\n<p class=\"read-more\"> <a class=\"thunk-readmore button\" href=\"https:\/\/filatelia.cuentista.es\/en\/product\/sello-uruguay-gaucho-1-centesimo\"> <span class=\"screen-reader-text\">Sello Uruguay 1895 &#8211; Gaucho &#8211; 1 Cent\u00e9simo<\/span>Read More<\/a><\/p>","protected":false},"featured_media":2645,"comment_status":"open","ping_status":"closed","template":"","meta":{"_acf_changed":false},"product_brand":[],"product_cat":[15,763,20],"product_tag":[1260],"class_list":{"0":"post-2646","1":"product","2":"type-product","3":"status-publish","4":"has-post-thumbnail","6":"product_cat-coleccionismo","7":"product_cat-uruguay","8":"product_cat-sellos-usados","9":"product_tag-botas","10":"thunk-woo-product-list","11":"opn-qv-enable","12":"open-woo-hover-zoom","13":"open-single-product-tab-horizontal","14":"open-shadow-","15":"open-shadow-hover-","17":"first","18":"instock","19":"sale","20":"shipping-taxable","21":"purchasable","22":"product-type-simple"},"acf":[],"jetpack_sharing_enabled":true,"_links":{"self":[{"href":"https:\/\/filatelia.cuentista.es\/en\/wp-json\/wp\/v2\/product\/2646","targetHints":{"allow":["GET"]}}],"collection":[{"href":"https:\/\/filatelia.cuentista.es\/en\/wp-json\/wp\/v2\/product"}],"about":[{"href":"https:\/\/filatelia.cuentista.es\/en\/wp-json\/wp\/v2\/types\/product"}],"replies":[{"embeddable":true,"href":"https:\/\/filatelia.cuentista.es\/en\/wp-json\/wp\/v2\/comments?post=2646"}],"wp:featuredmedia":[{"embeddable":true,"href":"https:\/\/filatelia.cuentista.es\/en\/wp-json\/wp\/v2\/media\/2645"}],"wp:attachment":[{"href":"https:\/\/filatelia.cuentista.es\/en\/wp-json\/wp\/v2\/media?parent=2646"}],"wp:term":[{"taxonomy":"product_brand","embeddable":true,"href":"https:\/\/filatelia.cuentista.es\/en\/wp-json\/wp\/v2\/product_brand?post=2646"},{"taxonomy":"product_cat","embeddable":true,"href":"https:\/\/filatelia.cuentista.es\/en\/wp-json\/wp\/v2\/product_cat?post=2646"},{"taxonomy":"product_tag","embeddable":true,"href":"https:\/\/filatelia.cuentista.es\/en\/wp-json\/wp\/v2\/product_tag?post=2646"}],"curies":[{"name":"wp","href":"https:\/\/api.w.org\/{rel}","templated":true}]}}