{"id":2644,"date":"2024-09-10T16:30:08","date_gmt":"2024-09-10T16:30:08","guid":{"rendered":"https:\/\/filatelia.cuentista.es\/product\/sello-uruguay-impuesto-de-encomiendas-03-overprint-sobre-5-centimos-2"},"modified":"2024-12-15T20:46:59","modified_gmt":"2024-12-15T20:46:59","slug":"sello-uruguay-impuesto-de-encomiendas-03-overprint-sobre-5-centimos-2","status":"publish","type":"product","link":"https:\/\/filatelia.cuentista.es\/en\/product\/sello-uruguay-impuesto-de-encomiendas-03-overprint-sobre-5-centimos-2","title":{"rendered":"Sello Uruguay &#8211; impuesto de encomiendas- 0,3$ overprint sobre 5 c\u00e9ntimos"},"content":{"rendered":"<p>Pa\u00eds:<\/p>\n<p>Uruguay<\/p>\n<p>Serie:<\/p>\n<p>Parcel Post &#8211; Buildings<\/p>\n<p>C\u00f3digo de cat\u00e1logo:<\/p>\n<p>Michel UY PK80II<\/p>\n<p>Stamp Number UY Q87<\/p>\n<p>Yvert et Tellier UY CP89<\/p>\n<p>Stanley Gibbons UY P1064<\/p>\n<p>Ciardi UY E89<\/p>\n<p>Sobreimpreso:<\/p>\n<p>Click para ver sobreimpresiones y recargos<\/p>\n<p>Tiene variantes menores: 2<\/p>\n<p>Temas:<\/p>\n<p>Aduanas | Edificios<\/p>\n<p>Fecha emisi\u00f3n:<\/p>\n<p>1957-08-24<\/p>\n<p>Tama\u00f1o:<\/p>\n<p>22.5 x 28 mm<\/p>\n<p>Colores:<\/p>\n<p>Gris<\/p>\n<p>Marca de agua:<\/p>\n<p>Sin Marca de agua<\/p>\n<p>Impresores\/Imprentas:<\/p>\n<p>Imprenta Nacional, Montevideo<\/p>\n<p>Formato:<\/p>\n<p>Sello<\/p>\n<p>Emisi\u00f3n:<\/p>\n<p>Paquete Postal<\/p>\n<p>Perforaci\u00f3n:<\/p>\n<p>Varios<\/p>\n<p>Impresi\u00f3n:<\/p>\n<p>Litograf\u00eda<\/p>\n<p>Papel:<\/p>\n<p>Medium<\/p>\n<p>Valor facial:<\/p>\n<p>0,30 $ &#8211; Peso Uruguayo<\/p>\n<p>Tiraje:<\/p>\n<p>4.750.000<\/p>\n<p>Puntuaci\u00f3n:<\/p>\n<p>26% Precisi\u00f3n: Media<\/p>\n<p>Descripci\u00f3n:<\/p>\n<p>Sobrecargo en rojo (30c en 5c)<\/p>\n<p>Perforated 11 or 12,5.<\/p>\n<p>Surcharge size: 11.5 x 3 mm.<\/p>\n<p>Impreso en hojas de 100 sellos<\/p>","protected":false},"excerpt":{"rendered":"<p>Pa\u00eds: Uruguay Serie: Parcel Post &#8211; Buildings C\u00f3digo de cat\u00e1logo: Michel UY PK80II Stamp Number UY Q87 Yvert et Tellier UY CP89 Stanley Gibbons UY P1064 Ciardi UY E89 Sobreimpreso: Click para ver sobreimpresiones y recargos Tiene variantes menores: 2 Temas: Aduanas | Edificios Fecha emisi\u00f3n: 1957-08-24 Tama\u00f1o: 22.5 x 28 mm Colores: Gris Marca &hellip;<\/p>\n<p class=\"read-more\"> <a class=\"thunk-readmore button\" href=\"https:\/\/filatelia.cuentista.es\/en\/product\/sello-uruguay-impuesto-de-encomiendas-03-overprint-sobre-5-centimos-2\"> <span class=\"screen-reader-text\">Sello Uruguay &#8211; impuesto de encomiendas- 0,3$ overprint sobre 5 c\u00e9ntimos<\/span>Read More<\/a><\/p>","protected":false},"featured_media":2642,"comment_status":"open","ping_status":"closed","template":"","meta":{"_acf_changed":false},"product_brand":[],"product_cat":[664,763,21],"product_tag":[88,1015,1259],"class_list":{"0":"post-2644","1":"product","2":"type-product","3":"status-publish","4":"has-post-thumbnail","6":"product_cat-impuestos","7":"product_cat-uruguay","8":"product_cat-sellos-nuevos","9":"product_tag-arquitectura","10":"product_tag-edificio","11":"product_tag-encomienda","12":"thunk-woo-product-list","13":"opn-qv-enable","14":"open-woo-hover-zoom","15":"open-single-product-tab-horizontal","16":"open-shadow-","17":"open-shadow-hover-","19":"first","20":"instock","21":"sale","22":"shipping-taxable","23":"purchasable","24":"product-type-simple"},"acf":[],"jetpack_sharing_enabled":true,"_links":{"self":[{"href":"https:\/\/filatelia.cuentista.es\/en\/wp-json\/wp\/v2\/product\/2644","targetHints":{"allow":["GET"]}}],"collection":[{"href":"https:\/\/filatelia.cuentista.es\/en\/wp-json\/wp\/v2\/product"}],"about":[{"href":"https:\/\/filatelia.cuentista.es\/en\/wp-json\/wp\/v2\/types\/product"}],"replies":[{"embeddable":true,"href":"https:\/\/filatelia.cuentista.es\/en\/wp-json\/wp\/v2\/comments?post=2644"}],"wp:featuredmedia":[{"embeddable":true,"href":"https:\/\/filatelia.cuentista.es\/en\/wp-json\/wp\/v2\/media\/2642"}],"wp:attachment":[{"href":"https:\/\/filatelia.cuentista.es\/en\/wp-json\/wp\/v2\/media?parent=2644"}],"wp:term":[{"taxonomy":"product_brand","embeddable":true,"href":"https:\/\/filatelia.cuentista.es\/en\/wp-json\/wp\/v2\/product_brand?post=2644"},{"taxonomy":"product_cat","embeddable":true,"href":"https:\/\/filatelia.cuentista.es\/en\/wp-json\/wp\/v2\/product_cat?post=2644"},{"taxonomy":"product_tag","embeddable":true,"href":"https:\/\/filatelia.cuentista.es\/en\/wp-json\/wp\/v2\/product_tag?post=2644"}],"curies":[{"name":"wp","href":"https:\/\/api.w.org\/{rel}","templated":true}]}}