{"id":2641,"date":"2024-09-10T07:00:13","date_gmt":"2024-09-10T07:00:13","guid":{"rendered":"https:\/\/filatelia.cuentista.es\/product\/sello-uruguay-encomiendas-5-cts-marron"},"modified":"2024-12-15T20:48:53","modified_gmt":"2024-12-15T20:48:53","slug":"sello-uruguay-encomiendas-5-cts-marron","status":"publish","type":"product","link":"https:\/\/filatelia.cuentista.es\/en\/product\/sello-uruguay-encomiendas-5-cts-marron","title":{"rendered":"Sello Uruguay 1948 &#8211; Encomiendas &#8211; 5 cts marr\u00f3n"},"content":{"rendered":"<p>Pa\u00eds:<\/p>\n<p>Uruguay<\/p>\n<p>Serie:<\/p>\n<p>Parcel Post &#8211; Land and Sea Transport<\/p>\n<p>C\u00f3digo de cat\u00e1logo:<\/p>\n<p>Michel UY PK66A<\/p>\n<p>Stamp Number UY Q70<\/p>\n<p>Yvert et Tellier UY CP73<\/p>\n<p>Stanley Gibbons UY P971<\/p>\n<p>Ciardi UY E73<\/p>\n<p>Temas:<\/p>\n<p>Barcos | Econom\u00eda | Ferrocarriles | Locomotoras | Transportes<\/p>\n<p>Fecha emisi\u00f3n:<\/p>\n<p>1948-01-09<\/p>\n<p>Tama\u00f1o:<\/p>\n<p>20 x 24 mm<\/p>\n<p>Colores:<\/p>\n<p>Marr\u00f3n<\/p>\n<p>Marca de agua:<\/p>\n<p>Sin Marca de agua<\/p>\n<p>Impresores\/Imprentas:<\/p>\n<p>Imprenta Nacional, Montevideo<\/p>\n<p>Formato:<\/p>\n<p>Sello<\/p>\n<p>Emisi\u00f3n:<\/p>\n<p>Paquete Postal<\/p>\n<p>Perforaci\u00f3n:<\/p>\n<p>12\u00be<\/p>\n<p>Impresi\u00f3n:<\/p>\n<p>Litograf\u00eda<\/p>\n<p>Papel:<\/p>\n<p>fine<\/p>\n<p>Valor facial:<\/p>\n<p>5 Cent\u00e9simo Uruguayo<\/p>\n<p>Tiraje:<\/p>\n<p>500.000<\/p>","protected":false},"excerpt":{"rendered":"<p>Pa\u00eds: Uruguay Serie: Parcel Post &#8211; Land and Sea Transport C\u00f3digo de cat\u00e1logo: Michel UY PK66A Stamp Number UY Q70 Yvert et Tellier UY CP73 Stanley Gibbons UY P971 Ciardi UY E73 Temas: Barcos | Econom\u00eda | Ferrocarriles | Locomotoras | Transportes Fecha emisi\u00f3n: 1948-01-09 Tama\u00f1o: 20 x 24 mm Colores: Marr\u00f3n Marca de agua: &hellip;<\/p>\n<p class=\"read-more\"> <a class=\"thunk-readmore button\" href=\"https:\/\/filatelia.cuentista.es\/en\/product\/sello-uruguay-encomiendas-5-cts-marron\"> <span class=\"screen-reader-text\">Sello Uruguay 1948 &#8211; Encomiendas &#8211; 5 cts marr\u00f3n<\/span>Read More<\/a><\/p>","protected":false},"featured_media":2640,"comment_status":"open","ping_status":"closed","template":"","meta":{"_acf_changed":false},"product_brand":[],"product_cat":[763,20],"product_tag":[1258],"class_list":{"0":"post-2641","1":"product","2":"type-product","3":"status-publish","4":"has-post-thumbnail","6":"product_cat-uruguay","7":"product_cat-sellos-usados","8":"product_tag-barco","9":"thunk-woo-product-list","10":"opn-qv-enable","11":"open-woo-hover-zoom","12":"open-single-product-tab-horizontal","13":"open-shadow-","14":"open-shadow-hover-","16":"first","17":"instock","18":"sale","19":"shipping-taxable","20":"purchasable","21":"product-type-simple"},"acf":[],"jetpack_sharing_enabled":true,"_links":{"self":[{"href":"https:\/\/filatelia.cuentista.es\/en\/wp-json\/wp\/v2\/product\/2641","targetHints":{"allow":["GET"]}}],"collection":[{"href":"https:\/\/filatelia.cuentista.es\/en\/wp-json\/wp\/v2\/product"}],"about":[{"href":"https:\/\/filatelia.cuentista.es\/en\/wp-json\/wp\/v2\/types\/product"}],"replies":[{"embeddable":true,"href":"https:\/\/filatelia.cuentista.es\/en\/wp-json\/wp\/v2\/comments?post=2641"}],"wp:featuredmedia":[{"embeddable":true,"href":"https:\/\/filatelia.cuentista.es\/en\/wp-json\/wp\/v2\/media\/2640"}],"wp:attachment":[{"href":"https:\/\/filatelia.cuentista.es\/en\/wp-json\/wp\/v2\/media?parent=2641"}],"wp:term":[{"taxonomy":"product_brand","embeddable":true,"href":"https:\/\/filatelia.cuentista.es\/en\/wp-json\/wp\/v2\/product_brand?post=2641"},{"taxonomy":"product_cat","embeddable":true,"href":"https:\/\/filatelia.cuentista.es\/en\/wp-json\/wp\/v2\/product_cat?post=2641"},{"taxonomy":"product_tag","embeddable":true,"href":"https:\/\/filatelia.cuentista.es\/en\/wp-json\/wp\/v2\/product_tag?post=2641"}],"curies":[{"name":"wp","href":"https:\/\/api.w.org\/{rel}","templated":true}]}}