{"id":2639,"date":"2024-09-10T06:56:22","date_gmt":"2024-09-10T06:56:22","guid":{"rendered":"https:\/\/filatelia.cuentista.es\/product\/sello-uruguay-overprint-servicio-aereo-8-centimos-rojo-usado"},"modified":"2024-09-10T06:59:11","modified_gmt":"2024-09-10T06:59:11","slug":"sello-uruguay-overprint-servicio-aereo-8-centimos-rojo-usado","status":"publish","type":"product","link":"https:\/\/filatelia.cuentista.es\/en\/product\/sello-uruguay-overprint-servicio-aereo-8-centimos-rojo-usado","title":{"rendered":"Sello Uruguay 1946 &#8211; Overprint Servicio A\u00e9reo y Aeroplano &#8211; 8 c\u00e9ntimos rojo usado"},"content":{"rendered":"<p>Pa\u00eds:<\/p>\n<p>Uruguay<\/p>\n<p>Serie:<\/p>\n<p>Overprint in black \u00abSERVICIO AEREO\u00bb and airplane<\/p>\n<p>C\u00f3digo de cat\u00e1logo:<\/p>\n<p>Michel UY 684<\/p>\n<p>Stamp Number UY C121<\/p>\n<p>Yvert et Tellier UY PA116<\/p>\n<p>Stanley Gibbons UY 928<\/p>\n<p>Ciardi UY A116<\/p>\n<p>Tiene variantes menores: 10<\/p>\n<p>Temas:<\/p>\n<p>Aviaci\u00f3n | Aviones | Caballos | Escudo de Armas | Servicios Postales<\/p>\n<p>Fecha emisi\u00f3n:<\/p>\n<p>1946-10-30<\/p>\n<p>Tama\u00f1o:<\/p>\n<p>21 x 27 mm<\/p>\n<p>Colores:<\/p>\n<p>Carm\u00edn<\/p>\n<p>Marca de agua:<\/p>\n<p>Sin Marca de agua<\/p>\n<p>Impresores\/Imprentas:<\/p>\n<p>Imprenta Nacional, Montevideo<\/p>\n<p>Formato:<\/p>\n<p>Sello<\/p>\n<p>Emisi\u00f3n:<\/p>\n<p>Correo A\u00e9reo<\/p>\n<p>Perforaci\u00f3n:<\/p>\n<p>12\u00bd<\/p>\n<p>Impresi\u00f3n:<\/p>\n<p>Litograf\u00eda<\/p>\n<p>Papel:<\/p>\n<p>Medium<\/p>\n<p>Valor facial:<\/p>\n<p>8 Cent\u00e9simo Uruguayo<\/p>\n<p>Tiraje:<\/p>\n<p>1.500.000<\/p>","protected":false},"excerpt":{"rendered":"<p>Pa\u00eds: Uruguay Serie: Overprint in black \u00abSERVICIO AEREO\u00bb and airplane C\u00f3digo de cat\u00e1logo: Michel UY 684 Stamp Number UY C121 Yvert et Tellier UY PA116 Stanley Gibbons UY 928 Ciardi UY A116 Tiene variantes menores: 10 Temas: Aviaci\u00f3n | Aviones | Caballos | Escudo de Armas | Servicios Postales Fecha emisi\u00f3n: 1946-10-30 Tama\u00f1o: 21 x &hellip;<\/p>\n<p class=\"read-more\"> <a class=\"thunk-readmore button\" href=\"https:\/\/filatelia.cuentista.es\/en\/product\/sello-uruguay-overprint-servicio-aereo-8-centimos-rojo-usado\"> <span class=\"screen-reader-text\">Sello Uruguay 1946 &#8211; Overprint Servicio A\u00e9reo y Aeroplano &#8211; 8 c\u00e9ntimos rojo usado<\/span>Read More<\/a><\/p>","protected":false},"featured_media":2638,"comment_status":"open","ping_status":"closed","template":"","meta":{"_acf_changed":false},"product_brand":[],"product_cat":[815,763,20],"product_tag":[],"class_list":{"0":"post-2639","1":"product","2":"type-product","3":"status-publish","4":"has-post-thumbnail","6":"product_cat-correo-aereo","7":"product_cat-uruguay","8":"product_cat-sellos-usados","9":"thunk-woo-product-list","10":"opn-qv-enable","11":"open-woo-hover-zoom","12":"open-single-product-tab-horizontal","13":"open-shadow-","14":"open-shadow-hover-","16":"first","17":"instock","18":"sale","19":"shipping-taxable","20":"purchasable","21":"product-type-simple"},"acf":[],"jetpack_sharing_enabled":true,"_links":{"self":[{"href":"https:\/\/filatelia.cuentista.es\/en\/wp-json\/wp\/v2\/product\/2639","targetHints":{"allow":["GET"]}}],"collection":[{"href":"https:\/\/filatelia.cuentista.es\/en\/wp-json\/wp\/v2\/product"}],"about":[{"href":"https:\/\/filatelia.cuentista.es\/en\/wp-json\/wp\/v2\/types\/product"}],"replies":[{"embeddable":true,"href":"https:\/\/filatelia.cuentista.es\/en\/wp-json\/wp\/v2\/comments?post=2639"}],"wp:featuredmedia":[{"embeddable":true,"href":"https:\/\/filatelia.cuentista.es\/en\/wp-json\/wp\/v2\/media\/2638"}],"wp:attachment":[{"href":"https:\/\/filatelia.cuentista.es\/en\/wp-json\/wp\/v2\/media?parent=2639"}],"wp:term":[{"taxonomy":"product_brand","embeddable":true,"href":"https:\/\/filatelia.cuentista.es\/en\/wp-json\/wp\/v2\/product_brand?post=2639"},{"taxonomy":"product_cat","embeddable":true,"href":"https:\/\/filatelia.cuentista.es\/en\/wp-json\/wp\/v2\/product_cat?post=2639"},{"taxonomy":"product_tag","embeddable":true,"href":"https:\/\/filatelia.cuentista.es\/en\/wp-json\/wp\/v2\/product_tag?post=2639"}],"curies":[{"name":"wp","href":"https:\/\/api.w.org\/{rel}","templated":true}]}}