{"id":2633,"date":"2024-09-09T20:40:19","date_gmt":"2024-09-09T20:40:19","guid":{"rendered":"https:\/\/filatelia.cuentista.es\/product\/sello-uruguay-santiago-vasquez-5-milesimos-nuevo-gris"},"modified":"2024-09-09T20:43:55","modified_gmt":"2024-09-09T20:43:55","slug":"sello-uruguay-santiago-vasquez-5-milesimos-nuevo-gris","status":"publish","type":"product","link":"https:\/\/filatelia.cuentista.es\/en\/product\/sello-uruguay-santiago-vasquez-5-milesimos-nuevo-gris","title":{"rendered":"Sello Uruguay &#8211; Santiago Vasquez- 5 Mil\u00e9simos- Nuevo, variante gris"},"content":{"rendered":"<p>Pa\u00eds:<\/p>\n<p>Uruguay<\/p>\n<p>Serie:<\/p>\n<p>Personalities<\/p>\n<p>C\u00f3digo de cat\u00e1logo:<\/p>\n<p>Michel UY 669<\/p>\n<p>Stamp Number UY 538<\/p>\n<p>Yvert et Tellier UY 560<\/p>\n<p>Stanley Gibbons UY 905<\/p>\n<p>Ciardi UY 560<\/p>\n<p>Tiene variantes menores: 4<\/p>\n<p>Temas:<\/p>\n<p>Hombres | Personajes Famosos | Pol\u00edticos<\/p>\n<p>Fecha emisi\u00f3n:<\/p>\n<p>1946-05-17<\/p>\n<p>Colores:<\/p>\n<p>Violeta<\/p>\n<p>Marca de agua:<\/p>\n<p>Sin Marca de agua<\/p>\n<p>Impresores\/Imprentas:<\/p>\n<p>Impresora Uruguaya Colombino S.A.<\/p>\n<p>Formato:<\/p>\n<p>Sello<\/p>\n<p>Emisi\u00f3n:<\/p>\n<p>Definitivo<\/p>\n<p>Perforaci\u00f3n:<\/p>\n<p>11<\/p>\n<p>Impresi\u00f3n:<\/p>\n<p>Rebaje<\/p>\n<p>Papel:<\/p>\n<p>thick<\/p>\n<p>Valor facial:<\/p>\n<p>5 Mil\u00e9simo Uruguayo<\/p>\n<p>Tiraje:<\/p>\n<p>7.000.000<\/p>\n<p><a href=\"https:\/\/colnect.com\/stamps\/stamp\/483284\">https:\/\/colnect.com\/stamps\/stamp\/483284<\/a><\/p>","protected":false},"excerpt":{"rendered":"<p>Pa\u00eds: Uruguay Serie: Personalities C\u00f3digo de cat\u00e1logo: Michel UY 669 Stamp Number UY 538 Yvert et Tellier UY 560 Stanley Gibbons UY 905 Ciardi UY 560 Tiene variantes menores: 4 Temas: Hombres | Personajes Famosos | Pol\u00edticos Fecha emisi\u00f3n: 1946-05-17 Colores: Violeta Marca de agua: Sin Marca de agua Impresores\/Imprentas: Impresora Uruguaya Colombino S.A. Formato: &hellip;<\/p>\n<p class=\"read-more\"> <a class=\"thunk-readmore button\" href=\"https:\/\/filatelia.cuentista.es\/en\/product\/sello-uruguay-santiago-vasquez-5-milesimos-nuevo-gris\"> <span class=\"screen-reader-text\">Sello Uruguay &#8211; Santiago Vasquez- 5 Mil\u00e9simos- Nuevo, variante gris<\/span>Read More<\/a><\/p>","protected":false},"featured_media":2632,"comment_status":"open","ping_status":"closed","template":"","meta":{"_acf_changed":false},"product_brand":[],"product_cat":[763,21],"product_tag":[],"class_list":{"0":"post-2633","1":"product","2":"type-product","3":"status-publish","4":"has-post-thumbnail","6":"product_cat-uruguay","7":"product_cat-sellos-nuevos","8":"thunk-woo-product-list","9":"opn-qv-enable","10":"open-woo-hover-zoom","11":"open-single-product-tab-horizontal","12":"open-shadow-","13":"open-shadow-hover-","15":"first","16":"instock","17":"sale","18":"shipping-taxable","19":"purchasable","20":"product-type-simple"},"acf":[],"jetpack_sharing_enabled":true,"_links":{"self":[{"href":"https:\/\/filatelia.cuentista.es\/en\/wp-json\/wp\/v2\/product\/2633","targetHints":{"allow":["GET"]}}],"collection":[{"href":"https:\/\/filatelia.cuentista.es\/en\/wp-json\/wp\/v2\/product"}],"about":[{"href":"https:\/\/filatelia.cuentista.es\/en\/wp-json\/wp\/v2\/types\/product"}],"replies":[{"embeddable":true,"href":"https:\/\/filatelia.cuentista.es\/en\/wp-json\/wp\/v2\/comments?post=2633"}],"wp:featuredmedia":[{"embeddable":true,"href":"https:\/\/filatelia.cuentista.es\/en\/wp-json\/wp\/v2\/media\/2632"}],"wp:attachment":[{"href":"https:\/\/filatelia.cuentista.es\/en\/wp-json\/wp\/v2\/media?parent=2633"}],"wp:term":[{"taxonomy":"product_brand","embeddable":true,"href":"https:\/\/filatelia.cuentista.es\/en\/wp-json\/wp\/v2\/product_brand?post=2633"},{"taxonomy":"product_cat","embeddable":true,"href":"https:\/\/filatelia.cuentista.es\/en\/wp-json\/wp\/v2\/product_cat?post=2633"},{"taxonomy":"product_tag","embeddable":true,"href":"https:\/\/filatelia.cuentista.es\/en\/wp-json\/wp\/v2\/product_tag?post=2633"}],"curies":[{"name":"wp","href":"https:\/\/api.w.org\/{rel}","templated":true}]}}