{"id":2625,"date":"2024-09-09T20:20:41","date_gmt":"2024-09-09T20:20:41","guid":{"rendered":"https:\/\/filatelia.cuentista.es\/product\/sello-uruguay-1877-numero-cinco-5-centesimos-verde-usado"},"modified":"2024-09-09T20:22:10","modified_gmt":"2024-09-09T20:22:10","slug":"sello-uruguay-1877-numero-cinco-5-centesimos-verde-usado","status":"publish","type":"product","link":"https:\/\/filatelia.cuentista.es\/en\/product\/sello-uruguay-1877-numero-cinco-5-centesimos-verde-usado","title":{"rendered":"Sello Uruguay 1877 &#8211; N\u00famero Cinco &#8211; 5 cent\u00e9simos verde, usado"},"content":{"rendered":"<p>Pa\u00eds:<\/p>\n<p>Uruguay<\/p>\n<p>Serie:<\/p>\n<p>Numerals in Frames<\/p>\n<p>C\u00f3digo de cat\u00e1logo:<\/p>\n<p>Michel UY 38x<\/p>\n<p>Stamp Number UY 40<\/p>\n<p>Yvert et Tellier UY 40<\/p>\n<p>Stanley Gibbons UY 43<\/p>\n<p>Ciardi UY 40<\/p>\n<p>Variantes:<\/p>\n<p>Click para ver variantes<\/p>\n<p>Tiene variantes menores: 4<\/p>\n<p>Temas:<\/p>\n<p>N\u00fameros<\/p>\n<p>Fecha emisi\u00f3n:<\/p>\n<p>1877-01-08<\/p>\n<p>Fecha de caducidad:<\/p>\n<p>1882-07-15<\/p>\n<p>Colores:<\/p>\n<p>Verde<\/p>\n<p>Marca de agua:<\/p>\n<p>Sin Marca de agua<\/p>\n<p>Impresores\/Imprentas:<\/p>\n<p>American Bank Note Co.<\/p>\n<p>Formato:<\/p>\n<p>Sello<\/p>\n<p>Emisi\u00f3n:<\/p>\n<p>Definitivo<\/p>\n<p>Perforaci\u00f3n:<\/p>\n<p>Ruleta8<\/p>\n<p>Impresi\u00f3n:<\/p>\n<p>Tipograf\u00eda<\/p>\n<p>Papel:<\/p>\n<p>thin<\/p>\n<p>Valor facial:<\/p>\n<p>5 Cent\u00e9simo Uruguayo<\/p>\n<p>Tiraje:<\/p>\n<p>300.000<\/p>","protected":false},"excerpt":{"rendered":"<p>Pa\u00eds: Uruguay Serie: Numerals in Frames C\u00f3digo de cat\u00e1logo: Michel UY 38x Stamp Number UY 40 Yvert et Tellier UY 40 Stanley Gibbons UY 43 Ciardi UY 40 Variantes: Click para ver variantes Tiene variantes menores: 4 Temas: N\u00fameros Fecha emisi\u00f3n: 1877-01-08 Fecha de caducidad: 1882-07-15 Colores: Verde Marca de agua: Sin Marca de agua &hellip;<\/p>\n<p class=\"read-more\"> <a class=\"thunk-readmore button\" href=\"https:\/\/filatelia.cuentista.es\/en\/product\/sello-uruguay-1877-numero-cinco-5-centesimos-verde-usado\"> <span class=\"screen-reader-text\">Sello Uruguay 1877 &#8211; N\u00famero Cinco &#8211; 5 cent\u00e9simos verde, usado<\/span>Read More<\/a><\/p>","protected":false},"featured_media":2624,"comment_status":"open","ping_status":"closed","template":"","meta":{"_acf_changed":false},"product_brand":[],"product_cat":[763,20],"product_tag":[],"class_list":{"0":"post-2625","1":"product","2":"type-product","3":"status-publish","4":"has-post-thumbnail","6":"product_cat-uruguay","7":"product_cat-sellos-usados","8":"thunk-woo-product-list","9":"opn-qv-enable","10":"open-woo-hover-zoom","11":"open-single-product-tab-horizontal","12":"open-shadow-","13":"open-shadow-hover-","15":"first","16":"instock","17":"sale","18":"shipping-taxable","19":"purchasable","20":"product-type-simple"},"acf":[],"jetpack_sharing_enabled":true,"_links":{"self":[{"href":"https:\/\/filatelia.cuentista.es\/en\/wp-json\/wp\/v2\/product\/2625","targetHints":{"allow":["GET"]}}],"collection":[{"href":"https:\/\/filatelia.cuentista.es\/en\/wp-json\/wp\/v2\/product"}],"about":[{"href":"https:\/\/filatelia.cuentista.es\/en\/wp-json\/wp\/v2\/types\/product"}],"replies":[{"embeddable":true,"href":"https:\/\/filatelia.cuentista.es\/en\/wp-json\/wp\/v2\/comments?post=2625"}],"wp:featuredmedia":[{"embeddable":true,"href":"https:\/\/filatelia.cuentista.es\/en\/wp-json\/wp\/v2\/media\/2624"}],"wp:attachment":[{"href":"https:\/\/filatelia.cuentista.es\/en\/wp-json\/wp\/v2\/media?parent=2625"}],"wp:term":[{"taxonomy":"product_brand","embeddable":true,"href":"https:\/\/filatelia.cuentista.es\/en\/wp-json\/wp\/v2\/product_brand?post=2625"},{"taxonomy":"product_cat","embeddable":true,"href":"https:\/\/filatelia.cuentista.es\/en\/wp-json\/wp\/v2\/product_cat?post=2625"},{"taxonomy":"product_tag","embeddable":true,"href":"https:\/\/filatelia.cuentista.es\/en\/wp-json\/wp\/v2\/product_tag?post=2625"}],"curies":[{"name":"wp","href":"https:\/\/api.w.org\/{rel}","templated":true}]}}