{"id":2622,"date":"2024-09-09T20:11:12","date_gmt":"2024-09-09T20:11:12","guid":{"rendered":"https:\/\/filatelia.cuentista.es\/product\/sello-uruguay-2-centesimos-usado"},"modified":"2024-09-09T20:15:31","modified_gmt":"2024-09-09T20:15:31","slug":"sello-uruguay-2-centesimos-usado","status":"publish","type":"product","link":"https:\/\/filatelia.cuentista.es\/en\/product\/sello-uruguay-2-centesimos-usado","title":{"rendered":"Sello Uruguay 1892 &#8211; Escudo de Armas &#8211; 2 cent\u00e9simos, usado"},"content":{"rendered":"<p>Pa\u00eds:<\/p>\n<p>Uruguay<\/p>\n<p>Serie:<\/p>\n<p>Definitives 1892<\/p>\n<p>C\u00f3digo de cat\u00e1logo:<\/p>\n<p>Michel UY 86<\/p>\n<p>Stamp Number UY 103<\/p>\n<p>Yvert et Tellier UY 89<\/p>\n<p>Stanley Gibbons UY 139<\/p>\n<p>Ciardi UY 89<\/p>\n<p>Sobreimpreso:<\/p>\n<p>Click para ver sobreimpresiones y recargos<\/p>\n<p>Tiene variantes menores: 9<\/p>\n<p>Temas:<\/p>\n<p>Caballos | Escalas (Balanzas) | Escudo de Armas<\/p>\n<p>Fecha emisi\u00f3n:<\/p>\n<p>1892-03-09<\/p>\n<p>Fecha de caducidad:<\/p>\n<p>1894-09-01<\/p>\n<p>Colores:<\/p>\n<p>Rosa<\/p>\n<p>Marca de agua:<\/p>\n<p>Sin Marca de agua<\/p>\n<p>Impresores\/Imprentas:<\/p>\n<p>Waterlow &amp; Sons Ltd<\/p>\n<p>Formato:<\/p>\n<p>Sello<\/p>\n<p>Emisi\u00f3n:<\/p>\n<p>Definitivo<\/p>\n<p>Perforaci\u00f3n:<\/p>\n<p>Varios<\/p>\n<p>Impresi\u00f3n:<\/p>\n<p>Rebaje<\/p>\n<p>Papel:<\/p>\n<p>white, medium<\/p>\n<p>Valor facial:<\/p>\n<p>2 Cent\u00e9simo Uruguayo<\/p>","protected":false},"excerpt":{"rendered":"<p>Pa\u00eds: Uruguay Serie: Definitives 1892 C\u00f3digo de cat\u00e1logo: Michel UY 86 Stamp Number UY 103 Yvert et Tellier UY 89 Stanley Gibbons UY 139 Ciardi UY 89 Sobreimpreso: Click para ver sobreimpresiones y recargos Tiene variantes menores: 9 Temas: Caballos | Escalas (Balanzas) | Escudo de Armas Fecha emisi\u00f3n: 1892-03-09 Fecha de caducidad: 1894-09-01 Colores: &hellip;<\/p>\n<p class=\"read-more\"> <a class=\"thunk-readmore button\" href=\"https:\/\/filatelia.cuentista.es\/en\/product\/sello-uruguay-2-centesimos-usado\"> <span class=\"screen-reader-text\">Sello Uruguay 1892 &#8211; Escudo de Armas &#8211; 2 cent\u00e9simos, usado<\/span>Read More<\/a><\/p>","protected":false},"featured_media":2621,"comment_status":"open","ping_status":"closed","template":"","meta":{"_acf_changed":false},"product_brand":[],"product_cat":[763,20],"product_tag":[],"class_list":{"0":"post-2622","1":"product","2":"type-product","3":"status-publish","4":"has-post-thumbnail","6":"product_cat-uruguay","7":"product_cat-sellos-usados","8":"thunk-woo-product-list","9":"opn-qv-enable","10":"open-woo-hover-zoom","11":"open-single-product-tab-horizontal","12":"open-shadow-","13":"open-shadow-hover-","15":"first","16":"instock","17":"sale","18":"shipping-taxable","19":"purchasable","20":"product-type-simple"},"acf":[],"jetpack_sharing_enabled":true,"_links":{"self":[{"href":"https:\/\/filatelia.cuentista.es\/en\/wp-json\/wp\/v2\/product\/2622","targetHints":{"allow":["GET"]}}],"collection":[{"href":"https:\/\/filatelia.cuentista.es\/en\/wp-json\/wp\/v2\/product"}],"about":[{"href":"https:\/\/filatelia.cuentista.es\/en\/wp-json\/wp\/v2\/types\/product"}],"replies":[{"embeddable":true,"href":"https:\/\/filatelia.cuentista.es\/en\/wp-json\/wp\/v2\/comments?post=2622"}],"wp:featuredmedia":[{"embeddable":true,"href":"https:\/\/filatelia.cuentista.es\/en\/wp-json\/wp\/v2\/media\/2621"}],"wp:attachment":[{"href":"https:\/\/filatelia.cuentista.es\/en\/wp-json\/wp\/v2\/media?parent=2622"}],"wp:term":[{"taxonomy":"product_brand","embeddable":true,"href":"https:\/\/filatelia.cuentista.es\/en\/wp-json\/wp\/v2\/product_brand?post=2622"},{"taxonomy":"product_cat","embeddable":true,"href":"https:\/\/filatelia.cuentista.es\/en\/wp-json\/wp\/v2\/product_cat?post=2622"},{"taxonomy":"product_tag","embeddable":true,"href":"https:\/\/filatelia.cuentista.es\/en\/wp-json\/wp\/v2\/product_tag?post=2622"}],"curies":[{"name":"wp","href":"https:\/\/api.w.org\/{rel}","templated":true}]}}