{"id":2620,"date":"2024-09-09T20:06:16","date_gmt":"2024-09-09T20:06:16","guid":{"rendered":"https:\/\/filatelia.cuentista.es\/product\/sello-uruguay-5-milesimos"},"modified":"2024-10-13T15:32:06","modified_gmt":"2024-10-13T15:32:06","slug":"sello-uruguay-5-milesimos","status":"publish","type":"product","link":"https:\/\/filatelia.cuentista.es\/en\/product\/sello-uruguay-5-milesimos","title":{"rendered":"Sello Uruguay 1919 &#8211; Bahia de Montevideo &#8211; 5 mil\u00e9simos"},"content":{"rendered":"<p>Pa\u00eds:<\/p>\n<p>Uruguay<\/p>\n<p>Serie:<\/p>\n<p>Harbour of Montevideo<\/p>\n<p>C\u00f3digo de cat\u00e1logo:<\/p>\n<p>Michel UY 225<\/p>\n<p>Stamp Number UY 225<\/p>\n<p>Yvert et Tellier UY 222<\/p>\n<p>Stanley Gibbons UY 349<\/p>\n<p>Ciardi UY 222<\/p>\n<p>Tiene variantes menores: 13<\/p>\n<p>Temas:<\/p>\n<p>Barcos | Monta\u00f1as | Paisajes | Puertos<\/p>\n<p>Fecha emisi\u00f3n:<\/p>\n<p>1919-07-09<\/p>\n<p>Tama\u00f1o:<\/p>\n<p>23 x 29 mm<\/p>\n<p>Colores:<\/p>\n<p>Pizarra | Violeta<\/p>\n<p>Marca de agua:<\/p>\n<p>Sin Marca de agua<\/p>\n<p>Impresores\/Imprentas:<\/p>\n<p>Imprenta Nacional, Montevideo<\/p>\n<p>Formato:<\/p>\n<p>Sello<\/p>\n<p>Emisi\u00f3n:<\/p>\n<p>Definitivo<\/p>\n<p>Perforaci\u00f3n:<\/p>\n<p>11\u00bd<\/p>\n<p>Impresi\u00f3n:<\/p>\n<p>Litograf\u00eda<\/p>\n<p>Papel:<\/p>\n<p>thin<\/p>\n<p>Valor facial:<\/p>\n<p>5 Mil\u00e9simo Uruguayo<\/p>\n<p>Tiraje:<\/p>\n<p>7.000.000<\/p>","protected":false},"excerpt":{"rendered":"<p>Pa\u00eds: Uruguay Serie: Harbour of Montevideo C\u00f3digo de cat\u00e1logo: Michel UY 225 Stamp Number UY 225 Yvert et Tellier UY 222 Stanley Gibbons UY 349 Ciardi UY 222 Tiene variantes menores: 13 Temas: Barcos | Monta\u00f1as | Paisajes | Puertos Fecha emisi\u00f3n: 1919-07-09 Tama\u00f1o: 23 x 29 mm Colores: Pizarra | Violeta Marca de agua: &hellip;<\/p>\n<p class=\"read-more\"> <a class=\"thunk-readmore button\" href=\"https:\/\/filatelia.cuentista.es\/en\/product\/sello-uruguay-5-milesimos\"> <span class=\"screen-reader-text\">Sello Uruguay 1919 &#8211; Bahia de Montevideo &#8211; 5 mil\u00e9simos<\/span>Read More<\/a><\/p>","protected":false},"featured_media":2619,"comment_status":"open","ping_status":"closed","template":"","meta":{"_acf_changed":false},"product_brand":[],"product_cat":[763,20],"product_tag":[960,766,1255],"class_list":{"0":"post-2620","1":"product","2":"type-product","3":"status-publish","4":"has-post-thumbnail","6":"product_cat-uruguay","7":"product_cat-sellos-usados","8":"product_tag-bahia","9":"product_tag-montevideo","10":"product_tag-paisaje","11":"thunk-woo-product-list","12":"opn-qv-enable","13":"open-woo-hover-zoom","14":"open-single-product-tab-horizontal","15":"open-shadow-","16":"open-shadow-hover-","18":"first","19":"instock","20":"shipping-taxable","21":"purchasable","22":"product-type-simple"},"acf":[],"jetpack_sharing_enabled":true,"_links":{"self":[{"href":"https:\/\/filatelia.cuentista.es\/en\/wp-json\/wp\/v2\/product\/2620","targetHints":{"allow":["GET"]}}],"collection":[{"href":"https:\/\/filatelia.cuentista.es\/en\/wp-json\/wp\/v2\/product"}],"about":[{"href":"https:\/\/filatelia.cuentista.es\/en\/wp-json\/wp\/v2\/types\/product"}],"replies":[{"embeddable":true,"href":"https:\/\/filatelia.cuentista.es\/en\/wp-json\/wp\/v2\/comments?post=2620"}],"wp:featuredmedia":[{"embeddable":true,"href":"https:\/\/filatelia.cuentista.es\/en\/wp-json\/wp\/v2\/media\/2619"}],"wp:attachment":[{"href":"https:\/\/filatelia.cuentista.es\/en\/wp-json\/wp\/v2\/media?parent=2620"}],"wp:term":[{"taxonomy":"product_brand","embeddable":true,"href":"https:\/\/filatelia.cuentista.es\/en\/wp-json\/wp\/v2\/product_brand?post=2620"},{"taxonomy":"product_cat","embeddable":true,"href":"https:\/\/filatelia.cuentista.es\/en\/wp-json\/wp\/v2\/product_cat?post=2620"},{"taxonomy":"product_tag","embeddable":true,"href":"https:\/\/filatelia.cuentista.es\/en\/wp-json\/wp\/v2\/product_tag?post=2620"}],"curies":[{"name":"wp","href":"https:\/\/api.w.org\/{rel}","templated":true}]}}