{"id":2618,"date":"2024-09-09T19:59:13","date_gmt":"2024-09-09T19:59:13","guid":{"rendered":"https:\/\/filatelia.cuentista.es\/product\/sello-uruguay-4-centesimos-usado"},"modified":"2024-09-09T20:05:00","modified_gmt":"2024-09-09T20:05:00","slug":"sello-uruguay-4-centesimos-usado","status":"publish","type":"product","link":"https:\/\/filatelia.cuentista.es\/en\/product\/sello-uruguay-4-centesimos-usado","title":{"rendered":"Sello Uruguay 1913 &#8211; Artigas y alegor\u00eda del progreso &#8211; 4 cent\u00e9simos, usado"},"content":{"rendered":"<p>Pa\u00eds:<\/p>\n<p>Uruguay<\/p>\n<p>Serie:<\/p>\n<p>Artigas &amp; Allegory of Progress Lithograph (1912-1918)<\/p>\n<p>C\u00f3digo de cat\u00e1logo:<\/p>\n<p>Michel UY 198a<\/p>\n<p>Stamp Number UY 204b<\/p>\n<p>Yvert et Tellier UY 202<\/p>\n<p>Stanley Gibbons UY 319<\/p>\n<p>Ciardi UY 202<\/p>\n<p>Variantes:<\/p>\n<p>Click para ver variantes<\/p>\n<p>Temas:<\/p>\n<p>Estadistas | Generales | Hombres | H\u00e9roes | Oficiales Militares | Personajes Famosos | Personajes de la Independencia<\/p>\n<p>Fecha emisi\u00f3n:<\/p>\n<p>1913-01-01<\/p>\n<p>Colores:<\/p>\n<p>Amarillo<\/p>\n<p>Marca de agua:<\/p>\n<p>Sin Marca de agua<\/p>\n<p>Impresores\/Imprentas:<\/p>\n<p>Imprenta Nacional, Montevideo<\/p>\n<p>Formato:<\/p>\n<p>Sello<\/p>\n<p>Emisi\u00f3n:<\/p>\n<p>Definitivo<\/p>\n<p>Perforaci\u00f3n:<\/p>\n<p>11\u00bd<\/p>\n<p>Impresi\u00f3n:<\/p>\n<p>Litograf\u00eda<\/p>\n<p>Valor facial:<\/p>\n<p>4 Cent\u00e9simo Uruguayo<\/p>\n<p>Tiraje:<\/p>\n<p>4.000.000<\/p>\n<p>Puntuaci\u00f3n:<\/p>\n<p>26% Precisi\u00f3n: Alta<\/p>\n<p>Descripci\u00f3n:<\/p>\n<p>WITHOUT IMPRINT.<\/p>\n<p>Primera emisi\u00f3n :<\/p>\n<p>Impresi\u00f3n borrosa.<\/p>\n<p>Tight background lines getting closer while approaching bottom part.<\/p>\n<p>Four horizontal lines above head.<\/p>\n<p>Squared background at left of the head ends three lines over the eyebrows.<\/p>\n<p>Number 4 is small<\/p>\n<p>Impreso en hojas de 100 sellos.<\/p>\n<p>Sn In error describes this as type II with large numeral 4<\/p>","protected":false},"excerpt":{"rendered":"<p>Pa\u00eds: Uruguay Serie: Artigas &amp; Allegory of Progress Lithograph (1912-1918) C\u00f3digo de cat\u00e1logo: Michel UY 198a Stamp Number UY 204b Yvert et Tellier UY 202 Stanley Gibbons UY 319 Ciardi UY 202 Variantes: Click para ver variantes Temas: Estadistas | Generales | Hombres | H\u00e9roes | Oficiales Militares | Personajes Famosos | Personajes de la &hellip;<\/p>\n<p class=\"read-more\"> <a class=\"thunk-readmore button\" href=\"https:\/\/filatelia.cuentista.es\/en\/product\/sello-uruguay-4-centesimos-usado\"> <span class=\"screen-reader-text\">Sello Uruguay 1913 &#8211; Artigas y alegor\u00eda del progreso &#8211; 4 cent\u00e9simos, usado<\/span>Read More<\/a><\/p>","protected":false},"featured_media":2617,"comment_status":"open","ping_status":"closed","template":"","meta":{"_acf_changed":false},"product_brand":[],"product_cat":[763,20],"product_tag":[],"class_list":{"0":"post-2618","1":"product","2":"type-product","3":"status-publish","4":"has-post-thumbnail","6":"product_cat-uruguay","7":"product_cat-sellos-usados","8":"thunk-woo-product-list","9":"opn-qv-enable","10":"open-woo-hover-zoom","11":"open-single-product-tab-horizontal","12":"open-shadow-","13":"open-shadow-hover-","15":"first","16":"instock","17":"sale","18":"shipping-taxable","19":"purchasable","20":"product-type-simple"},"acf":[],"jetpack_sharing_enabled":true,"_links":{"self":[{"href":"https:\/\/filatelia.cuentista.es\/en\/wp-json\/wp\/v2\/product\/2618","targetHints":{"allow":["GET"]}}],"collection":[{"href":"https:\/\/filatelia.cuentista.es\/en\/wp-json\/wp\/v2\/product"}],"about":[{"href":"https:\/\/filatelia.cuentista.es\/en\/wp-json\/wp\/v2\/types\/product"}],"replies":[{"embeddable":true,"href":"https:\/\/filatelia.cuentista.es\/en\/wp-json\/wp\/v2\/comments?post=2618"}],"wp:featuredmedia":[{"embeddable":true,"href":"https:\/\/filatelia.cuentista.es\/en\/wp-json\/wp\/v2\/media\/2617"}],"wp:attachment":[{"href":"https:\/\/filatelia.cuentista.es\/en\/wp-json\/wp\/v2\/media?parent=2618"}],"wp:term":[{"taxonomy":"product_brand","embeddable":true,"href":"https:\/\/filatelia.cuentista.es\/en\/wp-json\/wp\/v2\/product_brand?post=2618"},{"taxonomy":"product_cat","embeddable":true,"href":"https:\/\/filatelia.cuentista.es\/en\/wp-json\/wp\/v2\/product_cat?post=2618"},{"taxonomy":"product_tag","embeddable":true,"href":"https:\/\/filatelia.cuentista.es\/en\/wp-json\/wp\/v2\/product_tag?post=2618"}],"curies":[{"name":"wp","href":"https:\/\/api.w.org\/{rel}","templated":true}]}}