{"id":2610,"date":"2024-09-09T11:00:35","date_gmt":"2024-09-09T11:00:35","guid":{"rendered":"https:\/\/filatelia.cuentista.es\/product\/sello-uruguay-mujer-con-oveja-10-centesimos-usado"},"modified":"2024-09-09T11:03:03","modified_gmt":"2024-09-09T11:03:03","slug":"sello-uruguay-mujer-con-oveja-10-centesimos-usado","status":"publish","type":"product","link":"https:\/\/filatelia.cuentista.es\/en\/product\/sello-uruguay-mujer-con-oveja-10-centesimos-usado","title":{"rendered":"Sello Uruguay 1901 &#8211; Mujer con Oveja &#8211; 10 cent\u00e9simos usado"},"content":{"rendered":"<p>Pa\u00eds:<\/p>\n<p>Uruguay<\/p>\n<p>Serie:<\/p>\n<p>Definitives 1900-1901<\/p>\n<p>C\u00f3digo de cat\u00e1logo:<\/p>\n<p>Michel UY 153<\/p>\n<p>Stamp Number UY 156<\/p>\n<p>Yvert et Tellier UY 156<\/p>\n<p>Stanley Gibbons UY 234<\/p>\n<p>Ciardi UY 156<\/p>\n<p>Sobreimpreso:<\/p>\n<p>Click para ver sobreimpresiones y recargos<\/p>\n<p>Tiene variantes menores: 7<\/p>\n<p>Temas:<\/p>\n<p>Animales (Fauna) | Mam\u00edferos | Ovejas<\/p>\n<p>Fecha emisi\u00f3n:<\/p>\n<p>1901-02-11<\/p>\n<p>Fecha de caducidad:<\/p>\n<p>1908-10-10<\/p>\n<p>Tama\u00f1o:<\/p>\n<p>23 x 28 mm<\/p>\n<p>Colores:<\/p>\n<p>P\u00farpura oscuro<\/p>\n<p>Marca de agua:<\/p>\n<p>Sin Marca de agua<\/p>\n<p>Impresores\/Imprentas:<\/p>\n<p>Waterlow &amp; Sons Ltd<\/p>\n<p>Formato:<\/p>\n<p>Sello<\/p>\n<p>Emisi\u00f3n:<\/p>\n<p>Definitivo<\/p>\n<p>Perforaci\u00f3n:<\/p>\n<p>Varios<\/p>\n<p>Impresi\u00f3n:<\/p>\n<p>Rebaje<\/p>\n<p>Papel:<\/p>\n<p>Medium<\/p>\n<p>Valor facial:<\/p>\n<p>10 Cent\u00e9simo Uruguayo<\/p>","protected":false},"excerpt":{"rendered":"<p>Pa\u00eds: Uruguay Serie: Definitives 1900-1901 C\u00f3digo de cat\u00e1logo: Michel UY 153 Stamp Number UY 156 Yvert et Tellier UY 156 Stanley Gibbons UY 234 Ciardi UY 156 Sobreimpreso: Click para ver sobreimpresiones y recargos Tiene variantes menores: 7 Temas: Animales (Fauna) | Mam\u00edferos | Ovejas Fecha emisi\u00f3n: 1901-02-11 Fecha de caducidad: 1908-10-10 Tama\u00f1o: 23 x &hellip;<\/p>\n<p class=\"read-more\"> <a class=\"thunk-readmore button\" href=\"https:\/\/filatelia.cuentista.es\/en\/product\/sello-uruguay-mujer-con-oveja-10-centesimos-usado\"> <span class=\"screen-reader-text\">Sello Uruguay 1901 &#8211; Mujer con Oveja &#8211; 10 cent\u00e9simos usado<\/span>Read More<\/a><\/p>","protected":false},"featured_media":2609,"comment_status":"open","ping_status":"closed","template":"","meta":{"_acf_changed":false},"product_brand":[],"product_cat":[763,20],"product_tag":[1139,945,1254,1161],"class_list":{"0":"post-2610","1":"product","2":"type-product","3":"status-publish","4":"has-post-thumbnail","6":"product_cat-uruguay","7":"product_cat-sellos-usados","8":"product_tag-animal","9":"product_tag-fauna","10":"product_tag-ganaderia","11":"product_tag-oveja","12":"thunk-woo-product-list","13":"opn-qv-enable","14":"open-woo-hover-zoom","15":"open-single-product-tab-horizontal","16":"open-shadow-","17":"open-shadow-hover-","19":"first","20":"instock","21":"sale","22":"shipping-taxable","23":"purchasable","24":"product-type-simple"},"acf":[],"jetpack_sharing_enabled":true,"_links":{"self":[{"href":"https:\/\/filatelia.cuentista.es\/en\/wp-json\/wp\/v2\/product\/2610","targetHints":{"allow":["GET"]}}],"collection":[{"href":"https:\/\/filatelia.cuentista.es\/en\/wp-json\/wp\/v2\/product"}],"about":[{"href":"https:\/\/filatelia.cuentista.es\/en\/wp-json\/wp\/v2\/types\/product"}],"replies":[{"embeddable":true,"href":"https:\/\/filatelia.cuentista.es\/en\/wp-json\/wp\/v2\/comments?post=2610"}],"wp:featuredmedia":[{"embeddable":true,"href":"https:\/\/filatelia.cuentista.es\/en\/wp-json\/wp\/v2\/media\/2609"}],"wp:attachment":[{"href":"https:\/\/filatelia.cuentista.es\/en\/wp-json\/wp\/v2\/media?parent=2610"}],"wp:term":[{"taxonomy":"product_brand","embeddable":true,"href":"https:\/\/filatelia.cuentista.es\/en\/wp-json\/wp\/v2\/product_brand?post=2610"},{"taxonomy":"product_cat","embeddable":true,"href":"https:\/\/filatelia.cuentista.es\/en\/wp-json\/wp\/v2\/product_cat?post=2610"},{"taxonomy":"product_tag","embeddable":true,"href":"https:\/\/filatelia.cuentista.es\/en\/wp-json\/wp\/v2\/product_tag?post=2610"}],"curies":[{"name":"wp","href":"https:\/\/api.w.org\/{rel}","templated":true}]}}