{"id":2608,"date":"2024-09-09T05:59:26","date_gmt":"2024-09-09T05:59:26","guid":{"rendered":"https:\/\/filatelia.cuentista.es\/product\/sello-uruguay-1897-definitivo-electricidad-10-centesimos-usado"},"modified":"2024-09-09T05:59:26","modified_gmt":"2024-09-09T05:59:26","slug":"sello-uruguay-1897-definitivo-electricidad-10-centesimos-usado","status":"publish","type":"product","link":"https:\/\/filatelia.cuentista.es\/en\/product\/sello-uruguay-1897-definitivo-electricidad-10-centesimos-usado","title":{"rendered":"Sello Uruguay 1897 &#8211; Definitivo Electricidad &#8211; 10 cent\u00e9simos usado"},"content":{"rendered":"<p>Pa\u00eds:<\/p>\n<p>Uruguay<\/p>\n<p>Serie:<\/p>\n<p>Definitives 1897<\/p>\n<p>C\u00f3digo de cat\u00e1logo:<\/p>\n<p>Michel UY 121<\/p>\n<p>Stamp Number UY 136<\/p>\n<p>Yvert et Tellier UY 124<\/p>\n<p>Stanley Gibbons UY 187<\/p>\n<p>Ciardi UY 124<\/p>\n<p>Variantes:<\/p>\n<p>Click para ver variantes<\/p>\n<p>Sobreimpreso:<\/p>\n<p>Click para ver sobreimpresiones y recargos<\/p>\n<p>Tiene variantes menores: 3<\/p>\n<p>Temas:<\/p>\n<p>Electricidad | S\u00edmbolos<\/p>\n<p>Fecha emisi\u00f3n:<\/p>\n<p>1897-09-26<\/p>\n<p>Fecha de caducidad:<\/p>\n<p>1899-10-01<\/p>\n<p>Colores:<\/p>\n<p>Bermell\u00f3n<\/p>\n<p>Marca de agua:<\/p>\n<p>Sin Marca de agua<\/p>\n<p>Impresores\/Imprentas:<\/p>\n<p>Waterlow &amp; Sons Ltd<\/p>\n<p>Formato:<\/p>\n<p>Sello<\/p>\n<p>Emisi\u00f3n:<\/p>\n<p>Definitivo<\/p>\n<p>Perforaci\u00f3n:<\/p>\n<p>Varios<\/p>\n<p>Impresi\u00f3n:<\/p>\n<p>Rebaje<\/p>\n<p>Papel:<\/p>\n<p>Medium<\/p>\n<p>Valor facial:<\/p>\n<p>10 Cent\u00e9simo Uruguayo<\/p>\n<p>Puntuaci\u00f3n:<\/p>\n<p>31% Precisi\u00f3n: Media<\/p>\n<p>Descripci\u00f3n:<\/p>\n<p>Perforaciones: 14;14,5;15 o 15,5<\/p>\n<p>(MI: 13-15,5; YT 12,5-15).<\/p>","protected":false},"excerpt":{"rendered":"<p>Pa\u00eds: Uruguay Serie: Definitives 1897 C\u00f3digo de cat\u00e1logo: Michel UY 121 Stamp Number UY 136 Yvert et Tellier UY 124 Stanley Gibbons UY 187 Ciardi UY 124 Variantes: Click para ver variantes Sobreimpreso: Click para ver sobreimpresiones y recargos Tiene variantes menores: 3 Temas: Electricidad | S\u00edmbolos Fecha emisi\u00f3n: 1897-09-26 Fecha de caducidad: 1899-10-01 Colores: &hellip;<\/p>\n<p class=\"read-more\"> <a class=\"thunk-readmore button\" href=\"https:\/\/filatelia.cuentista.es\/en\/product\/sello-uruguay-1897-definitivo-electricidad-10-centesimos-usado\"> <span class=\"screen-reader-text\">Sello Uruguay 1897 &#8211; Definitivo Electricidad &#8211; 10 cent\u00e9simos usado<\/span>Read More<\/a><\/p>","protected":false},"featured_media":2607,"comment_status":"open","ping_status":"closed","template":"","meta":{"_acf_changed":false},"product_brand":[],"product_cat":[763,20],"product_tag":[1252,1253],"class_list":{"0":"post-2608","1":"product","2":"type-product","3":"status-publish","4":"has-post-thumbnail","6":"product_cat-uruguay","7":"product_cat-sellos-usados","8":"product_tag-alegoria","9":"product_tag-electricidad","10":"thunk-woo-product-list","11":"opn-qv-enable","12":"open-woo-hover-zoom","13":"open-single-product-tab-horizontal","14":"open-shadow-","15":"open-shadow-hover-","17":"first","18":"instock","19":"sale","20":"shipping-taxable","21":"purchasable","22":"product-type-simple"},"acf":[],"jetpack_sharing_enabled":true,"_links":{"self":[{"href":"https:\/\/filatelia.cuentista.es\/en\/wp-json\/wp\/v2\/product\/2608","targetHints":{"allow":["GET"]}}],"collection":[{"href":"https:\/\/filatelia.cuentista.es\/en\/wp-json\/wp\/v2\/product"}],"about":[{"href":"https:\/\/filatelia.cuentista.es\/en\/wp-json\/wp\/v2\/types\/product"}],"replies":[{"embeddable":true,"href":"https:\/\/filatelia.cuentista.es\/en\/wp-json\/wp\/v2\/comments?post=2608"}],"wp:featuredmedia":[{"embeddable":true,"href":"https:\/\/filatelia.cuentista.es\/en\/wp-json\/wp\/v2\/media\/2607"}],"wp:attachment":[{"href":"https:\/\/filatelia.cuentista.es\/en\/wp-json\/wp\/v2\/media?parent=2608"}],"wp:term":[{"taxonomy":"product_brand","embeddable":true,"href":"https:\/\/filatelia.cuentista.es\/en\/wp-json\/wp\/v2\/product_brand?post=2608"},{"taxonomy":"product_cat","embeddable":true,"href":"https:\/\/filatelia.cuentista.es\/en\/wp-json\/wp\/v2\/product_cat?post=2608"},{"taxonomy":"product_tag","embeddable":true,"href":"https:\/\/filatelia.cuentista.es\/en\/wp-json\/wp\/v2\/product_tag?post=2608"}],"curies":[{"name":"wp","href":"https:\/\/api.w.org\/{rel}","templated":true}]}}