{"id":2606,"date":"2024-09-08T18:27:36","date_gmt":"2024-09-08T18:27:36","guid":{"rendered":"https:\/\/filatelia.cuentista.es\/product\/sobre-primer-dia-espana-1996-centenario-del-cine-espanol"},"modified":"2024-09-08T18:27:36","modified_gmt":"2024-09-08T18:27:36","slug":"sobre-primer-dia-espana-1996-centenario-del-cine-espanol","status":"publish","type":"product","link":"https:\/\/filatelia.cuentista.es\/en\/product\/sobre-primer-dia-espana-1996-centenario-del-cine-espanol","title":{"rendered":"Sobre Primer D\u00eda Espa\u00f1a 1996 &#8211; Centenario del Cine Espa\u00f1ol"},"content":{"rendered":"<p>Sobre de primer d\u00eda correo espa\u00f1ol con dos valores de 60 y 30 pesetas<\/p>\n<p>Nuevo sin circular<\/p>\n<p>Emisi\u00f3n 30 de Enero de 1996<\/p>\n<p>Sello de Barcelona<\/p>\n<p>Los sellos; uno de la pel\u00edcula bienvenido Mister Marshal y el otro de una escena de la salida de misa del pilar en Zaragoza<\/p>\n<p><a href=\"https:\/\/colnect.com\/stamps\/stamp\/73544\">https:\/\/colnect.com\/stamps\/stamp\/73544<\/a><\/p>\n<p><a href=\"https:\/\/colnect.com\/stamps\/stamp\/73545\">https:\/\/colnect.com\/stamps\/stamp\/73545<\/a><\/p>\n<p>Poster for \u00abBienvenido, Mister Marshall!\u00bb<\/p>\n<p><img class=\"size-full\"><\/p>\n<p>Pa\u00eds:<\/p>\n<p>Espa\u00f1a<\/p>\n<p>Serie:<\/p>\n<p>Centenary of Motion pictures<\/p>\n<p>C\u00f3digo de cat\u00e1logo:<\/p>\n<p>Michel ES 3258<\/p>\n<p>Stamp Number ES 2841<\/p>\n<p>Yvert et Tellier ES 2992<\/p>\n<p>Stanley Gibbons ES 3365<\/p>\n<p>AFA n\u00famero ES 3339<\/p>\n<p>Edifil ES 3407<\/p>\n<p>1st Spanish film, 1896 (Leaving Mass at Pilar de Zaragoza)<\/p>\n<p><img class=\"size-full\"><\/p>\n<p>Pa\u00eds:<\/p>\n<p>Espa\u00f1a<\/p>\n<p>Serie:<\/p>\n<p>Centenary of Motion pictures<\/p>\n<p>C\u00f3digo de cat\u00e1logo:<\/p>\n<p>Michel ES 3257<\/p>\n<p>Stamp Number ES 2840<\/p>\n<p>Yvert et Tellier ES 2991<\/p>\n<p>Stanley Gibbons ES 3364<\/p>\n<p>AFA n\u00famero ES 3338<\/p>\n<p>Edifil ES 3406<\/p>\n<p>Temas:<\/p>\n<p>Aniversarios y Jubileos | Pel\u00edculas<\/p>\n<p>Fecha emisi\u00f3n:<\/p>\n<p>1996-01-30<\/p>","protected":false},"excerpt":{"rendered":"<p>Sobre de primer d\u00eda correo espa\u00f1ol con dos valores de 60 y 30 pesetas Nuevo sin circular Emisi\u00f3n 30 de Enero de 1996 Sello de Barcelona Los sellos; uno de la pel\u00edcula bienvenido Mister Marshal y el otro de una escena de la salida de misa del pilar en Zaragoza https:\/\/colnect.com\/stamps\/stamp\/73544 https:\/\/colnect.com\/stamps\/stamp\/73545 Poster for \u00abBienvenido, &hellip;<\/p>\n<p class=\"read-more\"> <a class=\"thunk-readmore button\" href=\"https:\/\/filatelia.cuentista.es\/en\/product\/sobre-primer-dia-espana-1996-centenario-del-cine-espanol\"> <span class=\"screen-reader-text\">Sobre Primer D\u00eda Espa\u00f1a 1996 &#8211; Centenario del Cine Espa\u00f1ol<\/span>Read More<\/a><\/p>","protected":false},"featured_media":2605,"comment_status":"open","ping_status":"closed","template":"","meta":{"_acf_changed":false},"product_brand":[],"product_cat":[663,19],"product_tag":[552,190,189],"class_list":{"0":"post-2606","1":"product","2":"type-product","3":"status-publish","4":"has-post-thumbnail","6":"product_cat-espana","7":"product_cat-spd-sobres-primer-dia","8":"product_tag-cine","9":"product_tag-fdc","10":"product_tag-spd","11":"thunk-woo-product-list","12":"opn-qv-enable","13":"open-woo-hover-zoom","14":"open-single-product-tab-horizontal","15":"open-shadow-","16":"open-shadow-hover-","18":"first","19":"instock","20":"sale","21":"shipping-taxable","22":"purchasable","23":"product-type-simple"},"acf":[],"jetpack_sharing_enabled":true,"_links":{"self":[{"href":"https:\/\/filatelia.cuentista.es\/en\/wp-json\/wp\/v2\/product\/2606","targetHints":{"allow":["GET"]}}],"collection":[{"href":"https:\/\/filatelia.cuentista.es\/en\/wp-json\/wp\/v2\/product"}],"about":[{"href":"https:\/\/filatelia.cuentista.es\/en\/wp-json\/wp\/v2\/types\/product"}],"replies":[{"embeddable":true,"href":"https:\/\/filatelia.cuentista.es\/en\/wp-json\/wp\/v2\/comments?post=2606"}],"wp:featuredmedia":[{"embeddable":true,"href":"https:\/\/filatelia.cuentista.es\/en\/wp-json\/wp\/v2\/media\/2605"}],"wp:attachment":[{"href":"https:\/\/filatelia.cuentista.es\/en\/wp-json\/wp\/v2\/media?parent=2606"}],"wp:term":[{"taxonomy":"product_brand","embeddable":true,"href":"https:\/\/filatelia.cuentista.es\/en\/wp-json\/wp\/v2\/product_brand?post=2606"},{"taxonomy":"product_cat","embeddable":true,"href":"https:\/\/filatelia.cuentista.es\/en\/wp-json\/wp\/v2\/product_cat?post=2606"},{"taxonomy":"product_tag","embeddable":true,"href":"https:\/\/filatelia.cuentista.es\/en\/wp-json\/wp\/v2\/product_tag?post=2606"}],"curies":[{"name":"wp","href":"https:\/\/api.w.org\/{rel}","templated":true}]}}