{"id":2599,"date":"2024-09-08T17:17:09","date_gmt":"2024-09-08T17:17:09","guid":{"rendered":"https:\/\/filatelia.cuentista.es\/?post_type=product&#038;p=2599"},"modified":"2024-09-08T17:27:03","modified_gmt":"2024-09-08T17:27:03","slug":"sobre-primer-dia-alemania-federal-50-anos-de-rundfunk-2","status":"publish","type":"product","link":"https:\/\/filatelia.cuentista.es\/en\/product\/sobre-primer-dia-alemania-federal-50-anos-de-rundfunk-2","title":{"rendered":"Sobre Primer D\u00eda Alemania Federal &#8211; 50 A\u00f1os de Rundfunk &#8211; Radio &#8211; 1973 sin circular"},"content":{"rendered":"<p>Fecha de emisi\u00f3n 23.8.1973<\/p>\n<p>Rundfunk es la cuota de radiodifusi\u00f3n que deben pagar los ciudadanos alemanes.<\/p>\n<p>Sobre el sello<\/p>\n<p>Funnel-loudspeaker (1924), battery receiver (1926)<\/p>\n<p><img class=\"size-full\"><\/p>\n<p>Pa\u00eds:<\/p>\n<p>Alemania &#8211; Berl\u00edn<\/p>\n<p>Serie:<\/p>\n<p>50 years German broadcasting<\/p>\n<p>C\u00f3digo de cat\u00e1logo:<\/p>\n<p>Michel DE-BE 455<\/p>\n<p>Stamp Number DE 9N343a<\/p>\n<p>Yvert et Tellier DE-BE 416<\/p>\n<p>AFA n\u00famero DE-BE 450<\/p>\n<p>Unificato DE-BE 416<\/p>\n<p>Stanley Gibbons No Listado<\/p>\n<p>Temas:<\/p>\n<p>Aniversarios y Jubileos | Empresas de Radiodifusi\u00f3n<\/p>\n<p>Fecha emisi\u00f3n:<\/p>\n<p>1973-08-23<\/p>\n<p>Fecha de caducidad:<\/p>\n<p>1991-12-31<\/p>\n<p>Tama\u00f1o:<\/p>\n<p>33 x 28 mm<\/p>\n<p>Colores:<\/p>\n<p>Amarillo<\/p>\n<p>Dise\u00f1adores:<\/p>\n<p>Ernst Finke<\/p>\n<p>Impresores\/Imprentas:<\/p>\n<p>Bundesdruckerei Berlin<\/p>\n<p>Formato:<\/p>\n<p>Sello<\/p>\n<p>Emisi\u00f3n:<\/p>\n<p>Conmemorativo<\/p>\n<p>Perforaci\u00f3n:<\/p>\n<p>Grada14 x 13\u00be<\/p>\n<p>Impresi\u00f3n:<\/p>\n<p>Litograf\u00eda offset<\/p>\n<p>Papel:<\/p>\n<p>fluorescent<\/p>\n<p>Valor facial:<\/p>\n<p>20 Pf. &#8211; Pfennig Alem\u00e1n<\/p>\n<p>Tiraje:<\/p>\n<p>3.875.010<\/p>","protected":false},"excerpt":{"rendered":"<p>Fecha de emisi\u00f3n 23.8.1973 Rundfunk es la cuota de radiodifusi\u00f3n que deben pagar los ciudadanos alemanes. Sobre el sello Funnel-loudspeaker (1924), battery receiver (1926) Pa\u00eds: Alemania &#8211; Berl\u00edn Serie: 50 years German broadcasting C\u00f3digo de cat\u00e1logo: Michel DE-BE 455 Stamp Number DE 9N343a Yvert et Tellier DE-BE 416 AFA n\u00famero DE-BE 450 Unificato DE-BE 416 &hellip;<\/p>\n<p class=\"read-more\"> <a class=\"thunk-readmore button\" href=\"https:\/\/filatelia.cuentista.es\/en\/product\/sobre-primer-dia-alemania-federal-50-anos-de-rundfunk-2\"> <span class=\"screen-reader-text\">Sobre Primer D\u00eda Alemania Federal &#8211; 50 A\u00f1os de Rundfunk &#8211; Radio &#8211; 1973 sin circular<\/span>Read More<\/a><\/p>","protected":false},"featured_media":2600,"comment_status":"open","ping_status":"closed","template":"","meta":{"_acf_changed":false},"product_brand":[],"product_cat":[19],"product_tag":[190,1245,189,555],"class_list":{"0":"post-2599","1":"product","2":"type-product","3":"status-publish","4":"has-post-thumbnail","6":"product_cat-spd-sobres-primer-dia","7":"product_tag-fdc","8":"product_tag-radiodifusion","9":"product_tag-spd","10":"product_tag-television","11":"thunk-woo-product-list","12":"opn-qv-enable","13":"open-woo-hover-zoom","14":"open-single-product-tab-horizontal","15":"open-shadow-","16":"open-shadow-hover-","18":"first","19":"instock","20":"sale","21":"shipping-taxable","22":"purchasable","23":"product-type-simple"},"acf":[],"jetpack_sharing_enabled":true,"_links":{"self":[{"href":"https:\/\/filatelia.cuentista.es\/en\/wp-json\/wp\/v2\/product\/2599","targetHints":{"allow":["GET"]}}],"collection":[{"href":"https:\/\/filatelia.cuentista.es\/en\/wp-json\/wp\/v2\/product"}],"about":[{"href":"https:\/\/filatelia.cuentista.es\/en\/wp-json\/wp\/v2\/types\/product"}],"replies":[{"embeddable":true,"href":"https:\/\/filatelia.cuentista.es\/en\/wp-json\/wp\/v2\/comments?post=2599"}],"wp:featuredmedia":[{"embeddable":true,"href":"https:\/\/filatelia.cuentista.es\/en\/wp-json\/wp\/v2\/media\/2600"}],"wp:attachment":[{"href":"https:\/\/filatelia.cuentista.es\/en\/wp-json\/wp\/v2\/media?parent=2599"}],"wp:term":[{"taxonomy":"product_brand","embeddable":true,"href":"https:\/\/filatelia.cuentista.es\/en\/wp-json\/wp\/v2\/product_brand?post=2599"},{"taxonomy":"product_cat","embeddable":true,"href":"https:\/\/filatelia.cuentista.es\/en\/wp-json\/wp\/v2\/product_cat?post=2599"},{"taxonomy":"product_tag","embeddable":true,"href":"https:\/\/filatelia.cuentista.es\/en\/wp-json\/wp\/v2\/product_tag?post=2599"}],"curies":[{"name":"wp","href":"https:\/\/api.w.org\/{rel}","templated":true}]}}