{"id":2595,"date":"2024-09-08T17:06:20","date_gmt":"2024-09-08T17:06:20","guid":{"rendered":"https:\/\/filatelia.cuentista.es\/?post_type=product&#038;p=2595"},"modified":"2024-09-08T17:12:09","modified_gmt":"2024-09-08T17:12:09","slug":"sobre-conmemorativo-ddr-1978-circulado-interkosmoprogramm-2-valores-2","status":"publish","type":"product","link":"https:\/\/filatelia.cuentista.es\/en\/product\/sobre-conmemorativo-ddr-1978-circulado-interkosmoprogramm-2-valores-2","title":{"rendered":"Sobre conmemorativo DDR 1978 circulado &#8211; Interkosmoprogramm &#8211; 3 Valores"},"content":{"rendered":"<p>Con dos valores de 20 y 10 marcos e im\u00e1genes policromas de sat\u00e9lites en \u00f3rbita, m\u00e1s un sello de 5 marcos verde<\/p>\n<p>Estampa en dorado de Carl Zeiss e Interkosmosprogram<\/p>\n<p>Sobre abierto por la parte superior<\/p>\n<p>los sellos :<\/p>\n<p>Pa\u00eds: Alemania, Rep\u00fablica Democr\u00e1tica<\/p>\n<p>Serie:<\/p>\n<p>Intercosmos Program<\/p>\n<p>C\u00f3digo de cat\u00e1logo:<\/p>\n<p>Michel DD 2310<\/p>\n<p>Stamp Number DD 1898<\/p>\n<p>Yvert et Tellier DD 1980<\/p>\n<p>Stanley Gibbons DD E2025<\/p>\n<p>AFA n\u00famero DD 2025<\/p>\n<p>Unificato DD 2310<\/p>\n<p>Temas:<\/p>\n<p>Cohetes | Espacio Exterior | Viajes Espaciales<\/p>\n<p>Fecha emisi\u00f3n:<\/p>\n<p>1978-03-21<\/p>\n<p>Fecha de caducidad:<\/p>\n<p>1990-10-02<\/p>\n<p>Tama\u00f1o:<\/p>\n<p>33 x 55 mm<\/p>\n<p>Colores:<\/p>\n<p>Multicolor<\/p>\n<p>Dise\u00f1adores:<\/p>\n<p>Jochen Bertholdt<\/p>\n<p>Impresores\/Imprentas:<\/p>\n<p>Deutsche Wertpapierdruckerei (VEB)<\/p>\n<p>Formato:<\/p>\n<p>Sello<\/p>\n<p>Emisi\u00f3n:<\/p>\n<p>Conmemorativo<\/p>\n<p>Perforaci\u00f3n:<\/p>\n<p>peine14<\/p>\n<p>Impresi\u00f3n:<\/p>\n<p>Fotograbado<\/p>\n<p>Valor facial:<\/p>\n<p>10 Pf. &#8211; Pfennig de Alemania del Este<\/p>\n<p>Tiraje:<\/p>\n<p>8.000.000<\/p>\n<p>Cat\u00e1logo de sellos : Sello \u203a Satellite Intercosmos I (Cosmic Physics)<\/p>\n<p><img class=\"size-full\"><\/p>\n<p>Pa\u00eds:<\/p>\n<p>Alemania, Rep\u00fablica Democr\u00e1tica<\/p>\n<p>Serie:<\/p>\n<p>Intercosmos Program<\/p>\n<p>C\u00f3digo de cat\u00e1logo:<\/p>\n<p>Michel DD 2311<\/p>\n<p>Stamp Number DD 1899<\/p>\n<p>Yvert et Tellier DD 1981<\/p>\n<p>Stanley Gibbons DD E2026<\/p>\n<p>Unificato DD 2311<\/p>\n<p>Temas:<\/p>\n<p>Cohetes | Espacio Exterior | Sat\u00e9lites | Viajes Espaciales<\/p>\n<p>Fecha emisi\u00f3n:<\/p>\n<p>1978-03-21<\/p>\n<p>Fecha de caducidad:<\/p>\n<p>1990-10-02<\/p>\n<p>Tama\u00f1o:<\/p>\n<p>33 x 55 mm<\/p>\n<p>Colores:<\/p>\n<p>Multicolor<\/p>\n<p>Dise\u00f1adores:<\/p>\n<p>Jochen Bertholdt<\/p>\n<p>Impresores\/Imprentas:<\/p>\n<p>Deutsche Wertpapierdruckerei (VEB)<\/p>\n<p>Formato:<\/p>\n<p>Sello<\/p>\n<p>Emisi\u00f3n:<\/p>\n<p>Conmemorativo<\/p>\n<p>Perforaci\u00f3n:<\/p>\n<p>peine14<\/p>\n<p>Impresi\u00f3n:<\/p>\n<p>Fotograbado<\/p>\n<p>Valor facial:<\/p>\n<p>20 Pf. &#8211; Pfennig de Alemania del Este<\/p>\n<p>Tiraje:<\/p>\n<p>8.000.000<\/p>","protected":false},"excerpt":{"rendered":"<p>Con dos valores de 20 y 10 marcos e im\u00e1genes policromas de sat\u00e9lites en \u00f3rbita, m\u00e1s un sello de 5 marcos verde Estampa en dorado de Carl Zeiss e Interkosmosprogram Sobre abierto por la parte superior los sellos : Pa\u00eds: Alemania, Rep\u00fablica Democr\u00e1tica Serie: Intercosmos Program C\u00f3digo de cat\u00e1logo: Michel DD 2310 Stamp Number DD &hellip;<\/p>\n<p class=\"read-more\"> <a class=\"thunk-readmore button\" href=\"https:\/\/filatelia.cuentista.es\/en\/product\/sobre-conmemorativo-ddr-1978-circulado-interkosmoprogramm-2-valores-2\"> <span class=\"screen-reader-text\">Sobre conmemorativo DDR 1978 circulado &#8211; Interkosmoprogramm &#8211; 3 Valores<\/span>Read More<\/a><\/p>","protected":false},"featured_media":2596,"comment_status":"open","ping_status":"closed","template":"","meta":{"_acf_changed":false},"product_brand":[],"product_cat":[15],"product_tag":[180,949,235],"class_list":{"0":"post-2595","1":"product","2":"type-product","3":"status-publish","4":"has-post-thumbnail","6":"product_cat-coleccionismo","7":"product_tag-espacio","8":"product_tag-optica","9":"product_tag-satelites","10":"thunk-woo-product-list","11":"opn-qv-enable","12":"open-woo-hover-zoom","13":"open-single-product-tab-horizontal","14":"open-shadow-","15":"open-shadow-hover-","17":"first","18":"instock","19":"sale","20":"shipping-taxable","21":"purchasable","22":"product-type-simple"},"acf":[],"jetpack_sharing_enabled":true,"_links":{"self":[{"href":"https:\/\/filatelia.cuentista.es\/en\/wp-json\/wp\/v2\/product\/2595","targetHints":{"allow":["GET"]}}],"collection":[{"href":"https:\/\/filatelia.cuentista.es\/en\/wp-json\/wp\/v2\/product"}],"about":[{"href":"https:\/\/filatelia.cuentista.es\/en\/wp-json\/wp\/v2\/types\/product"}],"replies":[{"embeddable":true,"href":"https:\/\/filatelia.cuentista.es\/en\/wp-json\/wp\/v2\/comments?post=2595"}],"wp:featuredmedia":[{"embeddable":true,"href":"https:\/\/filatelia.cuentista.es\/en\/wp-json\/wp\/v2\/media\/2596"}],"wp:attachment":[{"href":"https:\/\/filatelia.cuentista.es\/en\/wp-json\/wp\/v2\/media?parent=2595"}],"wp:term":[{"taxonomy":"product_brand","embeddable":true,"href":"https:\/\/filatelia.cuentista.es\/en\/wp-json\/wp\/v2\/product_brand?post=2595"},{"taxonomy":"product_cat","embeddable":true,"href":"https:\/\/filatelia.cuentista.es\/en\/wp-json\/wp\/v2\/product_cat?post=2595"},{"taxonomy":"product_tag","embeddable":true,"href":"https:\/\/filatelia.cuentista.es\/en\/wp-json\/wp\/v2\/product_tag?post=2595"}],"curies":[{"name":"wp","href":"https:\/\/api.w.org\/{rel}","templated":true}]}}