{"id":2579,"date":"2024-09-08T11:08:55","date_gmt":"2024-09-08T11:08:55","guid":{"rendered":"https:\/\/filatelia.cuentista.es\/product\/sobre-conmemorativo-ddr-1989-ernst-abbe-denkmal-karl-zeiss-circulado"},"modified":"2024-09-08T11:08:55","modified_gmt":"2024-09-08T11:08:55","slug":"sobre-conmemorativo-ddr-1989-ernst-abbe-denkmal-karl-zeiss-circulado","status":"publish","type":"product","link":"https:\/\/filatelia.cuentista.es\/en\/product\/sobre-conmemorativo-ddr-1989-ernst-abbe-denkmal-karl-zeiss-circulado","title":{"rendered":"Sobre Conmemorativo DDR 1989 &#8211; Ernst-Abbe-Denkmal &#8211; Karl Zeiss &#8211; circulado"},"content":{"rendered":"<p>Matasellado en Wolmirstedt el 16 de Mayo de 1989<\/p>\n<p>Con dos valores en una tira que incluye un sello intermedio sin valor con la imagen de Carl Zeiss<\/p>\n<p><a href=\"https:\/\/colnect.com\/stamps\/stamp\/120979\">https:\/\/colnect.com\/stamps\/stamp\/120979<\/a><\/p>\n<p>Sobre el sello:<\/p>\n<p>Pa\u00eds:<\/p>\n<p>Alemania, Rep\u00fablica Democr\u00e1tica<\/p>\n<p>Serie:<\/p>\n<p>100 years Carl-Zeiss-Foundation, Jena<\/p>\n<p>C\u00f3digo de cat\u00e1logo:<\/p>\n<p>Michel DD 3252<\/p>\n<p>Stamp Number DD 2752<\/p>\n<p>Yvert et Tellier DD 2861<\/p>\n<p>Stanley Gibbons DD E2953<\/p>\n<p>Unificato DD 3252<\/p>\n<p>Temas:<\/p>\n<p>Aniversarios y Jubileos | Microscopios<\/p>\n<p>Fecha emisi\u00f3n:<\/p>\n<p>1989-05-16<\/p>\n<p>Fecha de caducidad:<\/p>\n<p>1990-10-02<\/p>\n<p>Tama\u00f1o:<\/p>\n<p>26 x 43 mm<\/p>\n<p>Colores:<\/p>\n<p>Multicolor<\/p>\n<p>Marca de agua:<\/p>\n<p>Sin Marca de agua<\/p>\n<p>Dise\u00f1adores:<\/p>\n<p>Ekkehart Haller<\/p>\n<p>Impresores\/Imprentas:<\/p>\n<p>Deutsche Wertpapierdruckerei (VEB)<\/p>\n<p>Formato:<\/p>\n<p>Sello<\/p>\n<p>Emisi\u00f3n:<\/p>\n<p>Conmemorativo<\/p>\n<p>Perforaci\u00f3n:<\/p>\n<p>peine14<\/p>\n<p>Impresi\u00f3n:<\/p>\n<p>Fotograbado<\/p>\n<p>Goma:<\/p>\n<p>Ordinaria<\/p>\n<p>Valor facial:<\/p>\n<p>50 Pf. &#8211; Pfennig de Alemania del Este<\/p>\n<p>Tiraje:<\/p>\n<p>3.000.000<\/p>","protected":false},"excerpt":{"rendered":"<p>Matasellado en Wolmirstedt el 16 de Mayo de 1989 Con dos valores en una tira que incluye un sello intermedio sin valor con la imagen de Carl Zeiss https:\/\/colnect.com\/stamps\/stamp\/120979 Sobre el sello: Pa\u00eds: Alemania, Rep\u00fablica Democr\u00e1tica Serie: 100 years Carl-Zeiss-Foundation, Jena C\u00f3digo de cat\u00e1logo: Michel DD 3252 Stamp Number DD 2752 Yvert et Tellier DD &hellip;<\/p>\n<p class=\"read-more\"> <a class=\"thunk-readmore button\" href=\"https:\/\/filatelia.cuentista.es\/en\/product\/sobre-conmemorativo-ddr-1989-ernst-abbe-denkmal-karl-zeiss-circulado\"> <span class=\"screen-reader-text\">Sobre Conmemorativo DDR 1989 &#8211; Ernst-Abbe-Denkmal &#8211; Karl Zeiss &#8211; circulado<\/span>Read More<\/a><\/p>","protected":false},"featured_media":2578,"comment_status":"open","ping_status":"closed","template":"","meta":{"_acf_changed":false},"product_brand":[],"product_cat":[15],"product_tag":[320,1240,949],"class_list":{"0":"post-2579","1":"product","2":"type-product","3":"status-publish","4":"has-post-thumbnail","6":"product_cat-coleccionismo","7":"product_tag-cientifico","8":"product_tag-monumento","9":"product_tag-optica","10":"thunk-woo-product-list","11":"opn-qv-enable","12":"open-woo-hover-zoom","13":"open-single-product-tab-horizontal","14":"open-shadow-","15":"open-shadow-hover-","17":"first","18":"instock","19":"sale","20":"shipping-taxable","21":"purchasable","22":"product-type-simple"},"acf":[],"jetpack_sharing_enabled":true,"_links":{"self":[{"href":"https:\/\/filatelia.cuentista.es\/en\/wp-json\/wp\/v2\/product\/2579","targetHints":{"allow":["GET"]}}],"collection":[{"href":"https:\/\/filatelia.cuentista.es\/en\/wp-json\/wp\/v2\/product"}],"about":[{"href":"https:\/\/filatelia.cuentista.es\/en\/wp-json\/wp\/v2\/types\/product"}],"replies":[{"embeddable":true,"href":"https:\/\/filatelia.cuentista.es\/en\/wp-json\/wp\/v2\/comments?post=2579"}],"wp:featuredmedia":[{"embeddable":true,"href":"https:\/\/filatelia.cuentista.es\/en\/wp-json\/wp\/v2\/media\/2578"}],"wp:attachment":[{"href":"https:\/\/filatelia.cuentista.es\/en\/wp-json\/wp\/v2\/media?parent=2579"}],"wp:term":[{"taxonomy":"product_brand","embeddable":true,"href":"https:\/\/filatelia.cuentista.es\/en\/wp-json\/wp\/v2\/product_brand?post=2579"},{"taxonomy":"product_cat","embeddable":true,"href":"https:\/\/filatelia.cuentista.es\/en\/wp-json\/wp\/v2\/product_cat?post=2579"},{"taxonomy":"product_tag","embeddable":true,"href":"https:\/\/filatelia.cuentista.es\/en\/wp-json\/wp\/v2\/product_tag?post=2579"}],"curies":[{"name":"wp","href":"https:\/\/api.w.org\/{rel}","templated":true}]}}