{"id":2577,"date":"2024-09-08T10:45:16","date_gmt":"2024-09-08T10:45:16","guid":{"rendered":"https:\/\/filatelia.cuentista.es\/product\/sobre-conmemorativo-ddr-1978-circulado-interkosmoprogramm-2-valores"},"modified":"2024-09-08T10:45:16","modified_gmt":"2024-09-08T10:45:16","slug":"sobre-conmemorativo-ddr-1978-circulado-interkosmoprogramm-2-valores","status":"publish","type":"product","link":"https:\/\/filatelia.cuentista.es\/en\/product\/sobre-conmemorativo-ddr-1978-circulado-interkosmoprogramm-2-valores","title":{"rendered":"Sobre conmemorativo DDR 1978 circulado &#8211; Interkosmoprogramm &#8211; 2 Valores"},"content":{"rendered":"<p>Matasellado en Lorenstrin Stadtrecht el 5\/4\/1978<\/p>\n<p>Con dos valores de 20 y 35 marcos e im\u00e1genes policromas de sat\u00e9lites en \u00f3rbita<\/p>\n<p>Estampa en dorado de Carl Zeiss<\/p>\n<p>Sobre abierto por la parte superior<\/p>","protected":false},"excerpt":{"rendered":"<p>Matasellado en Lorenstrin Stadtrecht el 5\/4\/1978 Con dos valores de 20 y 35 marcos e im\u00e1genes policromas de sat\u00e9lites en \u00f3rbita Estampa en dorado de Carl Zeiss Sobre abierto por la parte superior<\/p>","protected":false},"featured_media":2576,"comment_status":"open","ping_status":"closed","template":"","meta":{"_acf_changed":false},"product_brand":[],"product_cat":[15],"product_tag":[180,949,235],"class_list":{"0":"post-2577","1":"product","2":"type-product","3":"status-publish","4":"has-post-thumbnail","6":"product_cat-coleccionismo","7":"product_tag-espacio","8":"product_tag-optica","9":"product_tag-satelites","10":"thunk-woo-product-list","11":"opn-qv-enable","12":"open-woo-hover-zoom","13":"open-single-product-tab-horizontal","14":"open-shadow-","15":"open-shadow-hover-","17":"first","18":"instock","19":"sale","20":"shipping-taxable","21":"purchasable","22":"product-type-simple"},"acf":[],"jetpack_sharing_enabled":true,"_links":{"self":[{"href":"https:\/\/filatelia.cuentista.es\/en\/wp-json\/wp\/v2\/product\/2577","targetHints":{"allow":["GET"]}}],"collection":[{"href":"https:\/\/filatelia.cuentista.es\/en\/wp-json\/wp\/v2\/product"}],"about":[{"href":"https:\/\/filatelia.cuentista.es\/en\/wp-json\/wp\/v2\/types\/product"}],"replies":[{"embeddable":true,"href":"https:\/\/filatelia.cuentista.es\/en\/wp-json\/wp\/v2\/comments?post=2577"}],"wp:featuredmedia":[{"embeddable":true,"href":"https:\/\/filatelia.cuentista.es\/en\/wp-json\/wp\/v2\/media\/2576"}],"wp:attachment":[{"href":"https:\/\/filatelia.cuentista.es\/en\/wp-json\/wp\/v2\/media?parent=2577"}],"wp:term":[{"taxonomy":"product_brand","embeddable":true,"href":"https:\/\/filatelia.cuentista.es\/en\/wp-json\/wp\/v2\/product_brand?post=2577"},{"taxonomy":"product_cat","embeddable":true,"href":"https:\/\/filatelia.cuentista.es\/en\/wp-json\/wp\/v2\/product_cat?post=2577"},{"taxonomy":"product_tag","embeddable":true,"href":"https:\/\/filatelia.cuentista.es\/en\/wp-json\/wp\/v2\/product_tag?post=2577"}],"curies":[{"name":"wp","href":"https:\/\/api.w.org\/{rel}","templated":true}]}}