{"id":2554,"date":"2024-09-08T05:44:26","date_gmt":"2024-09-08T05:44:26","guid":{"rendered":"https:\/\/filatelia.cuentista.es\/?post_type=product&#038;p=2554"},"modified":"2024-09-08T05:46:04","modified_gmt":"2024-09-08T05:46:04","slug":"sello-uruguay-1970-rotary-sudamerica-20-nuevo-2","status":"publish","type":"product","link":"https:\/\/filatelia.cuentista.es\/en\/product\/sello-uruguay-1970-rotary-sudamerica-20-nuevo-2","title":{"rendered":"Sello Uruguay 1970 &#8211; Rotary Sudam\u00e9rica &#8211; 20$ usado"},"content":{"rendered":"<p>Sello Uruguay 1970 &#8211; Rotary Sudam\u00e9rica &#8211; 20$ usado<\/p>\n<p>Rotary emblem and hemispheres<\/p>\n<p><img class=\"size-full\"><img class=\"size-full\"><\/p>\n<p>Pa\u00eds:<\/p>\n<p>Uruguay<\/p>\n<p>Serie:<\/p>\n<p>Rotary Club of Uruguay, 50th Anniversary<\/p>\n<p>C\u00f3digo de cat\u00e1logo:<\/p>\n<p>Michel UY 1155<\/p>\n<p>Stamp Number UY C354<\/p>\n<p>Yvert et Tellier UY PA354<\/p>\n<p>Stanley Gibbons UY 1410<\/p>\n<p>Ciardi UY A354<\/p>\n<p>Tiene variantes menores: 5<\/p>\n<p>Temas:<\/p>\n<p>Aniversarios y Jubileos | Globos Terrestres | Rotary | Sellos (Emblemas)<\/p>\n<p>Fecha emisi\u00f3n:<\/p>\n<p>1969-12-06<\/p>\n<p>Colores:<\/p>\n<p>Multicolor<\/p>\n<p>Marca de agua:<\/p>\n<p>ROU en Sol [Up]<\/p>\n<p>Dise\u00f1adores:<\/p>\n<p>Angel Medina<\/p>\n<p>Impresores\/Imprentas:<\/p>\n<p>Imprenta Nacional, Montevideo<\/p>\n<p>Formato:<\/p>\n<p>Sello<\/p>\n<p>Emisi\u00f3n:<\/p>\n<p>Correo A\u00e9reo<\/p>\n<p>Perforaci\u00f3n:<\/p>\n<p>peine12<\/p>\n<p>Impresi\u00f3n:<\/p>\n<p>Litograf\u00eda offset<\/p>\n<p>Papel:<\/p>\n<p>medium, fluorescent<\/p>\n<p>Valor facial:<\/p>\n<p>20 $ &#8211; Peso Uruguayo<\/p>\n<p>Tiraje:<\/p>\n<p>1.000.000<\/p>\n","protected":false},"excerpt":{"rendered":"<p>Sello Uruguay 1970 &#8211; Rotary Sudam\u00e9rica &#8211; 20$ usado Rotary emblem and hemispheres Pa\u00eds: Uruguay Serie: Rotary Club of Uruguay, 50th Anniversary C\u00f3digo de cat\u00e1logo: Michel UY 1155 Stamp Number UY C354 Yvert et Tellier UY PA354 Stanley Gibbons UY 1410 Ciardi UY A354 Tiene variantes menores: 5 Temas: Aniversarios y Jubileos | Globos Terrestres &hellip;<\/p>\n<p class=\"read-more\"> <a class=\"thunk-readmore button\" href=\"https:\/\/filatelia.cuentista.es\/en\/product\/sello-uruguay-1970-rotary-sudamerica-20-nuevo-2\"> <span class=\"screen-reader-text\">Sello Uruguay 1970 &#8211; Rotary Sudam\u00e9rica &#8211; 20$ usado<\/span>Read More<\/a><\/p>","protected":false},"featured_media":2555,"comment_status":"open","ping_status":"closed","template":"","meta":{"_acf_changed":false},"product_brand":[],"product_cat":[763,20],"product_tag":[156,766,1087,1088],"class_list":{"0":"post-2554","1":"product","2":"type-product","3":"status-publish","4":"has-post-thumbnail","6":"product_cat-uruguay","7":"product_cat-sellos-usados","8":"product_tag-aniversario","9":"product_tag-montevideo","10":"product_tag-rotary","11":"product_tag-sudamerica","12":"thunk-woo-product-list","13":"opn-qv-enable","14":"open-woo-hover-zoom","15":"open-single-product-tab-horizontal","16":"open-shadow-","17":"open-shadow-hover-","19":"first","20":"instock","21":"sale","22":"shipping-taxable","23":"purchasable","24":"product-type-simple"},"acf":[],"jetpack_sharing_enabled":true,"_links":{"self":[{"href":"https:\/\/filatelia.cuentista.es\/en\/wp-json\/wp\/v2\/product\/2554","targetHints":{"allow":["GET"]}}],"collection":[{"href":"https:\/\/filatelia.cuentista.es\/en\/wp-json\/wp\/v2\/product"}],"about":[{"href":"https:\/\/filatelia.cuentista.es\/en\/wp-json\/wp\/v2\/types\/product"}],"replies":[{"embeddable":true,"href":"https:\/\/filatelia.cuentista.es\/en\/wp-json\/wp\/v2\/comments?post=2554"}],"wp:featuredmedia":[{"embeddable":true,"href":"https:\/\/filatelia.cuentista.es\/en\/wp-json\/wp\/v2\/media\/2555"}],"wp:attachment":[{"href":"https:\/\/filatelia.cuentista.es\/en\/wp-json\/wp\/v2\/media?parent=2554"}],"wp:term":[{"taxonomy":"product_brand","embeddable":true,"href":"https:\/\/filatelia.cuentista.es\/en\/wp-json\/wp\/v2\/product_brand?post=2554"},{"taxonomy":"product_cat","embeddable":true,"href":"https:\/\/filatelia.cuentista.es\/en\/wp-json\/wp\/v2\/product_cat?post=2554"},{"taxonomy":"product_tag","embeddable":true,"href":"https:\/\/filatelia.cuentista.es\/en\/wp-json\/wp\/v2\/product_tag?post=2554"}],"curies":[{"name":"wp","href":"https:\/\/api.w.org\/{rel}","templated":true}]}}