{"id":2553,"date":"2024-09-08T05:43:08","date_gmt":"2024-09-08T05:43:08","guid":{"rendered":"https:\/\/filatelia.cuentista.es\/product\/sello-uruguay-1965-bicentenario-natalicio-artigas-15-usado"},"modified":"2024-09-08T05:43:31","modified_gmt":"2024-09-08T05:43:31","slug":"sello-uruguay-1965-bicentenario-natalicio-artigas-15-usado","status":"publish","type":"product","link":"https:\/\/filatelia.cuentista.es\/en\/product\/sello-uruguay-1965-bicentenario-natalicio-artigas-15-usado","title":{"rendered":"Sello Uruguay 1965 &#8211; Bicentenario Natalicio Artigas &#8211; 1,5$ usado"},"content":{"rendered":"<p>Pa\u00eds:<\/p>\n<p>Uruguay<\/p>\n<p>Serie:<\/p>\n<p>200th Birthday of General Jose Artigas<\/p>\n<p>C\u00f3digo de cat\u00e1logo:<\/p>\n<p>Michel UY 1010<\/p>\n<p>Stamp Number UY C274<\/p>\n<p>Yvert et Tellier UY PA269<\/p>\n<p>Stanley Gibbons UY 1266<\/p>\n<p>Ciardi UY A269<\/p>\n<p>Temas:<\/p>\n<p>Banderas | Caballos | Carros y Carruajes| Generales | Oficiales Militares | Personajes Famosos | Personajes de la Independencia | Plantas Estilizadas<\/p>\n<p>Fecha emisi\u00f3n:<\/p>\n<p>1965-05-17<\/p>\n<p>Colores:<\/p>\n<p>Multicolor<\/p>\n<p>Marca de agua:<\/p>\n<p>Escudo de Armas Uruguay (Sh) [Up]<\/p>\n<p>Dise\u00f1adores:<\/p>\n<p>Angel Medina<\/p>\n<p>Impresores\/Imprentas:<\/p>\n<p>Impresora Uruguaya Colombino S.A.<\/p>\n<p>Formato:<\/p>\n<p>Sello<\/p>\n<p>Emisi\u00f3n:<\/p>\n<p>Correo A\u00e9reo<\/p>\n<p>Perforaci\u00f3n:<\/p>\n<p>peine12 x 11\u00bd<\/p>\n<p>Impresi\u00f3n:<\/p>\n<p>Fotograbado<\/p>\n<p>Papel:<\/p>\n<p>Medium<\/p>\n<p>Valor facial:<\/p>\n<p>1,50 $ &#8211; Peso Uruguayo<\/p>\n<p>Tiraje:<\/p>\n<p>500.000<\/p>\n","protected":false},"excerpt":{"rendered":"<p>Pa\u00eds: Uruguay Serie: 200th Birthday of General Jose Artigas C\u00f3digo de cat\u00e1logo: Michel UY 1010 Stamp Number UY C274 Yvert et Tellier UY PA269 Stanley Gibbons UY 1266 Ciardi UY A269 Temas: Banderas | Caballos | Carros y Carruajes| Generales | Oficiales Militares | Personajes Famosos | Personajes de la Independencia | Plantas Estilizadas Fecha &hellip;<\/p>\n<p class=\"read-more\"> <a class=\"thunk-readmore button\" href=\"https:\/\/filatelia.cuentista.es\/en\/product\/sello-uruguay-1965-bicentenario-natalicio-artigas-15-usado\"> <span class=\"screen-reader-text\">Sello Uruguay 1965 &#8211; Bicentenario Natalicio Artigas &#8211; 1,5$ usado<\/span>Read More<\/a><\/p>","protected":false},"featured_media":2551,"comment_status":"open","ping_status":"closed","template":"","meta":{"_acf_changed":false},"product_brand":[],"product_cat":[815,763,20],"product_tag":[],"class_list":{"0":"post-2553","1":"product","2":"type-product","3":"status-publish","4":"has-post-thumbnail","6":"product_cat-correo-aereo","7":"product_cat-uruguay","8":"product_cat-sellos-usados","9":"thunk-woo-product-list","10":"opn-qv-enable","11":"open-woo-hover-zoom","12":"open-single-product-tab-horizontal","13":"open-shadow-","14":"open-shadow-hover-","16":"first","17":"instock","18":"sale","19":"shipping-taxable","20":"purchasable","21":"product-type-simple"},"acf":[],"jetpack_sharing_enabled":true,"_links":{"self":[{"href":"https:\/\/filatelia.cuentista.es\/en\/wp-json\/wp\/v2\/product\/2553","targetHints":{"allow":["GET"]}}],"collection":[{"href":"https:\/\/filatelia.cuentista.es\/en\/wp-json\/wp\/v2\/product"}],"about":[{"href":"https:\/\/filatelia.cuentista.es\/en\/wp-json\/wp\/v2\/types\/product"}],"replies":[{"embeddable":true,"href":"https:\/\/filatelia.cuentista.es\/en\/wp-json\/wp\/v2\/comments?post=2553"}],"wp:featuredmedia":[{"embeddable":true,"href":"https:\/\/filatelia.cuentista.es\/en\/wp-json\/wp\/v2\/media\/2551"}],"wp:attachment":[{"href":"https:\/\/filatelia.cuentista.es\/en\/wp-json\/wp\/v2\/media?parent=2553"}],"wp:term":[{"taxonomy":"product_brand","embeddable":true,"href":"https:\/\/filatelia.cuentista.es\/en\/wp-json\/wp\/v2\/product_brand?post=2553"},{"taxonomy":"product_cat","embeddable":true,"href":"https:\/\/filatelia.cuentista.es\/en\/wp-json\/wp\/v2\/product_cat?post=2553"},{"taxonomy":"product_tag","embeddable":true,"href":"https:\/\/filatelia.cuentista.es\/en\/wp-json\/wp\/v2\/product_tag?post=2553"}],"curies":[{"name":"wp","href":"https:\/\/api.w.org\/{rel}","templated":true}]}}