{"id":2550,"date":"2024-09-08T05:37:19","date_gmt":"2024-09-08T05:37:19","guid":{"rendered":"https:\/\/filatelia.cuentista.es\/product\/sello-uruguay-monumentos-de-nubia-20c-usado"},"modified":"2024-09-08T05:39:36","modified_gmt":"2024-09-08T05:39:36","slug":"sello-uruguay-monumentos-de-nubia-20c-usado","status":"publish","type":"product","link":"https:\/\/filatelia.cuentista.es\/en\/product\/sello-uruguay-monumentos-de-nubia-20c-usado","title":{"rendered":"Sello Uruguay &#8211; Monumentos de nubia- 20c usado"},"content":{"rendered":"<p>Rescue of the Monuments of Nubia, Egypt<\/p>\n<p><img class=\"size-full\"><img class=\"size-full\"><\/p>\n<p>Pa\u00eds:<\/p>\n<p>Uruguay<\/p>\n<p>Serie:<\/p>\n<p>Rescue of the Monuments of Nubia, Egypt<\/p>\n<p>C\u00f3digo de cat\u00e1logo:<\/p>\n<p>Michel UY 981A<\/p>\n<p>Stamp Number UY 713<\/p>\n<p>Yvert et Tellier UY 724<\/p>\n<p>Stanley Gibbons UY 1244<\/p>\n<p>Ciardi UY 724<\/p>\n<p>Tiene variantes menores: 1<\/p>\n<p>Temas:<\/p>\n<p>Monumentos | UNESCO<\/p>\n<p>Fecha emisi\u00f3n:<\/p>\n<p>1964-10-30<\/p>\n<p>Colores:<\/p>\n<p>Multicolor<\/p>\n<p>Marca de agua:<\/p>\n<p>ROU en Sol [Up]<\/p>\n<p>Impresores\/Imprentas:<\/p>\n<p>Imprenta Nacional, Montevideo<\/p>\n<p>Formato:<\/p>\n<p>Sello<\/p>\n<p>Emisi\u00f3n:<\/p>\n<p>Conmemorativo<\/p>\n<p>Perforaci\u00f3n:<\/p>\n<p>peine12<\/p>\n<p>Impresi\u00f3n:<\/p>\n<p>Litograf\u00eda offset<\/p>\n<p>Papel:<\/p>\n<p>Medium<\/p>\n<p>Valor facial:<\/p>\n<p>20 Cent\u00e9simo Uruguayo<\/p>\n<p>Tiraje:<\/p>\n<p>2.000.000<\/p>\n","protected":false},"excerpt":{"rendered":"<p>Rescue of the Monuments of Nubia, Egypt Pa\u00eds: Uruguay Serie: Rescue of the Monuments of Nubia, Egypt C\u00f3digo de cat\u00e1logo: Michel UY 981A Stamp Number UY 713 Yvert et Tellier UY 724 Stanley Gibbons UY 1244 Ciardi UY 724 Tiene variantes menores: 1 Temas: Monumentos | UNESCO Fecha emisi\u00f3n: 1964-10-30 Colores: Multicolor Marca de agua: &hellip;<\/p>\n<p class=\"read-more\"> <a class=\"thunk-readmore button\" href=\"https:\/\/filatelia.cuentista.es\/en\/product\/sello-uruguay-monumentos-de-nubia-20c-usado\"> <span class=\"screen-reader-text\">Sello Uruguay &#8211; Monumentos de nubia- 20c usado<\/span>Read More<\/a><\/p>","protected":false},"featured_media":2549,"comment_status":"open","ping_status":"closed","template":"","meta":{"_acf_changed":false},"product_brand":[],"product_cat":[763,20],"product_tag":[167,694,45],"class_list":{"0":"post-2550","1":"product","2":"type-product","3":"status-publish","4":"has-post-thumbnail","6":"product_cat-uruguay","7":"product_cat-sellos-usados","8":"product_tag-arqueologia","9":"product_tag-egipto","10":"product_tag-historia","11":"thunk-woo-product-list","12":"opn-qv-enable","13":"open-woo-hover-zoom","14":"open-single-product-tab-horizontal","15":"open-shadow-","16":"open-shadow-hover-","18":"first","19":"instock","20":"sale","21":"shipping-taxable","22":"purchasable","23":"product-type-simple"},"acf":[],"jetpack_sharing_enabled":true,"_links":{"self":[{"href":"https:\/\/filatelia.cuentista.es\/en\/wp-json\/wp\/v2\/product\/2550","targetHints":{"allow":["GET"]}}],"collection":[{"href":"https:\/\/filatelia.cuentista.es\/en\/wp-json\/wp\/v2\/product"}],"about":[{"href":"https:\/\/filatelia.cuentista.es\/en\/wp-json\/wp\/v2\/types\/product"}],"replies":[{"embeddable":true,"href":"https:\/\/filatelia.cuentista.es\/en\/wp-json\/wp\/v2\/comments?post=2550"}],"wp:featuredmedia":[{"embeddable":true,"href":"https:\/\/filatelia.cuentista.es\/en\/wp-json\/wp\/v2\/media\/2549"}],"wp:attachment":[{"href":"https:\/\/filatelia.cuentista.es\/en\/wp-json\/wp\/v2\/media?parent=2550"}],"wp:term":[{"taxonomy":"product_brand","embeddable":true,"href":"https:\/\/filatelia.cuentista.es\/en\/wp-json\/wp\/v2\/product_brand?post=2550"},{"taxonomy":"product_cat","embeddable":true,"href":"https:\/\/filatelia.cuentista.es\/en\/wp-json\/wp\/v2\/product_cat?post=2550"},{"taxonomy":"product_tag","embeddable":true,"href":"https:\/\/filatelia.cuentista.es\/en\/wp-json\/wp\/v2\/product_tag?post=2550"}],"curies":[{"name":"wp","href":"https:\/\/api.w.org\/{rel}","templated":true}]}}