{"id":2538,"date":"2024-09-07T16:36:27","date_gmt":"2024-09-07T16:36:27","guid":{"rendered":"https:\/\/filatelia.cuentista.es\/product\/sello-uruguay-1973-blandengues-de-artigas-20"},"modified":"2024-09-07T16:37:46","modified_gmt":"2024-09-07T16:37:46","slug":"sello-uruguay-1973-blandengues-de-artigas-20","status":"publish","type":"product","link":"https:\/\/filatelia.cuentista.es\/en\/product\/sello-uruguay-1973-blandengues-de-artigas-20","title":{"rendered":"Sello Uruguay 1973 &#8211; Blandengues de Artigas &#8211; 20$"},"content":{"rendered":"<p>Pa\u00eds:<\/p>\n<p>Uruguay<\/p>\n<p>Serie:<\/p>\n<p>Military Uniforms<\/p>\n<p>C\u00f3digo de cat\u00e1logo:<\/p>\n<p>Michel UY 1254<\/p>\n<p>Stamp Number UY 832<\/p>\n<p>Yvert et Tellier UY 839<\/p>\n<p>Stanley Gibbons UY 1510<\/p>\n<p>Ciardi UY 839<\/p>\n<p>Tiene variantes menores: 2<\/p>\n<p>Temas:<\/p>\n<p>Armas | Caballos | Ej\u00e9rcito | Oficiales Militares | Uniformes<\/p>\n<p>Fecha emisi\u00f3n:<\/p>\n<p>1972-11-21<\/p>\n<p>Colores:<\/p>\n<p>Multicolor<\/p>\n<p>Marca de agua:<\/p>\n<p>ROU en Sol [Up]<\/p>\n<p>Dise\u00f1adores:<\/p>\n<p>Angel Medina<\/p>\n<p>Impresores\/Imprentas:<\/p>\n<p>Imprenta Nacional, Montevideo<\/p>\n<p>Formato:<\/p>\n<p>Sello<\/p>\n<p>Emisi\u00f3n:<\/p>\n<p>Conmemorativo<\/p>\n<p>Perforaci\u00f3n:<\/p>\n<p>peine12<\/p>\n<p>Impresi\u00f3n:<\/p>\n<p>Litograf\u00eda offset<\/p>\n<p>Papel:<\/p>\n<p>Medium<\/p>\n<p>Valor facial:<\/p>\n<p>20 $ &#8211; Peso Uruguayo<\/p>\n<p>Tiraje:<\/p>\n<p>2.000.000<\/p>\n","protected":false},"excerpt":{"rendered":"<p>Pa\u00eds: Uruguay Serie: Military Uniforms C\u00f3digo de cat\u00e1logo: Michel UY 1254 Stamp Number UY 832 Yvert et Tellier UY 839 Stanley Gibbons UY 1510 Ciardi UY 839 Tiene variantes menores: 2 Temas: Armas | Caballos | Ej\u00e9rcito | Oficiales Militares | Uniformes Fecha emisi\u00f3n: 1972-11-21 Colores: Multicolor Marca de agua: ROU en Sol [Up] Dise\u00f1adores: &hellip;<\/p>\n<p class=\"read-more\"> <a class=\" thunk-readmore button \" href=\"https:\/\/filatelia.cuentista.es\/en\/product\/sello-uruguay-1973-blandengues-de-artigas-20\"> <span class=\"screen-reader-text\">Sello Uruguay 1973 &#8211; Blandengues de Artigas &#8211; 20$<\/span>Read More<\/a><\/p>\n","protected":false},"featured_media":2537,"comment_status":"open","ping_status":"closed","template":"","meta":{"_acf_changed":false},"product_brand":[],"product_cat":[763,20],"product_tag":[1233,1056],"class_list":{"0":"post-2538","1":"product","2":"type-product","3":"status-publish","4":"has-post-thumbnail","6":"product_cat-uruguay","7":"product_cat-sellos-usados","8":"product_tag-soldado","9":"product_tag-uniforme","10":"thunk-woo-product-list","11":"opn-qv-enable","12":"open-woo-hover-zoom","13":"open-single-product-tab-horizontal","14":"open-shadow-","15":"open-shadow-hover-","17":"first","18":"instock","19":"sale","20":"shipping-taxable","21":"purchasable","22":"product-type-simple"},"acf":[],"jetpack_sharing_enabled":true,"_links":{"self":[{"href":"https:\/\/filatelia.cuentista.es\/en\/wp-json\/wp\/v2\/product\/2538","targetHints":{"allow":["GET"]}}],"collection":[{"href":"https:\/\/filatelia.cuentista.es\/en\/wp-json\/wp\/v2\/product"}],"about":[{"href":"https:\/\/filatelia.cuentista.es\/en\/wp-json\/wp\/v2\/types\/product"}],"replies":[{"embeddable":true,"href":"https:\/\/filatelia.cuentista.es\/en\/wp-json\/wp\/v2\/comments?post=2538"}],"wp:featuredmedia":[{"embeddable":true,"href":"https:\/\/filatelia.cuentista.es\/en\/wp-json\/wp\/v2\/media\/2537"}],"wp:attachment":[{"href":"https:\/\/filatelia.cuentista.es\/en\/wp-json\/wp\/v2\/media?parent=2538"}],"wp:term":[{"taxonomy":"product_brand","embeddable":true,"href":"https:\/\/filatelia.cuentista.es\/en\/wp-json\/wp\/v2\/product_brand?post=2538"},{"taxonomy":"product_cat","embeddable":true,"href":"https:\/\/filatelia.cuentista.es\/en\/wp-json\/wp\/v2\/product_cat?post=2538"},{"taxonomy":"product_tag","embeddable":true,"href":"https:\/\/filatelia.cuentista.es\/en\/wp-json\/wp\/v2\/product_tag?post=2538"}],"curies":[{"name":"wp","href":"https:\/\/api.w.org\/{rel}","templated":true}]}}