{"id":2522,"date":"2024-09-07T12:46:12","date_gmt":"2024-09-07T12:46:12","guid":{"rendered":"https:\/\/filatelia.cuentista.es\/product\/sello-uruguay-flor-de-mburucuya-005n"},"modified":"2024-09-07T12:47:44","modified_gmt":"2024-09-07T12:47:44","slug":"sello-uruguay-flor-de-mburucuya-005n","status":"publish","type":"product","link":"https:\/\/filatelia.cuentista.es\/en\/product\/sello-uruguay-flor-de-mburucuya-005n","title":{"rendered":"Sello Uruguay &#8211; Flor de Mburucuya &#8211; 0,05N$"},"content":{"rendered":"<p>Pa\u00eds:<\/p>\n<p>Uruguay<\/p>\n<p>Serie:<\/p>\n<p>Definitives (1976-1979)<\/p>\n<p>C\u00f3digo de cat\u00e1logo:<\/p>\n<p>Michel UY 1418<\/p>\n<p>Stamp Number UY 949<\/p>\n<p>Yvert et Tellier UY 948<\/p>\n<p>Stanley Gibbons UY 1640<\/p>\n<p>Ciardi UY 948<\/p>\n<p>Tiene variantes menores: 1<\/p>\n<p>Temas:<\/p>\n<p>Flores | Plantas (Flora)<\/p>\n<p>Fecha emisi\u00f3n:<\/p>\n<p>1976-08-11<\/p>\n<p>Tama\u00f1o:<\/p>\n<p>21 x 26 mm<\/p>\n<p>Colores:<\/p>\n<p>Verde<\/p>\n<p>Marca de agua:<\/p>\n<p>ROU en Sol [Up]<\/p>\n<p>Dise\u00f1adores:<\/p>\n<p>Angel Medina<\/p>\n<p>Impresores\/Imprentas:<\/p>\n<p>Imprenta Nacional, Montevideo<\/p>\n<p>Formato:<\/p>\n<p>Sello<\/p>\n<p>Emisi\u00f3n:<\/p>\n<p>Definitivo<\/p>\n<p>Perforaci\u00f3n:<\/p>\n<p>peine12\u00bd<\/p>\n<p>Impresi\u00f3n:<\/p>\n<p>Litograf\u00eda offset<\/p>\n<p>Papel:<\/p>\n<p>Medium<\/p>\n<p>Valor facial:<\/p>\n<p>0,05 N$ &#8211; Nuevo Peso Uruguayo<\/p>\n<p>Tiraje:<\/p>\n<p>5.000.000<\/p>\n","protected":false},"excerpt":{"rendered":"<p>Pa\u00eds: Uruguay Serie: Definitives (1976-1979) C\u00f3digo de cat\u00e1logo: Michel UY 1418 Stamp Number UY 949 Yvert et Tellier UY 948 Stanley Gibbons UY 1640 Ciardi UY 948 Tiene variantes menores: 1 Temas: Flores | Plantas (Flora) Fecha emisi\u00f3n: 1976-08-11 Tama\u00f1o: 21 x 26 mm Colores: Verde Marca de agua: ROU en Sol [Up] Dise\u00f1adores: Angel &hellip;<\/p>\n<p class=\"read-more\"> <a class=\" thunk-readmore button \" href=\"https:\/\/filatelia.cuentista.es\/en\/product\/sello-uruguay-flor-de-mburucuya-005n\"> <span class=\"screen-reader-text\">Sello Uruguay &#8211; Flor de Mburucuya &#8211; 0,05N$<\/span>Read More<\/a><\/p>\n","protected":false},"featured_media":2521,"comment_status":"open","ping_status":"closed","template":"","meta":{"_acf_changed":false},"product_brand":[],"product_cat":[763,20],"product_tag":[1229],"class_list":{"0":"post-2522","1":"product","2":"type-product","3":"status-publish","4":"has-post-thumbnail","6":"product_cat-uruguay","7":"product_cat-sellos-usados","8":"product_tag-pasiflora","9":"thunk-woo-product-list","10":"opn-qv-enable","11":"open-woo-hover-zoom","12":"open-single-product-tab-horizontal","13":"open-shadow-","14":"open-shadow-hover-","16":"first","17":"instock","18":"sale","19":"shipping-taxable","20":"purchasable","21":"product-type-simple"},"acf":[],"jetpack_sharing_enabled":true,"_links":{"self":[{"href":"https:\/\/filatelia.cuentista.es\/en\/wp-json\/wp\/v2\/product\/2522","targetHints":{"allow":["GET"]}}],"collection":[{"href":"https:\/\/filatelia.cuentista.es\/en\/wp-json\/wp\/v2\/product"}],"about":[{"href":"https:\/\/filatelia.cuentista.es\/en\/wp-json\/wp\/v2\/types\/product"}],"replies":[{"embeddable":true,"href":"https:\/\/filatelia.cuentista.es\/en\/wp-json\/wp\/v2\/comments?post=2522"}],"wp:featuredmedia":[{"embeddable":true,"href":"https:\/\/filatelia.cuentista.es\/en\/wp-json\/wp\/v2\/media\/2521"}],"wp:attachment":[{"href":"https:\/\/filatelia.cuentista.es\/en\/wp-json\/wp\/v2\/media?parent=2522"}],"wp:term":[{"taxonomy":"product_brand","embeddable":true,"href":"https:\/\/filatelia.cuentista.es\/en\/wp-json\/wp\/v2\/product_brand?post=2522"},{"taxonomy":"product_cat","embeddable":true,"href":"https:\/\/filatelia.cuentista.es\/en\/wp-json\/wp\/v2\/product_cat?post=2522"},{"taxonomy":"product_tag","embeddable":true,"href":"https:\/\/filatelia.cuentista.es\/en\/wp-json\/wp\/v2\/product_tag?post=2522"}],"curies":[{"name":"wp","href":"https:\/\/api.w.org\/{rel}","templated":true}]}}