{"id":2518,"date":"2024-09-07T12:36:46","date_gmt":"2024-09-07T12:36:46","guid":{"rendered":"https:\/\/filatelia.cuentista.es\/product\/sello-uruguay-1949-conferencia-del-trabajo-7cts-usado"},"modified":"2024-09-07T12:40:24","modified_gmt":"2024-09-07T12:40:24","slug":"sello-uruguay-1949-conferencia-del-trabajo-7cts-usado","status":"publish","type":"product","link":"https:\/\/filatelia.cuentista.es\/en\/product\/sello-uruguay-1949-conferencia-del-trabajo-7cts-usado","title":{"rendered":"Sello Uruguay 1949 &#8211; Conferencia del Trabajo &#8211; 7cts. usado"},"content":{"rendered":"<p>Pa\u00eds:<\/p>\n<p>Uruguay<\/p>\n<p>Serie:<\/p>\n<p>4th American Regional Conference of Labour<\/p>\n<p>C\u00f3digo de cat\u00e1logo:<\/p>\n<p>Michel UY 746<\/p>\n<p>Stamp Number UY 580<\/p>\n<p>Yvert et Tellier UY 598<\/p>\n<p>Stanley Gibbons UY 994<\/p>\n<p>Ciardi UY 598<\/p>\n<p>Tiene variantes menores: 8<\/p>\n<p>Temas:<\/p>\n<p>Agricultura | Animales (Fauna) | Caballos| Congresos | Equitaci\u00f3n y Montar a Caballo | Mam\u00edferos | Organizaci\u00f3n del Trabajo<\/p>\n<p>Fecha emisi\u00f3n:<\/p>\n<p>1949-04-29<\/p>\n<p>Tama\u00f1o:<\/p>\n<p>47 x 28 mm<\/p>\n<p>Colores:<\/p>\n<p>Azul<\/p>\n<p>Marca de agua:<\/p>\n<p>Sin Marca de agua<\/p>\n<p>Impresores\/Imprentas:<\/p>\n<p>Imprenta Nacional, Montevideo<\/p>\n<p>Formato:<\/p>\n<p>Sello<\/p>\n<p>Emisi\u00f3n:<\/p>\n<p>Conmemorativo<\/p>\n<p>Perforaci\u00f3n:<\/p>\n<p>12\u00bd<\/p>\n<p>Impresi\u00f3n:<\/p>\n<p>Rebaje<\/p>\n<p>Papel:<\/p>\n<p>thick<\/p>\n<p>Valor facial:<\/p>\n<p>7 Cent\u00e9simo Uruguayo<\/p>\n<p>Tiraje:<\/p>\n<p>4.000.000<\/p>","protected":false},"excerpt":{"rendered":"<p>Pa\u00eds: Uruguay Serie: 4th American Regional Conference of Labour C\u00f3digo de cat\u00e1logo: Michel UY 746 Stamp Number UY 580 Yvert et Tellier UY 598 Stanley Gibbons UY 994 Ciardi UY 598 Tiene variantes menores: 8 Temas: Agricultura | Animales (Fauna) | Caballos| Congresos | Equitaci\u00f3n y Montar a Caballo | Mam\u00edferos | Organizaci\u00f3n del Trabajo &hellip;<\/p>\n<p class=\"read-more\"> <a class=\"thunk-readmore button\" href=\"https:\/\/filatelia.cuentista.es\/en\/product\/sello-uruguay-1949-conferencia-del-trabajo-7cts-usado\"> <span class=\"screen-reader-text\">Sello Uruguay 1949 &#8211; Conferencia del Trabajo &#8211; 7cts. usado<\/span>Read More<\/a><\/p>","protected":false},"featured_media":2517,"comment_status":"open","ping_status":"closed","template":"","meta":{"_acf_changed":false},"product_brand":[],"product_cat":[763,20],"product_tag":[762,1224,1225],"class_list":{"0":"post-2518","1":"product","2":"type-product","3":"status-publish","4":"has-post-thumbnail","6":"product_cat-uruguay","7":"product_cat-sellos-usados","8":"product_tag-caballo","9":"product_tag-jinete","10":"product_tag-latigo","11":"thunk-woo-product-list","12":"opn-qv-enable","13":"open-woo-hover-zoom","14":"open-single-product-tab-horizontal","15":"open-shadow-","16":"open-shadow-hover-","18":"first","19":"instock","20":"sale","21":"shipping-taxable","22":"purchasable","23":"product-type-simple"},"acf":[],"jetpack_sharing_enabled":true,"_links":{"self":[{"href":"https:\/\/filatelia.cuentista.es\/en\/wp-json\/wp\/v2\/product\/2518","targetHints":{"allow":["GET"]}}],"collection":[{"href":"https:\/\/filatelia.cuentista.es\/en\/wp-json\/wp\/v2\/product"}],"about":[{"href":"https:\/\/filatelia.cuentista.es\/en\/wp-json\/wp\/v2\/types\/product"}],"replies":[{"embeddable":true,"href":"https:\/\/filatelia.cuentista.es\/en\/wp-json\/wp\/v2\/comments?post=2518"}],"wp:featuredmedia":[{"embeddable":true,"href":"https:\/\/filatelia.cuentista.es\/en\/wp-json\/wp\/v2\/media\/2517"}],"wp:attachment":[{"href":"https:\/\/filatelia.cuentista.es\/en\/wp-json\/wp\/v2\/media?parent=2518"}],"wp:term":[{"taxonomy":"product_brand","embeddable":true,"href":"https:\/\/filatelia.cuentista.es\/en\/wp-json\/wp\/v2\/product_brand?post=2518"},{"taxonomy":"product_cat","embeddable":true,"href":"https:\/\/filatelia.cuentista.es\/en\/wp-json\/wp\/v2\/product_cat?post=2518"},{"taxonomy":"product_tag","embeddable":true,"href":"https:\/\/filatelia.cuentista.es\/en\/wp-json\/wp\/v2\/product_tag?post=2518"}],"curies":[{"name":"wp","href":"https:\/\/api.w.org\/{rel}","templated":true}]}}