{"id":2516,"date":"2024-09-07T12:34:08","date_gmt":"2024-09-07T12:34:08","guid":{"rendered":"https:\/\/filatelia.cuentista.es\/product\/sello-uruguay-1971-caidos-en-cumplimiento-del-deber-20-usado"},"modified":"2024-09-07T12:38:13","modified_gmt":"2024-09-07T12:38:13","slug":"sello-uruguay-1971-caidos-en-cumplimiento-del-deber-20-usado","status":"publish","type":"product","link":"https:\/\/filatelia.cuentista.es\/en\/product\/sello-uruguay-1971-caidos-en-cumplimiento-del-deber-20-usado","title":{"rendered":"Sello Uruguay 1971 &#8211; Ca\u00eddos en Cumplimiento del Deber &#8211; 20$ usado"},"content":{"rendered":"<p>Pa\u00eds:<\/p>\n<p>Uruguay<\/p>\n<p>Serie:<\/p>\n<p>Honouring KIA Police Officers<\/p>\n<p>C\u00f3digo de cat\u00e1logo:<\/p>\n<p>Ciardi UY 819a<\/p>\n<p>Variante menor de #367381<\/p>\n<p>Temas:<\/p>\n<p>Banderas | Polic\u00eda | Sellos (Emblemas)<\/p>\n<p>Fecha emisi\u00f3n:<\/p>\n<p>1971-11-04<\/p>\n<p>Colores:<\/p>\n<p>Multicolor<\/p>\n<p>Marca de agua:<\/p>\n<p>ROU en Sol [Up]<\/p>\n<p>Dise\u00f1adores:<\/p>\n<p>Angel Medina<\/p>\n<p>Impresores\/Imprentas:<\/p>\n<p>Imprenta Nacional, Montevideo<\/p>\n<p>Formato:<\/p>\n<p>Sello<\/p>\n<p>Emisi\u00f3n:<\/p>\n<p>Conmemorativo<\/p>\n<p>Perforaci\u00f3n:<\/p>\n<p>peine12<\/p>\n<p>Impresi\u00f3n:<\/p>\n<p>Litograf\u00eda offset<\/p>\n<p>Papel:<\/p>\n<p>fluorescent<\/p>\n<p>Valor facial:<\/p>\n<p>20 $ &#8211; Peso Uruguayo<\/p>\n","protected":false},"excerpt":{"rendered":"<p>Pa\u00eds: Uruguay Serie: Honouring KIA Police Officers C\u00f3digo de cat\u00e1logo: Ciardi UY 819a Variante menor de #367381 Temas: Banderas | Polic\u00eda | Sellos (Emblemas) Fecha emisi\u00f3n: 1971-11-04 Colores: Multicolor Marca de agua: ROU en Sol [Up] Dise\u00f1adores: Angel Medina Impresores\/Imprentas: Imprenta Nacional, Montevideo Formato: Sello Emisi\u00f3n: Conmemorativo Perforaci\u00f3n: peine12 Impresi\u00f3n: Litograf\u00eda offset Papel: fluorescent Valor &hellip;<\/p>\n<p class=\"read-more\"> <a class=\" thunk-readmore button \" href=\"https:\/\/filatelia.cuentista.es\/en\/product\/sello-uruguay-1971-caidos-en-cumplimiento-del-deber-20-usado\"> <span class=\"screen-reader-text\">Sello Uruguay 1971 &#8211; Ca\u00eddos en Cumplimiento del Deber &#8211; 20$ usado<\/span>Read More<\/a><\/p>\n","protected":false},"featured_media":2515,"comment_status":"open","ping_status":"closed","template":"","meta":{"_acf_changed":false},"product_brand":[],"product_cat":[763,20],"product_tag":[924,1207,212],"class_list":{"0":"post-2516","1":"product","2":"type-product","3":"status-publish","4":"has-post-thumbnail","6":"product_cat-uruguay","7":"product_cat-sellos-usados","8":"product_tag-bandera","9":"product_tag-espiga","10":"product_tag-militar","11":"thunk-woo-product-list","12":"opn-qv-enable","13":"open-woo-hover-zoom","14":"open-single-product-tab-horizontal","15":"open-shadow-","16":"open-shadow-hover-","18":"first","19":"instock","20":"sale","21":"shipping-taxable","22":"purchasable","23":"product-type-simple"},"acf":[],"jetpack_sharing_enabled":true,"_links":{"self":[{"href":"https:\/\/filatelia.cuentista.es\/en\/wp-json\/wp\/v2\/product\/2516","targetHints":{"allow":["GET"]}}],"collection":[{"href":"https:\/\/filatelia.cuentista.es\/en\/wp-json\/wp\/v2\/product"}],"about":[{"href":"https:\/\/filatelia.cuentista.es\/en\/wp-json\/wp\/v2\/types\/product"}],"replies":[{"embeddable":true,"href":"https:\/\/filatelia.cuentista.es\/en\/wp-json\/wp\/v2\/comments?post=2516"}],"wp:featuredmedia":[{"embeddable":true,"href":"https:\/\/filatelia.cuentista.es\/en\/wp-json\/wp\/v2\/media\/2515"}],"wp:attachment":[{"href":"https:\/\/filatelia.cuentista.es\/en\/wp-json\/wp\/v2\/media?parent=2516"}],"wp:term":[{"taxonomy":"product_brand","embeddable":true,"href":"https:\/\/filatelia.cuentista.es\/en\/wp-json\/wp\/v2\/product_brand?post=2516"},{"taxonomy":"product_cat","embeddable":true,"href":"https:\/\/filatelia.cuentista.es\/en\/wp-json\/wp\/v2\/product_cat?post=2516"},{"taxonomy":"product_tag","embeddable":true,"href":"https:\/\/filatelia.cuentista.es\/en\/wp-json\/wp\/v2\/product_tag?post=2516"}],"curies":[{"name":"wp","href":"https:\/\/api.w.org\/{rel}","templated":true}]}}