{"id":2495,"date":"2024-09-06T21:24:21","date_gmt":"2024-09-06T21:24:21","guid":{"rendered":"https:\/\/filatelia.cuentista.es\/product\/sello-uruguay-monumento-a-rodo-12-cents-usado"},"modified":"2024-09-06T21:25:48","modified_gmt":"2024-09-06T21:25:48","slug":"sello-uruguay-monumento-a-rodo-12-cents-usado","status":"publish","type":"product","link":"https:\/\/filatelia.cuentista.es\/en\/product\/sello-uruguay-monumento-a-rodo-12-cents-usado","title":{"rendered":"Sello Uruguay 1948 &#8211; Monumento a Rod\u00f3- 12 cents, usado"},"content":{"rendered":"<p>Pa\u00eds:<\/p>\n<p>Uruguay<\/p>\n<p>Serie:<\/p>\n<p>Monument of Jos\u00e9 Enrique Rod\u00f3<\/p>\n<p>C\u00f3digo de cat\u00e1logo:<\/p>\n<p>Michel UY 734<\/p>\n<p>Stamp Number UY 561<\/p>\n<p>Yvert et Tellier UY 588<\/p>\n<p>Stanley Gibbons UY 983<\/p>\n<p>Ciardi UY 588<\/p>\n<p>Tiene variantes menores: 1<\/p>\n<p>Temas:<\/p>\n<p>Estatuas | Monumentos<\/p>\n<p>Fecha emisi\u00f3n:<\/p>\n<p>1948-01-30<\/p>\n<p>Colores:<\/p>\n<p>Azul marino | Marr\u00f3n<\/p>\n<p>Marca de agua:<\/p>\n<p>Sin Marca de agua<\/p>\n<p>Impresores\/Imprentas:<\/p>\n<p>Waterlow &amp; Sons Ltd<\/p>\n<p>Formato:<\/p>\n<p>Sello<\/p>\n<p>Emisi\u00f3n:<\/p>\n<p>Conmemorativo<\/p>\n<p>Perforaci\u00f3n:<\/p>\n<p>12\u00bd<\/p>\n<p>Impresi\u00f3n:<\/p>\n<p>Rebaje<\/p>\n<p>Papel:<\/p>\n<p>Medium<\/p>\n<p>Valor facial:<\/p>\n<p>12 Cent\u00e9simo Uruguayo<\/p>\n<p>Tiraje:<\/p>\n<p>1.000.000<\/p>","protected":false},"excerpt":{"rendered":"<p>Pa\u00eds: Uruguay Serie: Monument of Jos\u00e9 Enrique Rod\u00f3 C\u00f3digo de cat\u00e1logo: Michel UY 734 Stamp Number UY 561 Yvert et Tellier UY 588 Stanley Gibbons UY 983 Ciardi UY 588 Tiene variantes menores: 1 Temas: Estatuas | Monumentos Fecha emisi\u00f3n: 1948-01-30 Colores: Azul marino | Marr\u00f3n Marca de agua: Sin Marca de agua Impresores\/Imprentas: Waterlow &hellip;<\/p>\n<p class=\"read-more\"> <a class=\"thunk-readmore button\" href=\"https:\/\/filatelia.cuentista.es\/en\/product\/sello-uruguay-monumento-a-rodo-12-cents-usado\"> <span class=\"screen-reader-text\">Sello Uruguay 1948 &#8211; Monumento a Rod\u00f3- 12 cents, usado<\/span>Read More<\/a><\/p>","protected":false},"featured_media":2494,"comment_status":"open","ping_status":"closed","template":"","meta":{"_acf_changed":false},"product_brand":[],"product_cat":[763,20],"product_tag":[],"class_list":{"0":"post-2495","1":"product","2":"type-product","3":"status-publish","4":"has-post-thumbnail","6":"product_cat-uruguay","7":"product_cat-sellos-usados","8":"thunk-woo-product-list","9":"opn-qv-enable","10":"open-woo-hover-zoom","11":"open-single-product-tab-horizontal","12":"open-shadow-","13":"open-shadow-hover-","15":"first","16":"instock","17":"sale","18":"shipping-taxable","19":"purchasable","20":"product-type-simple"},"acf":[],"jetpack_sharing_enabled":true,"_links":{"self":[{"href":"https:\/\/filatelia.cuentista.es\/en\/wp-json\/wp\/v2\/product\/2495","targetHints":{"allow":["GET"]}}],"collection":[{"href":"https:\/\/filatelia.cuentista.es\/en\/wp-json\/wp\/v2\/product"}],"about":[{"href":"https:\/\/filatelia.cuentista.es\/en\/wp-json\/wp\/v2\/types\/product"}],"replies":[{"embeddable":true,"href":"https:\/\/filatelia.cuentista.es\/en\/wp-json\/wp\/v2\/comments?post=2495"}],"wp:featuredmedia":[{"embeddable":true,"href":"https:\/\/filatelia.cuentista.es\/en\/wp-json\/wp\/v2\/media\/2494"}],"wp:attachment":[{"href":"https:\/\/filatelia.cuentista.es\/en\/wp-json\/wp\/v2\/media?parent=2495"}],"wp:term":[{"taxonomy":"product_brand","embeddable":true,"href":"https:\/\/filatelia.cuentista.es\/en\/wp-json\/wp\/v2\/product_brand?post=2495"},{"taxonomy":"product_cat","embeddable":true,"href":"https:\/\/filatelia.cuentista.es\/en\/wp-json\/wp\/v2\/product_cat?post=2495"},{"taxonomy":"product_tag","embeddable":true,"href":"https:\/\/filatelia.cuentista.es\/en\/wp-json\/wp\/v2\/product_tag?post=2495"}],"curies":[{"name":"wp","href":"https:\/\/api.w.org\/{rel}","templated":true}]}}