{"id":2493,"date":"2024-09-06T19:59:57","date_gmt":"2024-09-06T19:59:57","guid":{"rendered":"https:\/\/filatelia.cuentista.es\/product\/sellos-uruguay-par-oficios-5-y-25"},"modified":"2024-09-06T20:03:22","modified_gmt":"2024-09-06T20:03:22","slug":"sellos-uruguay-par-oficios-5-y-25","status":"publish","type":"product","link":"https:\/\/filatelia.cuentista.es\/en\/product\/sellos-uruguay-par-oficios-5-y-25","title":{"rendered":"Sellos Uruguay Par 2010 &#8211; Oficios &#8211; 5$ y 25$ autoadhesivos s\/papel"},"content":{"rendered":"<p>Pa\u00eds:<\/p>\n<p>Uruguay<\/p>\n<p>Serie:<\/p>\n<p>Occupations<\/p>\n<p>C\u00f3digo de cat\u00e1logo:<\/p>\n<p>Michel UY 3093<\/p>\n<p>Stamp Number UY 2290<\/p>\n<p>Yvert et Tellier UY 2426<\/p>\n<p>Stanley Gibbons UY 3179<\/p>\n<p>WADP Numbering System &#8211; WNSUY005.10<\/p>\n<p>Temas:<\/p>\n<p>Profesiones<\/p>\n<p>Fecha emisi\u00f3n:<\/p>\n<p>2010-05-27<\/p>\n<p>Tama\u00f1o:<\/p>\n<p>30 x 42 mm<\/p>\n<p>Colores:<\/p>\n<p>Multicolor<\/p>\n<p>Marca de agua:<\/p>\n<p>Sin Marca de agua<\/p>\n<p>Dise\u00f1adores:<\/p>\n<p>Carlos Menck Freire<\/p>\n<p>Impresores\/Imprentas:<\/p>\n<p>Sanfer SRL<\/p>\n<p>Formato:<\/p>\n<p>Sello<\/p>\n<p>Emisi\u00f3n:<\/p>\n<p>Definitivo<\/p>\n<p>Perforaci\u00f3n:<\/p>\n<p>Imperforado<\/p>\n<p>Impresi\u00f3n:<\/p>\n<p>Litograf\u00eda offset<\/p>\n<p>Goma:<\/p>\n<p>Autoadhesiva<\/p>\n<p>Valor facial:<\/p>\n<p>5 $ &#8211; Peso Uruguayo<\/p>\n<p>Tiraje:<\/p>\n<p>200.000<\/p>","protected":false},"excerpt":{"rendered":"<p>Pa\u00eds: Uruguay Serie: Occupations C\u00f3digo de cat\u00e1logo: Michel UY 3093 Stamp Number UY 2290 Yvert et Tellier UY 2426 Stanley Gibbons UY 3179 WADP Numbering System &#8211; WNSUY005.10 Temas: Profesiones Fecha emisi\u00f3n: 2010-05-27 Tama\u00f1o: 30 x 42 mm Colores: Multicolor Marca de agua: Sin Marca de agua Dise\u00f1adores: Carlos Menck Freire Impresores\/Imprentas: Sanfer SRL Formato: &hellip;<\/p>\n<p class=\"read-more\"> <a class=\"thunk-readmore button\" href=\"https:\/\/filatelia.cuentista.es\/en\/product\/sellos-uruguay-par-oficios-5-y-25\"> <span class=\"screen-reader-text\">Sellos Uruguay Par 2010 &#8211; Oficios &#8211; 5$ y 25$ autoadhesivos s\/papel<\/span>Read More<\/a><\/p>","protected":false},"featured_media":2492,"comment_status":"open","ping_status":"closed","template":"","meta":{"_acf_changed":false},"product_brand":[],"product_cat":[1214,763,20],"product_tag":[1217,1215,1216],"class_list":{"0":"post-2493","1":"product","2":"type-product","3":"status-publish","4":"has-post-thumbnail","6":"product_cat-autoadhesivo","7":"product_cat-uruguay","8":"product_cat-sellos-usados","9":"product_tag-pescado","10":"product_tag-vendedor","11":"product_tag-zapatillas","12":"thunk-woo-product-list","13":"opn-qv-enable","14":"open-woo-hover-zoom","15":"open-single-product-tab-horizontal","16":"open-shadow-","17":"open-shadow-hover-","19":"first","20":"instock","21":"sale","22":"shipping-taxable","23":"purchasable","24":"product-type-simple"},"acf":[],"jetpack_sharing_enabled":true,"_links":{"self":[{"href":"https:\/\/filatelia.cuentista.es\/en\/wp-json\/wp\/v2\/product\/2493","targetHints":{"allow":["GET"]}}],"collection":[{"href":"https:\/\/filatelia.cuentista.es\/en\/wp-json\/wp\/v2\/product"}],"about":[{"href":"https:\/\/filatelia.cuentista.es\/en\/wp-json\/wp\/v2\/types\/product"}],"replies":[{"embeddable":true,"href":"https:\/\/filatelia.cuentista.es\/en\/wp-json\/wp\/v2\/comments?post=2493"}],"wp:featuredmedia":[{"embeddable":true,"href":"https:\/\/filatelia.cuentista.es\/en\/wp-json\/wp\/v2\/media\/2492"}],"wp:attachment":[{"href":"https:\/\/filatelia.cuentista.es\/en\/wp-json\/wp\/v2\/media?parent=2493"}],"wp:term":[{"taxonomy":"product_brand","embeddable":true,"href":"https:\/\/filatelia.cuentista.es\/en\/wp-json\/wp\/v2\/product_brand?post=2493"},{"taxonomy":"product_cat","embeddable":true,"href":"https:\/\/filatelia.cuentista.es\/en\/wp-json\/wp\/v2\/product_cat?post=2493"},{"taxonomy":"product_tag","embeddable":true,"href":"https:\/\/filatelia.cuentista.es\/en\/wp-json\/wp\/v2\/product_tag?post=2493"}],"curies":[{"name":"wp","href":"https:\/\/api.w.org\/{rel}","templated":true}]}}