{"id":2491,"date":"2024-09-06T19:52:26","date_gmt":"2024-09-06T19:52:26","guid":{"rendered":"https:\/\/filatelia.cuentista.es\/product\/sello-uruguay-1962-aniversario-ute-baygorria-17-n-con-papel"},"modified":"2024-09-06T19:54:15","modified_gmt":"2024-09-06T19:54:15","slug":"sello-uruguay-1962-aniversario-ute-baygorria-17-n-con-papel","status":"publish","type":"product","link":"https:\/\/filatelia.cuentista.es\/en\/product\/sello-uruguay-1962-aniversario-ute-baygorria-17-n-con-papel","title":{"rendered":"Sello Uruguay 1962 &#8211; Aniversario UTE Baygorria &#8211; 17 N$, con papel"},"content":{"rendered":"<p>Pa\u00eds:<\/p>\n<p>Uruguay<\/p>\n<p>Serie:<\/p>\n<p>UTE, anniv.<\/p>\n<p>C\u00f3digo de cat\u00e1logo:<\/p>\n<p>Michel UY 1783<\/p>\n<p>Stamp Number UY 1253<\/p>\n<p>Yvert et Tellier UY 1233<\/p>\n<p>Stanley Gibbons UY 1924<\/p>\n<p>Ciardi UY 1233<\/p>\n<p>Temas:<\/p>\n<p>Diques y Represas | Plantas Energ\u00e9ticas<\/p>\n<p>Fecha emisi\u00f3n:<\/p>\n<p>1988-04-20<\/p>\n<p>Colores:<\/p>\n<p>Azul brillante | Negro | Verde<\/p>\n<p>Marca de agua:<\/p>\n<p>ROU en Sol [Up]<\/p>\n<p>Dise\u00f1adores:<\/p>\n<p>Carlos Menck Freire<\/p>\n<p>Impresores\/Imprentas:<\/p>\n<p>Imprenta Nacional, Montevideo<\/p>\n<p>Formato:<\/p>\n<p>Sello<\/p>\n<p>Emisi\u00f3n:<\/p>\n<p>Conmemorativo<\/p>\n<p>Perforaci\u00f3n:<\/p>\n<p>12<\/p>\n<p>Impresi\u00f3n:<\/p>\n<p>Litograf\u00eda offset<\/p>\n<p>Papel:<\/p>\n<p>fluorescent<\/p>\n<p>Valor facial:<\/p>\n<p>17 N$ &#8211; Nuevo Peso Uruguayo<\/p>\n<p>Tiraje:<\/p>\n<p>150.000<\/p>\n","protected":false},"excerpt":{"rendered":"<p>Pa\u00eds: Uruguay Serie: UTE, anniv. C\u00f3digo de cat\u00e1logo: Michel UY 1783 Stamp Number UY 1253 Yvert et Tellier UY 1233 Stanley Gibbons UY 1924 Ciardi UY 1233 Temas: Diques y Represas | Plantas Energ\u00e9ticas Fecha emisi\u00f3n: 1988-04-20 Colores: Azul brillante | Negro | Verde Marca de agua: ROU en Sol [Up] Dise\u00f1adores: Carlos Menck Freire &hellip;<\/p>\n<p class=\"read-more\"> <a class=\" thunk-readmore button \" href=\"https:\/\/filatelia.cuentista.es\/en\/product\/sello-uruguay-1962-aniversario-ute-baygorria-17-n-con-papel\"> <span class=\"screen-reader-text\">Sello Uruguay 1962 &#8211; Aniversario UTE Baygorria &#8211; 17 N$, con papel<\/span>Read More<\/a><\/p>\n","protected":false},"featured_media":2490,"comment_status":"open","ping_status":"closed","template":"","meta":{"_acf_changed":false},"product_brand":[],"product_cat":[763,20],"product_tag":[47,1200],"class_list":{"0":"post-2491","1":"product","2":"type-product","3":"status-publish","4":"has-post-thumbnail","6":"product_cat-uruguay","7":"product_cat-sellos-usados","8":"product_tag-energia","9":"product_tag-represa","10":"thunk-woo-product-list","11":"opn-qv-enable","12":"open-woo-hover-zoom","13":"open-single-product-tab-horizontal","14":"open-shadow-","15":"open-shadow-hover-","17":"first","18":"instock","19":"sale","20":"shipping-taxable","21":"purchasable","22":"product-type-simple"},"acf":[],"jetpack_sharing_enabled":true,"_links":{"self":[{"href":"https:\/\/filatelia.cuentista.es\/en\/wp-json\/wp\/v2\/product\/2491","targetHints":{"allow":["GET"]}}],"collection":[{"href":"https:\/\/filatelia.cuentista.es\/en\/wp-json\/wp\/v2\/product"}],"about":[{"href":"https:\/\/filatelia.cuentista.es\/en\/wp-json\/wp\/v2\/types\/product"}],"replies":[{"embeddable":true,"href":"https:\/\/filatelia.cuentista.es\/en\/wp-json\/wp\/v2\/comments?post=2491"}],"wp:featuredmedia":[{"embeddable":true,"href":"https:\/\/filatelia.cuentista.es\/en\/wp-json\/wp\/v2\/media\/2490"}],"wp:attachment":[{"href":"https:\/\/filatelia.cuentista.es\/en\/wp-json\/wp\/v2\/media?parent=2491"}],"wp:term":[{"taxonomy":"product_brand","embeddable":true,"href":"https:\/\/filatelia.cuentista.es\/en\/wp-json\/wp\/v2\/product_brand?post=2491"},{"taxonomy":"product_cat","embeddable":true,"href":"https:\/\/filatelia.cuentista.es\/en\/wp-json\/wp\/v2\/product_cat?post=2491"},{"taxonomy":"product_tag","embeddable":true,"href":"https:\/\/filatelia.cuentista.es\/en\/wp-json\/wp\/v2\/product_tag?post=2491"}],"curies":[{"name":"wp","href":"https:\/\/api.w.org\/{rel}","templated":true}]}}