{"id":2489,"date":"2024-09-06T19:43:25","date_gmt":"2024-09-06T19:43:25","guid":{"rendered":"https:\/\/filatelia.cuentista.es\/product\/sello-bolivia-1959"},"modified":"2024-09-06T19:50:42","modified_gmt":"2024-09-06T19:50:42","slug":"sello-bolivia-1959","status":"publish","type":"product","link":"https:\/\/filatelia.cuentista.es\/en\/product\/sello-bolivia-1959","title":{"rendered":"Sello Ecuador 1959 &#8211; OEA &#8211; 1,30 sucres usado"},"content":{"rendered":"<p>Pa\u00eds:<\/p>\n<p>Ecuador<\/p>\n<p>Serie:<\/p>\n<p>Organization of American States (OAS)<\/p>\n<p>C\u00f3digo de cat\u00e1logo:<\/p>\n<p>Michel EC 1012<\/p>\n<p>Stamp Number EC C354<\/p>\n<p>Yvert et Tellier EC PA355<\/p>\n<p>Stanley Gibbons EC 1146<\/p>\n<p>Bertossa EC 1056<\/p>\n<p>Variantes:<\/p>\n<p>Click para ver variantes<\/p>\n<p>Temas:<\/p>\n<p>Banderas | Organizaciones | Pol\u00edtica<\/p>\n<p>Fecha emisi\u00f3n:<\/p>\n<p>1959-10-15<\/p>\n<p>Colores:<\/p>\n<p>Multicolor<\/p>\n<p>Marca de agua:<\/p>\n<p>Sin Marca de agua<\/p>\n<p>Impresores\/Imprentas:<\/p>\n<p>Litografia Nacional S.A., Porto<\/p>\n<p>Formato:<\/p>\n<p>Sello<\/p>\n<p>Emisi\u00f3n:<\/p>\n<p>Correo A\u00e9reo<\/p>\n<p>Perforaci\u00f3n:<\/p>\n<p>13\u00bd<\/p>\n<p>Impresi\u00f3n:<\/p>\n<p>Litograf\u00eda offset<\/p>\n<p>Valor facial:<\/p>\n<p>1,30 S\/. &#8211; Sucre Ecuatoriano<\/p>","protected":false},"excerpt":{"rendered":"<p>Pa\u00eds: Ecuador Serie: Organization of American States (OAS) C\u00f3digo de cat\u00e1logo: Michel EC 1012 Stamp Number EC C354 Yvert et Tellier EC PA355 Stanley Gibbons EC 1146 Bertossa EC 1056 Variantes: Click para ver variantes Temas: Banderas | Organizaciones | Pol\u00edtica Fecha emisi\u00f3n: 1959-10-15 Colores: Multicolor Marca de agua: Sin Marca de agua Impresores\/Imprentas: Litografia &hellip;<\/p>\n<p class=\"read-more\"> <a class=\"thunk-readmore button\" href=\"https:\/\/filatelia.cuentista.es\/en\/product\/sello-bolivia-1959\"> <span class=\"screen-reader-text\">Sello Ecuador 1959 &#8211; OEA &#8211; 1,30 sucres usado<\/span>Read More<\/a><\/p>","protected":false},"featured_media":2488,"comment_status":"open","ping_status":"closed","template":"","meta":{"_acf_changed":false},"product_brand":[],"product_cat":[1213,20],"product_tag":[31],"class_list":{"0":"post-2489","1":"product","2":"type-product","3":"status-publish","4":"has-post-thumbnail","6":"product_cat-ecuador","7":"product_cat-sellos-usados","8":"product_tag-banderas","9":"thunk-woo-product-list","10":"opn-qv-enable","11":"open-woo-hover-zoom","12":"open-single-product-tab-horizontal","13":"open-shadow-","14":"open-shadow-hover-","16":"first","17":"instock","18":"sale","19":"shipping-taxable","20":"purchasable","21":"product-type-simple"},"acf":[],"jetpack_sharing_enabled":true,"_links":{"self":[{"href":"https:\/\/filatelia.cuentista.es\/en\/wp-json\/wp\/v2\/product\/2489","targetHints":{"allow":["GET"]}}],"collection":[{"href":"https:\/\/filatelia.cuentista.es\/en\/wp-json\/wp\/v2\/product"}],"about":[{"href":"https:\/\/filatelia.cuentista.es\/en\/wp-json\/wp\/v2\/types\/product"}],"replies":[{"embeddable":true,"href":"https:\/\/filatelia.cuentista.es\/en\/wp-json\/wp\/v2\/comments?post=2489"}],"wp:featuredmedia":[{"embeddable":true,"href":"https:\/\/filatelia.cuentista.es\/en\/wp-json\/wp\/v2\/media\/2488"}],"wp:attachment":[{"href":"https:\/\/filatelia.cuentista.es\/en\/wp-json\/wp\/v2\/media?parent=2489"}],"wp:term":[{"taxonomy":"product_brand","embeddable":true,"href":"https:\/\/filatelia.cuentista.es\/en\/wp-json\/wp\/v2\/product_brand?post=2489"},{"taxonomy":"product_cat","embeddable":true,"href":"https:\/\/filatelia.cuentista.es\/en\/wp-json\/wp\/v2\/product_cat?post=2489"},{"taxonomy":"product_tag","embeddable":true,"href":"https:\/\/filatelia.cuentista.es\/en\/wp-json\/wp\/v2\/product_tag?post=2489"}],"curies":[{"name":"wp","href":"https:\/\/api.w.org\/{rel}","templated":true}]}}