{"id":2485,"date":"2024-09-06T19:39:42","date_gmt":"2024-09-06T19:39:42","guid":{"rendered":"https:\/\/filatelia.cuentista.es\/product\/sello-uruguay-en-papel-2019-jose-g-artigas-70-usado"},"modified":"2024-09-06T19:39:42","modified_gmt":"2024-09-06T19:39:42","slug":"sello-uruguay-en-papel-2019-jose-g-artigas-70-usado","status":"publish","type":"product","link":"https:\/\/filatelia.cuentista.es\/en\/product\/sello-uruguay-en-papel-2019-jose-g-artigas-70-usado","title":{"rendered":"Sello Uruguay en Papel 2019 &#8211; Jos\u00e9 G Artigas &#8211; 70$ usado"},"content":{"rendered":"<p>Pa\u00eds:<\/p>\n<p>Uruguay<\/p>\n<p>Serie:<\/p>\n<p>Definitives General Artigas (2016-)<\/p>\n<p>C\u00f3digo de cat\u00e1logo:<\/p>\n<p>Michel UY 3695<\/p>\n<p>Stamp Number UY 2652<\/p>\n<p>Yvert et Tellier UY 2976<\/p>\n<p>Stanley Gibbons UY 3694<\/p>\n<p>WADP Numbering System &#8211; WNS UY 067.19<\/p>\n<p>Temas:<\/p>\n<p>Estadistas | Generales | H\u00e9roes | Jefes de Estado (de Facto) | Oficiales Militares| Personajes Famosos | Personajes de la Independencia | Pol\u00edticos<\/p>\n<p>Fecha emisi\u00f3n:<\/p>\n<p>2019-12-12<\/p>\n<p>Tama\u00f1o:<\/p>\n<p>31 x 24 mm<\/p>\n<p>Colores:<\/p>\n<p>Multicolor | Pardo<\/p>\n<p>Marca de agua:<\/p>\n<p>Sin Marca de agua<\/p>\n<p>Dise\u00f1adores:<\/p>\n<p>Alejandro Muntz<\/p>\n<p>Impresores\/Imprentas:<\/p>\n<p>Garino Hnos. S.A.<\/p>\n<p>Formato:<\/p>\n<p>Sello<\/p>\n<p>Emisi\u00f3n:<\/p>\n<p>Definitivo<\/p>\n<p>Perforaci\u00f3n:<\/p>\n<p>Troquelado en Serpentina10<\/p>\n<p>Impresi\u00f3n:<\/p>\n<p>Litograf\u00eda offset<\/p>\n<p>Goma:<\/p>\n<p>Autoadhesiva<\/p>\n<p>Valor facial:<\/p>\n<p>70 $ &#8211; Peso Uruguayo<\/p>\n<p>Tiraje:<\/p>\n<p>100.000<\/p>","protected":false},"excerpt":{"rendered":"<p>Pa\u00eds: Uruguay Serie: Definitives General Artigas (2016-) C\u00f3digo de cat\u00e1logo: Michel UY 3695 Stamp Number UY 2652 Yvert et Tellier UY 2976 Stanley Gibbons UY 3694 WADP Numbering System &#8211; WNS UY 067.19 Temas: Estadistas | Generales | H\u00e9roes | Jefes de Estado (de Facto) | Oficiales Militares| Personajes Famosos | Personajes de la Independencia &hellip;<\/p>\n<p class=\"read-more\"> <a class=\"thunk-readmore button\" href=\"https:\/\/filatelia.cuentista.es\/en\/product\/sello-uruguay-en-papel-2019-jose-g-artigas-70-usado\"> <span class=\"screen-reader-text\">Sello Uruguay en Papel 2019 &#8211; Jos\u00e9 G Artigas &#8211; 70$ usado<\/span>Read More<\/a><\/p>","protected":false},"featured_media":2484,"comment_status":"open","ping_status":"closed","template":"","meta":{"_acf_changed":false},"product_brand":[],"product_cat":[15],"product_tag":[],"class_list":{"0":"post-2485","1":"product","2":"type-product","3":"status-publish","4":"has-post-thumbnail","6":"product_cat-coleccionismo","7":"thunk-woo-product-list","8":"opn-qv-enable","9":"open-woo-hover-zoom","10":"open-single-product-tab-horizontal","11":"open-shadow-","12":"open-shadow-hover-","14":"first","15":"instock","16":"sale","17":"shipping-taxable","18":"purchasable","19":"product-type-simple"},"acf":[],"jetpack_sharing_enabled":true,"_links":{"self":[{"href":"https:\/\/filatelia.cuentista.es\/en\/wp-json\/wp\/v2\/product\/2485","targetHints":{"allow":["GET"]}}],"collection":[{"href":"https:\/\/filatelia.cuentista.es\/en\/wp-json\/wp\/v2\/product"}],"about":[{"href":"https:\/\/filatelia.cuentista.es\/en\/wp-json\/wp\/v2\/types\/product"}],"replies":[{"embeddable":true,"href":"https:\/\/filatelia.cuentista.es\/en\/wp-json\/wp\/v2\/comments?post=2485"}],"wp:featuredmedia":[{"embeddable":true,"href":"https:\/\/filatelia.cuentista.es\/en\/wp-json\/wp\/v2\/media\/2484"}],"wp:attachment":[{"href":"https:\/\/filatelia.cuentista.es\/en\/wp-json\/wp\/v2\/media?parent=2485"}],"wp:term":[{"taxonomy":"product_brand","embeddable":true,"href":"https:\/\/filatelia.cuentista.es\/en\/wp-json\/wp\/v2\/product_brand?post=2485"},{"taxonomy":"product_cat","embeddable":true,"href":"https:\/\/filatelia.cuentista.es\/en\/wp-json\/wp\/v2\/product_cat?post=2485"},{"taxonomy":"product_tag","embeddable":true,"href":"https:\/\/filatelia.cuentista.es\/en\/wp-json\/wp\/v2\/product_tag?post=2485"}],"curies":[{"name":"wp","href":"https:\/\/api.w.org\/{rel}","templated":true}]}}