{"id":2483,"date":"2024-09-06T19:34:54","date_gmt":"2024-09-06T19:34:54","guid":{"rendered":"https:\/\/filatelia.cuentista.es\/product\/sello-uruguay-2012-dia-de-la-mujer-12-usados"},"modified":"2024-09-06T19:36:36","modified_gmt":"2024-09-06T19:36:36","slug":"sello-uruguay-2012-dia-de-la-mujer-12-usados","status":"publish","type":"product","link":"https:\/\/filatelia.cuentista.es\/en\/product\/sello-uruguay-2012-dia-de-la-mujer-12-usados","title":{"rendered":"Sello Uruguay 2012 &#8211; D\u00eda de la Mujer &#8211; 12$ Usados"},"content":{"rendered":"<p>Pa\u00eds:<\/p>\n<p>Uruguay<\/p>\n<p>C\u00f3digo de cat\u00e1logo:<\/p>\n<p>Michel UY 3223<\/p>\n<p>Stamp Number UY 2373<\/p>\n<p>Yvert et Tellier UY 2551<\/p>\n<p>Stanley Gibbons UY 3311<\/p>\n<p>WADP Numbering System &#8211; WNSUY008.12<\/p>\n<p>Temas:<\/p>\n<p>Mujeres<\/p>\n<p>Fecha emisi\u00f3n:<\/p>\n<p>2012-03-07<\/p>\n<p>Tama\u00f1o:<\/p>\n<p>42 x 30 mm<\/p>\n<p>Colores:<\/p>\n<p>Multicolor<\/p>\n<p>Dise\u00f1adores:<\/p>\n<p>Gabriel Romeo<\/p>\n<p>Impresores\/Imprentas:<\/p>\n<p>Sanfer SRL<\/p>\n<p>Formato:<\/p>\n<p>Sello<\/p>\n<p>Emisi\u00f3n:<\/p>\n<p>Conmemorativo<\/p>\n<p>Perforaci\u00f3n:<\/p>\n<p>peine12\u00bd x 12\u00be<\/p>\n<p>Impresi\u00f3n:<\/p>\n<p>Litograf\u00eda offset<\/p>\n<p>Valor facial:<\/p>\n<p>12 $ &#8211; Peso Uruguayo<\/p>\n<p>Tiraje:<\/p>\n<p>15.000<\/p>","protected":false},"excerpt":{"rendered":"<p>Pa\u00eds: Uruguay C\u00f3digo de cat\u00e1logo: Michel UY 3223 Stamp Number UY 2373 Yvert et Tellier UY 2551 Stanley Gibbons UY 3311 WADP Numbering System &#8211; WNSUY008.12 Temas: Mujeres Fecha emisi\u00f3n: 2012-03-07 Tama\u00f1o: 42 x 30 mm Colores: Multicolor Dise\u00f1adores: Gabriel Romeo Impresores\/Imprentas: Sanfer SRL Formato: Sello Emisi\u00f3n: Conmemorativo Perforaci\u00f3n: peine12\u00bd x 12\u00be Impresi\u00f3n: Litograf\u00eda offset &hellip;<\/p>\n<p class=\"read-more\"> <a class=\"thunk-readmore button\" href=\"https:\/\/filatelia.cuentista.es\/en\/product\/sello-uruguay-2012-dia-de-la-mujer-12-usados\"> <span class=\"screen-reader-text\">Sello Uruguay 2012 &#8211; D\u00eda de la Mujer &#8211; 12$ Usados<\/span>Read More<\/a><\/p>","protected":false},"featured_media":2482,"comment_status":"open","ping_status":"closed","template":"","meta":{"_acf_changed":false},"product_brand":[],"product_cat":[763,20],"product_tag":[],"class_list":{"0":"post-2483","1":"product","2":"type-product","3":"status-publish","4":"has-post-thumbnail","6":"product_cat-uruguay","7":"product_cat-sellos-usados","8":"thunk-woo-product-list","9":"opn-qv-enable","10":"open-woo-hover-zoom","11":"open-single-product-tab-horizontal","12":"open-shadow-","13":"open-shadow-hover-","15":"first","16":"instock","17":"sale","18":"shipping-taxable","19":"purchasable","20":"product-type-simple"},"acf":[],"jetpack_sharing_enabled":true,"_links":{"self":[{"href":"https:\/\/filatelia.cuentista.es\/en\/wp-json\/wp\/v2\/product\/2483","targetHints":{"allow":["GET"]}}],"collection":[{"href":"https:\/\/filatelia.cuentista.es\/en\/wp-json\/wp\/v2\/product"}],"about":[{"href":"https:\/\/filatelia.cuentista.es\/en\/wp-json\/wp\/v2\/types\/product"}],"replies":[{"embeddable":true,"href":"https:\/\/filatelia.cuentista.es\/en\/wp-json\/wp\/v2\/comments?post=2483"}],"wp:featuredmedia":[{"embeddable":true,"href":"https:\/\/filatelia.cuentista.es\/en\/wp-json\/wp\/v2\/media\/2482"}],"wp:attachment":[{"href":"https:\/\/filatelia.cuentista.es\/en\/wp-json\/wp\/v2\/media?parent=2483"}],"wp:term":[{"taxonomy":"product_brand","embeddable":true,"href":"https:\/\/filatelia.cuentista.es\/en\/wp-json\/wp\/v2\/product_brand?post=2483"},{"taxonomy":"product_cat","embeddable":true,"href":"https:\/\/filatelia.cuentista.es\/en\/wp-json\/wp\/v2\/product_cat?post=2483"},{"taxonomy":"product_tag","embeddable":true,"href":"https:\/\/filatelia.cuentista.es\/en\/wp-json\/wp\/v2\/product_tag?post=2483"}],"curies":[{"name":"wp","href":"https:\/\/api.w.org\/{rel}","templated":true}]}}