{"id":2475,"date":"2024-09-05T21:08:44","date_gmt":"2024-09-05T21:08:44","guid":{"rendered":"https:\/\/filatelia.cuentista.es\/product\/sello-uruguay-1967-jose-enrique-rodo-1"},"modified":"2024-09-05T21:10:05","modified_gmt":"2024-09-05T21:10:05","slug":"sello-uruguay-1967-jose-enrique-rodo-1","status":"publish","type":"product","link":"https:\/\/filatelia.cuentista.es\/en\/product\/sello-uruguay-1967-jose-enrique-rodo-1","title":{"rendered":"Sello Uruguay 1967 &#8211; Jos\u00e9 Enrique Rod\u00f3 &#8211; 1 $"},"content":{"rendered":"<p>Pa\u00eds:<\/p>\n<p>Uruguay<\/p>\n<p>Serie:<\/p>\n<p>Jos\u00e9 Enrique Rodo, 50th death Anniv.<\/p>\n<p>C\u00f3digo de cat\u00e1logo:<\/p>\n<p>Michel UY 1094<\/p>\n<p>Stamp Number UY 746<\/p>\n<p>Yvert et Tellier UY 757<\/p>\n<p>Stanley Gibbons UY 1347<\/p>\n<p>Ciardi UY 757<\/p>\n<p>Tiene variantes menores: 2<\/p>\n<p>Temas:<\/p>\n<p>Autores | Gente de Letras (escritores y poetas) | Hombres | Literatura | Personajes Famosos<\/p>\n<p>Fecha emisi\u00f3n:<\/p>\n<p>1967-10-06<\/p>\n<p>Colores:<\/p>\n<p>Marr\u00f3n | Negro<\/p>\n<p>Marca de agua:<\/p>\n<p>ROU en Sol [Up]<\/p>\n<p>Dise\u00f1adores:<\/p>\n<p>Angel Medina<\/p>\n<p>Impresores\/Imprentas:<\/p>\n<p>Imprenta Nacional, Montevideo<\/p>\n<p>Formato:<\/p>\n<p>Sello<\/p>\n<p>Emisi\u00f3n:<\/p>\n<p>Conmemorativo<\/p>\n<p>Perforaci\u00f3n:<\/p>\n<p>peine12<\/p>\n<p>Impresi\u00f3n:<\/p>\n<p>Litograf\u00eda offset<\/p>\n<p>Papel:<\/p>\n<p>fine, ordinary<\/p>\n<p>Valor facial:<\/p>\n<p>1 $ &#8211; Peso Uruguayo<\/p>\n<p>Tiraje:<\/p>\n<p>2.000.000<\/p>\n","protected":false},"excerpt":{"rendered":"<p>Pa\u00eds: Uruguay Serie: Jos\u00e9 Enrique Rodo, 50th death Anniv. C\u00f3digo de cat\u00e1logo: Michel UY 1094 Stamp Number UY 746 Yvert et Tellier UY 757 Stanley Gibbons UY 1347 Ciardi UY 757 Tiene variantes menores: 2 Temas: Autores | Gente de Letras (escritores y poetas) | Hombres | Literatura | Personajes Famosos Fecha emisi\u00f3n: 1967-10-06 Colores: &hellip;<\/p>\n<p class=\"read-more\"> <a class=\"thunk-readmore button\" href=\"https:\/\/filatelia.cuentista.es\/en\/product\/sello-uruguay-1967-jose-enrique-rodo-1\"> <span class=\"screen-reader-text\">Sello Uruguay 1967 &#8211; Jos\u00e9 Enrique Rod\u00f3 &#8211; 1 $<\/span>Read More<\/a><\/p>","protected":false},"featured_media":2474,"comment_status":"open","ping_status":"closed","template":"","meta":{"_acf_changed":false},"product_brand":[],"product_cat":[763,20],"product_tag":[791],"class_list":{"0":"post-2475","1":"product","2":"type-product","3":"status-publish","4":"has-post-thumbnail","6":"product_cat-uruguay","7":"product_cat-sellos-usados","8":"product_tag-politico","9":"thunk-woo-product-list","10":"opn-qv-enable","11":"open-woo-hover-zoom","12":"open-single-product-tab-horizontal","13":"open-shadow-","14":"open-shadow-hover-","16":"first","17":"instock","18":"sale","19":"shipping-taxable","20":"purchasable","21":"product-type-simple"},"acf":[],"jetpack_sharing_enabled":true,"_links":{"self":[{"href":"https:\/\/filatelia.cuentista.es\/en\/wp-json\/wp\/v2\/product\/2475","targetHints":{"allow":["GET"]}}],"collection":[{"href":"https:\/\/filatelia.cuentista.es\/en\/wp-json\/wp\/v2\/product"}],"about":[{"href":"https:\/\/filatelia.cuentista.es\/en\/wp-json\/wp\/v2\/types\/product"}],"replies":[{"embeddable":true,"href":"https:\/\/filatelia.cuentista.es\/en\/wp-json\/wp\/v2\/comments?post=2475"}],"wp:featuredmedia":[{"embeddable":true,"href":"https:\/\/filatelia.cuentista.es\/en\/wp-json\/wp\/v2\/media\/2474"}],"wp:attachment":[{"href":"https:\/\/filatelia.cuentista.es\/en\/wp-json\/wp\/v2\/media?parent=2475"}],"wp:term":[{"taxonomy":"product_brand","embeddable":true,"href":"https:\/\/filatelia.cuentista.es\/en\/wp-json\/wp\/v2\/product_brand?post=2475"},{"taxonomy":"product_cat","embeddable":true,"href":"https:\/\/filatelia.cuentista.es\/en\/wp-json\/wp\/v2\/product_cat?post=2475"},{"taxonomy":"product_tag","embeddable":true,"href":"https:\/\/filatelia.cuentista.es\/en\/wp-json\/wp\/v2\/product_tag?post=2475"}],"curies":[{"name":"wp","href":"https:\/\/api.w.org\/{rel}","templated":true}]}}