{"id":2473,"date":"2024-09-05T21:05:40","date_gmt":"2024-09-05T21:05:40","guid":{"rendered":"https:\/\/filatelia.cuentista.es\/product\/sello-uruguay-198-navidad-n2-nuevo"},"modified":"2024-09-05T21:07:39","modified_gmt":"2024-09-05T21:07:39","slug":"sello-uruguay-198-navidad-n2-nuevo","status":"publish","type":"product","link":"https:\/\/filatelia.cuentista.es\/en\/product\/sello-uruguay-198-navidad-n2-nuevo","title":{"rendered":"Sello Uruguay 198 &#8211; Navidad &#8211; N$2, nuevo"},"content":{"rendered":"<p>Pa\u00eds:<\/p>\n<p>Uruguay<\/p>\n<p>Serie:<\/p>\n<p>Christmas 1981<\/p>\n<p>C\u00f3digo de cat\u00e1logo:<\/p>\n<p>Michel UY 1638<\/p>\n<p>Stamp Number UY 1119<\/p>\n<p>Yvert et Tellier UY 1096<\/p>\n<p>Stanley Gibbons UY 1796<\/p>\n<p>Ciardi UY 1096<\/p>\n<p>Tiene variantes menores: 1<\/p>\n<p>Temas:<\/p>\n<p>Navidad | Pap\u00e1 Noel<\/p>\n<p>Fecha emisi\u00f3n:<\/p>\n<p>1981-12-23<\/p>\n<p>Tama\u00f1o:<\/p>\n<p>42 x 31 mm<\/p>\n<p>Colores:<\/p>\n<p>Multicolor<\/p>\n<p>Marca de agua:<\/p>\n<p>ROU en Sol [Up]<\/p>\n<p>Dise\u00f1adores:<\/p>\n<p>Antonio Pezzino<\/p>\n<p>Impresores\/Imprentas:<\/p>\n<p>Imprenta Nacional, Montevideo<\/p>\n<p>Formato:<\/p>\n<p>Sello<\/p>\n<p>Emisi\u00f3n:<\/p>\n<p>Conmemorativo<\/p>\n<p>Perforaci\u00f3n:<\/p>\n<p>peine12<\/p>\n<p>Impresi\u00f3n:<\/p>\n<p>Litograf\u00eda offset<\/p>\n<p>Papel:<\/p>\n<p>fluorescent<\/p>\n<p>Valor facial:<\/p>\n<p>2 N$ &#8211; Nuevo Peso Uruguayo<\/p>\n<p>Tiraje:<\/p>\n<p>100.000<\/p>\n","protected":false},"excerpt":{"rendered":"<p>Pa\u00eds: Uruguay Serie: Christmas 1981 C\u00f3digo de cat\u00e1logo: Michel UY 1638 Stamp Number UY 1119 Yvert et Tellier UY 1096 Stanley Gibbons UY 1796 Ciardi UY 1096 Tiene variantes menores: 1 Temas: Navidad | Pap\u00e1 Noel Fecha emisi\u00f3n: 1981-12-23 Tama\u00f1o: 42 x 31 mm Colores: Multicolor Marca de agua: ROU en Sol [Up] Dise\u00f1adores: Antonio &hellip;<\/p>\n<p class=\"read-more\"> <a class=\" thunk-readmore button \" href=\"https:\/\/filatelia.cuentista.es\/en\/product\/sello-uruguay-198-navidad-n2-nuevo\"> <span class=\"screen-reader-text\">Sello Uruguay 198 &#8211; Navidad &#8211; N$2, nuevo<\/span>Read More<\/a><\/p>\n","protected":false},"featured_media":2472,"comment_status":"open","ping_status":"closed","template":"","meta":{"_acf_changed":false},"product_brand":[],"product_cat":[763,21],"product_tag":[1005,1204,1203],"class_list":{"0":"post-2473","1":"product","2":"type-product","3":"status-publish","4":"has-post-thumbnail","6":"product_cat-uruguay","7":"product_cat-sellos-nuevos","8":"product_tag-campana","9":"product_tag-noel","10":"product_tag-santa","11":"thunk-woo-product-list","12":"opn-qv-enable","13":"open-woo-hover-zoom","14":"open-single-product-tab-horizontal","15":"open-shadow-","16":"open-shadow-hover-","18":"first","19":"instock","20":"sale","21":"shipping-taxable","22":"purchasable","23":"product-type-simple"},"acf":[],"jetpack_sharing_enabled":true,"_links":{"self":[{"href":"https:\/\/filatelia.cuentista.es\/en\/wp-json\/wp\/v2\/product\/2473","targetHints":{"allow":["GET"]}}],"collection":[{"href":"https:\/\/filatelia.cuentista.es\/en\/wp-json\/wp\/v2\/product"}],"about":[{"href":"https:\/\/filatelia.cuentista.es\/en\/wp-json\/wp\/v2\/types\/product"}],"replies":[{"embeddable":true,"href":"https:\/\/filatelia.cuentista.es\/en\/wp-json\/wp\/v2\/comments?post=2473"}],"wp:featuredmedia":[{"embeddable":true,"href":"https:\/\/filatelia.cuentista.es\/en\/wp-json\/wp\/v2\/media\/2472"}],"wp:attachment":[{"href":"https:\/\/filatelia.cuentista.es\/en\/wp-json\/wp\/v2\/media?parent=2473"}],"wp:term":[{"taxonomy":"product_brand","embeddable":true,"href":"https:\/\/filatelia.cuentista.es\/en\/wp-json\/wp\/v2\/product_brand?post=2473"},{"taxonomy":"product_cat","embeddable":true,"href":"https:\/\/filatelia.cuentista.es\/en\/wp-json\/wp\/v2\/product_cat?post=2473"},{"taxonomy":"product_tag","embeddable":true,"href":"https:\/\/filatelia.cuentista.es\/en\/wp-json\/wp\/v2\/product_tag?post=2473"}],"curies":[{"name":"wp","href":"https:\/\/api.w.org\/{rel}","templated":true}]}}