{"id":246,"date":"2024-07-20T06:37:30","date_gmt":"2024-07-20T06:37:30","guid":{"rendered":"https:\/\/filatelia.cuentista.es\/product\/un-programa-de-voluntariado-8c-ny"},"modified":"2024-09-14T05:55:42","modified_gmt":"2024-09-14T05:55:42","slug":"un-programa-de-voluntariado-8c-ny","status":"publish","type":"product","link":"https:\/\/filatelia.cuentista.es\/en\/product\/un-programa-de-voluntariado-8c-ny","title":{"rendered":"Sobre Primer D\u00eda 1973 &#8211; Programa de voluntariado de UN, 8c NY"},"content":{"rendered":"<p>Sobre Primer D\u00eda 1973 &#8211; Programa de voluntariado de UN, 8c NY<\/p>\n<p>Emision 25 de mayo de 1973<\/p>\n<p class=\"p1\"><b>Los sobres de primer d\u00eda son objetos de colecci\u00f3n muy valorados por los filatelistas.<\/b> Estos sobres especiales se utilizan para enviar una carta el mismo d\u00eda en que se emite un nuevo sello postal. Al ser los primeros en utilizar ese sello en particular, adquieren un valor a\u00f1adido para los coleccionistas. Los sobres de primer d\u00eda suelen incluir un matasellos con la fecha de emisi\u00f3n y el nombre de la oficina de correos donde se expidi\u00f3 el sello, lo que los convierte en piezas \u00fanicas y aut\u00e9nticas. Adem\u00e1s de su valor filat\u00e9lico, estos sobres a menudo presentan dise\u00f1os atractivos y conmemorativos, relacionados con el tema del sello emitido, lo que los convierte en peque\u00f1os tesoros para los amantes de la historia y el arte postal.<\/p>\n<p>El Programa de\u00a0<b>Voluntarios de las Naciones Unidas<\/b>\u00a0(<b>VNU<\/b>) fue creado para desarrollar tareas de cooperaci\u00f3n para el desarrollo, principalmente t\u00e9cnicas, econ\u00f3micas o sociales, a petici\u00f3n de los Estados miembros. Iniciado en 1970 a solicitud de la\u00a0<a title=\"Asamblea General de las Naciones Unidas\" href=\"https:\/\/es.wikipedia.org\/wiki\/Asamblea_General_de_las_Naciones_Unidas\">Asamblea General de las Naciones Unidas<\/a>, tiene caracter\u00edsticas \u00fanicas dentro del sistema de\u00a0<a class=\"mw-redirect\" title=\"Naciones Unidas\" href=\"https:\/\/es.wikipedia.org\/wiki\/Naciones_Unidas\">Naciones Unidas<\/a>, siendo un organismo internacional de voluntariado. Administrado por el\u00a0<a title=\"Programa de las Naciones Unidas para el Desarrollo\" href=\"https:\/\/es.wikipedia.org\/wiki\/Programa_de_las_Naciones_Unidas_para_el_Desarrollo\">Programa de las Naciones Unidas para el Desarrollo<\/a>\u00a0(PNUD), quien tambi\u00e9n es el principal contribuyente a su financiaci\u00f3n. En 2013 el coordinador ejecutivo del Programa Voluntarios de las Naciones Unidas es el\u00a0<a title=\"Pa\u00edses Bajos\" href=\"https:\/\/es.wikipedia.org\/wiki\/Pa%C3%ADses_Bajos\">neerland\u00e9s<\/a>\u00a0Richard Dictus.<\/p>\n<p>Programme des volontaire:<br \/>\ndes Nations Unies<\/p>","protected":false},"excerpt":{"rendered":"<p>Sobre Primer D\u00eda 1973 &#8211; Programa de voluntariado de UN, 8c NY<\/p>\n<p>Emision 25 de mayo de 1973<\/p>","protected":false},"featured_media":2798,"comment_status":"open","ping_status":"closed","template":"","meta":{"_acf_changed":false},"product_brand":[],"product_cat":[19,901],"product_tag":[76,31,190,1295,226,189],"class_list":{"0":"post-246","1":"product","2":"type-product","3":"status-publish","4":"has-post-thumbnail","6":"product_cat-spd-sobres-primer-dia","7":"product_cat-united-nations","8":"product_tag-76","9":"product_tag-banderas","10":"product_tag-fdc","11":"product_tag-iconos","12":"product_tag-paloma","13":"product_tag-spd","14":"thunk-woo-product-list","15":"opn-qv-enable","16":"open-woo-hover-zoom","17":"open-single-product-tab-horizontal","18":"open-shadow-","19":"open-shadow-hover-","21":"first","22":"instock","23":"sale","24":"shipping-taxable","25":"purchasable","26":"product-type-simple"},"acf":[],"jetpack_sharing_enabled":true,"_links":{"self":[{"href":"https:\/\/filatelia.cuentista.es\/en\/wp-json\/wp\/v2\/product\/246","targetHints":{"allow":["GET"]}}],"collection":[{"href":"https:\/\/filatelia.cuentista.es\/en\/wp-json\/wp\/v2\/product"}],"about":[{"href":"https:\/\/filatelia.cuentista.es\/en\/wp-json\/wp\/v2\/types\/product"}],"replies":[{"embeddable":true,"href":"https:\/\/filatelia.cuentista.es\/en\/wp-json\/wp\/v2\/comments?post=246"}],"wp:featuredmedia":[{"embeddable":true,"href":"https:\/\/filatelia.cuentista.es\/en\/wp-json\/wp\/v2\/media\/2798"}],"wp:attachment":[{"href":"https:\/\/filatelia.cuentista.es\/en\/wp-json\/wp\/v2\/media?parent=246"}],"wp:term":[{"taxonomy":"product_brand","embeddable":true,"href":"https:\/\/filatelia.cuentista.es\/en\/wp-json\/wp\/v2\/product_brand?post=246"},{"taxonomy":"product_cat","embeddable":true,"href":"https:\/\/filatelia.cuentista.es\/en\/wp-json\/wp\/v2\/product_cat?post=246"},{"taxonomy":"product_tag","embeddable":true,"href":"https:\/\/filatelia.cuentista.es\/en\/wp-json\/wp\/v2\/product_tag?post=246"}],"curies":[{"name":"wp","href":"https:\/\/api.w.org\/{rel}","templated":true}]}}