{"id":2450,"date":"2024-09-05T20:09:51","date_gmt":"2024-09-05T20:09:51","guid":{"rendered":"https:\/\/filatelia.cuentista.es\/product\/sello-uruguay-1962-derechos-de-la-mujer-10-usado"},"modified":"2024-09-05T20:11:06","modified_gmt":"2024-09-05T20:11:06","slug":"sello-uruguay-1962-derechos-de-la-mujer-10-usado","status":"publish","type":"product","link":"https:\/\/filatelia.cuentista.es\/en\/product\/sello-uruguay-1962-derechos-de-la-mujer-10-usado","title":{"rendered":"Sello Uruguay 1962 &#8211; Derechos de la Mujer &#8211; $10, usado"},"content":{"rendered":"<p>Pa\u00eds:<\/p>\n<p>Uruguay<\/p>\n<p>Serie:<\/p>\n<p>Civil Rights Law for Women, 25th Anniv.<\/p>\n<p>C\u00f3digo de cat\u00e1logo:<\/p>\n<p>Michel UY 1261<\/p>\n<p>Stamp Number UY 836<\/p>\n<p>Yvert et Tellier UY 852<\/p>\n<p>Stanley Gibbons UY 1513<\/p>\n<p>Ciardi UY 852<\/p>\n<p>Tiene variantes menores: 4<\/p>\n<p>Temas:<\/p>\n<p>Emancipaci\u00f3n | Libros | Plantas Estilizadas | Pol\u00edtica<\/p>\n<p>Fecha emisi\u00f3n:<\/p>\n<p>1972-12-27<\/p>\n<p>Colores:<\/p>\n<p>Multicolor<\/p>\n<p>Marca de agua:<\/p>\n<p>ROU en Sol [Up]<\/p>\n<p>Dise\u00f1adores:<\/p>\n<p>Angel Medina<\/p>\n<p>Impresores\/Imprentas:<\/p>\n<p>Imprenta Nacional, Montevideo<\/p>\n<p>Formato:<\/p>\n<p>Sello<\/p>\n<p>Emisi\u00f3n:<\/p>\n<p>Conmemorativo<\/p>\n<p>Perforaci\u00f3n:<\/p>\n<p>peine12<\/p>\n<p>Impresi\u00f3n:<\/p>\n<p>Litograf\u00eda offset<\/p>\n<p>Papel:<\/p>\n<p>Medium<\/p>\n<p>Valor facial:<\/p>\n<p>10 $ &#8211; Peso Uruguayo<\/p>\n<p>Tiraje:<\/p>\n<p>1.000.000<\/p>\n","protected":false},"excerpt":{"rendered":"<p>Pa\u00eds: Uruguay Serie: Civil Rights Law for Women, 25th Anniv. C\u00f3digo de cat\u00e1logo: Michel UY 1261 Stamp Number UY 836 Yvert et Tellier UY 852 Stanley Gibbons UY 1513 Ciardi UY 852 Tiene variantes menores: 4 Temas: Emancipaci\u00f3n | Libros | Plantas Estilizadas | Pol\u00edtica Fecha emisi\u00f3n: 1972-12-27 Colores: Multicolor Marca de agua: ROU en &hellip;<\/p>\n<p class=\"read-more\"> <a class=\"thunk-readmore button\" href=\"https:\/\/filatelia.cuentista.es\/en\/product\/sello-uruguay-1962-derechos-de-la-mujer-10-usado\"> <span class=\"screen-reader-text\">Sello Uruguay 1962 &#8211; Derechos de la Mujer &#8211; $10, usado<\/span>Read More<\/a><\/p>","protected":false},"featured_media":2449,"comment_status":"open","ping_status":"closed","template":"","meta":{"_acf_changed":false},"product_brand":[],"product_cat":[763,20],"product_tag":[],"class_list":{"0":"post-2450","1":"product","2":"type-product","3":"status-publish","4":"has-post-thumbnail","6":"product_cat-uruguay","7":"product_cat-sellos-usados","8":"thunk-woo-product-list","9":"opn-qv-enable","10":"open-woo-hover-zoom","11":"open-single-product-tab-horizontal","12":"open-shadow-","13":"open-shadow-hover-","15":"first","16":"instock","17":"sale","18":"shipping-taxable","19":"purchasable","20":"product-type-simple"},"acf":[],"jetpack_sharing_enabled":true,"_links":{"self":[{"href":"https:\/\/filatelia.cuentista.es\/en\/wp-json\/wp\/v2\/product\/2450","targetHints":{"allow":["GET"]}}],"collection":[{"href":"https:\/\/filatelia.cuentista.es\/en\/wp-json\/wp\/v2\/product"}],"about":[{"href":"https:\/\/filatelia.cuentista.es\/en\/wp-json\/wp\/v2\/types\/product"}],"replies":[{"embeddable":true,"href":"https:\/\/filatelia.cuentista.es\/en\/wp-json\/wp\/v2\/comments?post=2450"}],"wp:featuredmedia":[{"embeddable":true,"href":"https:\/\/filatelia.cuentista.es\/en\/wp-json\/wp\/v2\/media\/2449"}],"wp:attachment":[{"href":"https:\/\/filatelia.cuentista.es\/en\/wp-json\/wp\/v2\/media?parent=2450"}],"wp:term":[{"taxonomy":"product_brand","embeddable":true,"href":"https:\/\/filatelia.cuentista.es\/en\/wp-json\/wp\/v2\/product_brand?post=2450"},{"taxonomy":"product_cat","embeddable":true,"href":"https:\/\/filatelia.cuentista.es\/en\/wp-json\/wp\/v2\/product_cat?post=2450"},{"taxonomy":"product_tag","embeddable":true,"href":"https:\/\/filatelia.cuentista.es\/en\/wp-json\/wp\/v2\/product_tag?post=2450"}],"curies":[{"name":"wp","href":"https:\/\/api.w.org\/{rel}","templated":true}]}}