{"id":2438,"date":"2024-09-05T19:37:39","date_gmt":"2024-09-05T19:37:39","guid":{"rendered":"https:\/\/filatelia.cuentista.es\/product\/sello-uruguay-1965-olimpiadas-remo-240-usado"},"modified":"2024-09-05T19:43:54","modified_gmt":"2024-09-05T19:43:54","slug":"sello-uruguay-1965-olimpiadas-remo-240-usado","status":"publish","type":"product","link":"https:\/\/filatelia.cuentista.es\/en\/product\/sello-uruguay-1965-olimpiadas-remo-240-usado","title":{"rendered":"Sello Uruguay 1965 &#8211; Olimpiadas Remo &#8211; 2,40$ usado"},"content":{"rendered":"<p>Pa\u00eds:<\/p>\n<p>Uruguay<\/p>\n<p>Serie:<\/p>\n<p>Summer Olympic Games 1964 &#8211; Tokyo<\/p>\n<p>C\u00f3digo de cat\u00e1logo:<\/p>\n<p>Michel UY 1019<\/p>\n<p>Stamp Number UY C279<\/p>\n<p>Yvert et Tellier UY PA274<\/p>\n<p>Stanley Gibbons UY 1276<\/p>\n<p>Ciardi UY A274<\/p>\n<p>Temas:<\/p>\n<p>Deportes | Deportes Acu\u00e1ticos | Juegos Ol\u00edmpicos | Remo<\/p>\n<p>Fecha emisi\u00f3n:<\/p>\n<p>1965-08-03<\/p>\n<p>Tama\u00f1o:<\/p>\n<p>45 x 31 mm<\/p>\n<p>Colores:<\/p>\n<p>Azul marino Gris | Naranja Marr\u00f3n | Negro<\/p>\n<p>Marca de agua:<\/p>\n<p>Escudo de Armas Uruguay (Sh) [Up]<\/p>\n<p>Dise\u00f1adores:<\/p>\n<p>Rudy Grams<\/p>\n<p>Impresores\/Imprentas:<\/p>\n<p>Impresora Uruguaya Colombino S.A.<\/p>\n<p>Formato:<\/p>\n<p>Sello<\/p>\n<p>Emisi\u00f3n:<\/p>\n<p>Correo A\u00e9reo<\/p>\n<p>Perforaci\u00f3n:<\/p>\n<p>peine12 x 11\u00bd<\/p>\n<p>Impresi\u00f3n:<\/p>\n<p>Litograf\u00eda offset<\/p>\n<p>Papel:<\/p>\n<p>Medium<\/p>\n<p>Valor facial:<\/p>\n<p>2,40 $ &#8211; Peso Uruguayo<\/p>\n<p>Tiraje:<\/p>\n<p>1.000.000<\/p>\n","protected":false},"excerpt":{"rendered":"<p>Pa\u00eds: Uruguay Serie: Summer Olympic Games 1964 &#8211; Tokyo C\u00f3digo de cat\u00e1logo: Michel UY 1019 Stamp Number UY C279 Yvert et Tellier UY PA274 Stanley Gibbons UY 1276 Ciardi UY A274 Temas: Deportes | Deportes Acu\u00e1ticos | Juegos Ol\u00edmpicos | Remo Fecha emisi\u00f3n: 1965-08-03 Tama\u00f1o: 45 x 31 mm Colores: Azul marino Gris | Naranja &hellip;<\/p>\n<p class=\"read-more\"> <a class=\"thunk-readmore button\" href=\"https:\/\/filatelia.cuentista.es\/en\/product\/sello-uruguay-1965-olimpiadas-remo-240-usado\"> <span class=\"screen-reader-text\">Sello Uruguay 1965 &#8211; Olimpiadas Remo &#8211; 2,40$ usado<\/span>Read More<\/a><\/p>","protected":false},"featured_media":2437,"comment_status":"open","ping_status":"closed","template":"","meta":{"_acf_changed":false},"product_brand":[],"product_cat":[763,20],"product_tag":[73,1193],"class_list":{"0":"post-2438","1":"product","2":"type-product","3":"status-publish","4":"has-post-thumbnail","6":"product_cat-uruguay","7":"product_cat-sellos-usados","8":"product_tag-deportes","9":"product_tag-remo","10":"thunk-woo-product-list","11":"opn-qv-enable","12":"open-woo-hover-zoom","13":"open-single-product-tab-horizontal","14":"open-shadow-","15":"open-shadow-hover-","17":"first","18":"instock","19":"sale","20":"shipping-taxable","21":"purchasable","22":"product-type-simple"},"acf":[],"jetpack_sharing_enabled":true,"_links":{"self":[{"href":"https:\/\/filatelia.cuentista.es\/en\/wp-json\/wp\/v2\/product\/2438","targetHints":{"allow":["GET"]}}],"collection":[{"href":"https:\/\/filatelia.cuentista.es\/en\/wp-json\/wp\/v2\/product"}],"about":[{"href":"https:\/\/filatelia.cuentista.es\/en\/wp-json\/wp\/v2\/types\/product"}],"replies":[{"embeddable":true,"href":"https:\/\/filatelia.cuentista.es\/en\/wp-json\/wp\/v2\/comments?post=2438"}],"wp:featuredmedia":[{"embeddable":true,"href":"https:\/\/filatelia.cuentista.es\/en\/wp-json\/wp\/v2\/media\/2437"}],"wp:attachment":[{"href":"https:\/\/filatelia.cuentista.es\/en\/wp-json\/wp\/v2\/media?parent=2438"}],"wp:term":[{"taxonomy":"product_brand","embeddable":true,"href":"https:\/\/filatelia.cuentista.es\/en\/wp-json\/wp\/v2\/product_brand?post=2438"},{"taxonomy":"product_cat","embeddable":true,"href":"https:\/\/filatelia.cuentista.es\/en\/wp-json\/wp\/v2\/product_cat?post=2438"},{"taxonomy":"product_tag","embeddable":true,"href":"https:\/\/filatelia.cuentista.es\/en\/wp-json\/wp\/v2\/product_tag?post=2438"}],"curies":[{"name":"wp","href":"https:\/\/api.w.org\/{rel}","templated":true}]}}