{"id":2436,"date":"2024-09-05T19:31:32","date_gmt":"2024-09-05T19:31:32","guid":{"rendered":"https:\/\/filatelia.cuentista.es\/product\/sello-uruguay-eduardo-acevedo-40-centimos-rojo-y-gris"},"modified":"2024-09-05T19:35:45","modified_gmt":"2024-09-05T19:35:45","slug":"sello-uruguay-eduardo-acevedo-40-centimos-rojo-y-gris","status":"publish","type":"product","link":"https:\/\/filatelia.cuentista.es\/en\/product\/sello-uruguay-eduardo-acevedo-40-centimos-rojo-y-gris","title":{"rendered":"Sello Uruguay 1967 &#8211; Eduardo Acevedo &#8211; 40 c\u00e9ntimos Rojo y Gris"},"content":{"rendered":"<p>Pa\u00eds:<\/p>\n<p>Uruguay<\/p>\n<p>Serie:<\/p>\n<p>Birth Centenary of Dr. Eduardo Acevedo<\/p>\n<p>C\u00f3digo de cat\u00e1logo:<\/p>\n<p>Michel UY 1075<\/p>\n<p>Stamp Number UY 743<\/p>\n<p>Yvert et Tellier UY 753<\/p>\n<p>Stanley Gibbons UY 1329<\/p>\n<p>Ciardi UY 753<\/p>\n<p>Tiene variantes menores: 2<\/p>\n<p>Temas:<\/p>\n<p>Abogados | Aniversarios y Jubileos | Autores | Gente de Letras (escritores y poetas) | Plumas<\/p>\n<p>Fecha emisi\u00f3n:<\/p>\n<p>1967-04-17<\/p>\n<p>Tama\u00f1o:<\/p>\n<p>38 x 28 mm<\/p>\n<p>Colores:<\/p>\n<p>Sepia | Verde<\/p>\n<p>Marca de agua:<\/p>\n<p>ROU en Sol [Up]<\/p>\n<p>Dise\u00f1adores:<\/p>\n<p>Angel Medina<\/p>\n<p>Impresores\/Imprentas:<\/p>\n<p>Imprenta Nacional, Montevideo<\/p>\n<p>Formato:<\/p>\n<p>Sello<\/p>\n<p>Emisi\u00f3n:<\/p>\n<p>Conmemorativo<\/p>\n<p>Perforaci\u00f3n:<\/p>\n<p>peine12<\/p>\n<p>Impresi\u00f3n:<\/p>\n<p>Litograf\u00eda offset<\/p>\n<p>Papel:<\/p>\n<p>fine, ordinary<\/p>\n<p>Valor facial:<\/p>\n<p>20 Cent\u00e9simo Uruguayo<\/p>\n<p>Tiraje:<\/p>\n<p>2.000.000<\/p>\n<p>Puntuaci\u00f3n:<\/p>\n<p>21% Precisi\u00f3n: Alta<\/p>\n<p>Descripci\u00f3n:<\/p>\n<p>Impreso en hojas de 50 sellos.<\/p>\n<p>Eduardo Acevedo Maturana (Montevideo, 1815 \u2013 1863) was a Uruguayan jurist and politician. His project was influential in the later creation of the Uruguayan Civil Code by Trist\u00e1n Narvaja. He also collaborated with Dalmacio V\u00e9lez Sarsfield in the elaboration of the Civil Code of Argentina<\/p>\n","protected":false},"excerpt":{"rendered":"<p>Pa\u00eds: Uruguay Serie: Birth Centenary of Dr. Eduardo Acevedo C\u00f3digo de cat\u00e1logo: Michel UY 1075 Stamp Number UY 743 Yvert et Tellier UY 753 Stanley Gibbons UY 1329 Ciardi UY 753 Tiene variantes menores: 2 Temas: Abogados | Aniversarios y Jubileos | Autores | Gente de Letras (escritores y poetas) | Plumas Fecha emisi\u00f3n: 1967-04-17 &hellip;<\/p>\n<p class=\"read-more\"> <a class=\"thunk-readmore button\" href=\"https:\/\/filatelia.cuentista.es\/en\/product\/sello-uruguay-eduardo-acevedo-40-centimos-rojo-y-gris\"> <span class=\"screen-reader-text\">Sello Uruguay 1967 &#8211; Eduardo Acevedo &#8211; 40 c\u00e9ntimos Rojo y Gris<\/span>Read More<\/a><\/p>","protected":false},"featured_media":2435,"comment_status":"open","ping_status":"closed","template":"","meta":{"_acf_changed":false},"product_brand":[],"product_cat":[763,20],"product_tag":[1192],"class_list":{"0":"post-2436","1":"product","2":"type-product","3":"status-publish","4":"has-post-thumbnail","6":"product_cat-uruguay","7":"product_cat-sellos-usados","8":"product_tag-jurista","9":"thunk-woo-product-list","10":"opn-qv-enable","11":"open-woo-hover-zoom","12":"open-single-product-tab-horizontal","13":"open-shadow-","14":"open-shadow-hover-","16":"first","17":"instock","18":"sale","19":"shipping-taxable","20":"purchasable","21":"product-type-simple"},"acf":[],"jetpack_sharing_enabled":true,"_links":{"self":[{"href":"https:\/\/filatelia.cuentista.es\/en\/wp-json\/wp\/v2\/product\/2436","targetHints":{"allow":["GET"]}}],"collection":[{"href":"https:\/\/filatelia.cuentista.es\/en\/wp-json\/wp\/v2\/product"}],"about":[{"href":"https:\/\/filatelia.cuentista.es\/en\/wp-json\/wp\/v2\/types\/product"}],"replies":[{"embeddable":true,"href":"https:\/\/filatelia.cuentista.es\/en\/wp-json\/wp\/v2\/comments?post=2436"}],"wp:featuredmedia":[{"embeddable":true,"href":"https:\/\/filatelia.cuentista.es\/en\/wp-json\/wp\/v2\/media\/2435"}],"wp:attachment":[{"href":"https:\/\/filatelia.cuentista.es\/en\/wp-json\/wp\/v2\/media?parent=2436"}],"wp:term":[{"taxonomy":"product_brand","embeddable":true,"href":"https:\/\/filatelia.cuentista.es\/en\/wp-json\/wp\/v2\/product_brand?post=2436"},{"taxonomy":"product_cat","embeddable":true,"href":"https:\/\/filatelia.cuentista.es\/en\/wp-json\/wp\/v2\/product_cat?post=2436"},{"taxonomy":"product_tag","embeddable":true,"href":"https:\/\/filatelia.cuentista.es\/en\/wp-json\/wp\/v2\/product_tag?post=2436"}],"curies":[{"name":"wp","href":"https:\/\/api.w.org\/{rel}","templated":true}]}}