{"id":2434,"date":"2024-09-05T19:26:37","date_gmt":"2024-09-05T19:26:37","guid":{"rendered":"https:\/\/filatelia.cuentista.es\/product\/sello-uruguay-cuerpo-de-bomberos-20c"},"modified":"2024-09-06T20:12:01","modified_gmt":"2024-09-06T20:12:01","slug":"sello-uruguay-cuerpo-de-bomberos-20c","status":"publish","type":"product","link":"https:\/\/filatelia.cuentista.es\/en\/product\/sello-uruguay-cuerpo-de-bomberos-20c","title":{"rendered":"Sello Uruguay 1966 &#8211; Cuerpo de Bomberos &#8211; 20c."},"content":{"rendered":"<p>Pa\u00eds:<\/p>\n<p>Uruguay<\/p>\n<p>Serie:<\/p>\n<p>50th Anniv of Firemen&#8217;s Corps<\/p>\n<p>C\u00f3digo de cat\u00e1logo:<\/p>\n<p>Michel UY 1048<\/p>\n<p>Stamp Number UY 735<\/p>\n<p>Yvert et Tellier UY 746<\/p>\n<p>Stanley Gibbons UY 1306<\/p>\n<p>Ciardi UY 746<\/p>\n<p>Variantes:<\/p>\n<p>Click para ver variantes<\/p>\n<p>Tiene variantes menores: 2<\/p>\n<p>Temas:<\/p>\n<p>Bomberos | Veh\u00edculos<\/p>\n<p>Fecha emisi\u00f3n:<\/p>\n<p>1966-10-21<\/p>\n<p>Tama\u00f1o:<\/p>\n<p>38 x 28 mm<\/p>\n<p>Colores:<\/p>\n<p>Multicolor<\/p>\n<p>Marca de agua:<\/p>\n<p>ROU en Sol [Up]<\/p>\n<p>Dise\u00f1adores:<\/p>\n<p>Angel Medina<\/p>\n<p>Impresores\/Imprentas:<\/p>\n<p>Imprenta Nacional, Montevideo<\/p>\n<p>Formato:<\/p>\n<p>Sello<\/p>\n<p>Emisi\u00f3n:<\/p>\n<p>Conmemorativo<\/p>\n<p>Perforaci\u00f3n:<\/p>\n<p>peine12<\/p>\n<p>Impresi\u00f3n:<\/p>\n<p>Litograf\u00eda offset<\/p>\n<p>Papel:<\/p>\n<p>fine<\/p>\n<p>Valor facial:<\/p>\n<p>20 Cent\u00e9simo Uruguayo<\/p>\n<p>Tiraje:<\/p>\n<p>2.000.000<\/p>\n","protected":false},"excerpt":{"rendered":"<p>Pa\u00eds: Uruguay Serie: 50th Anniv of Firemen&#8217;s Corps C\u00f3digo de cat\u00e1logo: Michel UY 1048 Stamp Number UY 735 Yvert et Tellier UY 746 Stanley Gibbons UY 1306 Ciardi UY 746 Variantes: Click para ver variantes Tiene variantes menores: 2 Temas: Bomberos | Veh\u00edculos Fecha emisi\u00f3n: 1966-10-21 Tama\u00f1o: 38 x 28 mm Colores: Multicolor Marca de &hellip;<\/p>\n<p class=\"read-more\"> <a class=\"thunk-readmore button\" href=\"https:\/\/filatelia.cuentista.es\/en\/product\/sello-uruguay-cuerpo-de-bomberos-20c\"> <span class=\"screen-reader-text\">Sello Uruguay 1966 &#8211; Cuerpo de Bomberos &#8211; 20c.<\/span>Read More<\/a><\/p>","protected":false},"featured_media":2433,"comment_status":"open","ping_status":"closed","template":"","meta":{"_acf_changed":false},"product_brand":[],"product_cat":[763,21],"product_tag":[1191,1190,116],"class_list":{"0":"post-2434","1":"product","2":"type-product","3":"status-publish","4":"has-post-thumbnail","6":"product_cat-uruguay","7":"product_cat-sellos-nuevos","8":"product_tag-bomberos","9":"product_tag-profesiones","10":"product_tag-uniformes","11":"thunk-woo-product-list","12":"opn-qv-enable","13":"open-woo-hover-zoom","14":"open-single-product-tab-horizontal","15":"open-shadow-","16":"open-shadow-hover-","18":"first","19":"instock","20":"sale","21":"shipping-taxable","22":"purchasable","23":"product-type-simple"},"acf":[],"jetpack_sharing_enabled":true,"_links":{"self":[{"href":"https:\/\/filatelia.cuentista.es\/en\/wp-json\/wp\/v2\/product\/2434","targetHints":{"allow":["GET"]}}],"collection":[{"href":"https:\/\/filatelia.cuentista.es\/en\/wp-json\/wp\/v2\/product"}],"about":[{"href":"https:\/\/filatelia.cuentista.es\/en\/wp-json\/wp\/v2\/types\/product"}],"replies":[{"embeddable":true,"href":"https:\/\/filatelia.cuentista.es\/en\/wp-json\/wp\/v2\/comments?post=2434"}],"wp:featuredmedia":[{"embeddable":true,"href":"https:\/\/filatelia.cuentista.es\/en\/wp-json\/wp\/v2\/media\/2433"}],"wp:attachment":[{"href":"https:\/\/filatelia.cuentista.es\/en\/wp-json\/wp\/v2\/media?parent=2434"}],"wp:term":[{"taxonomy":"product_brand","embeddable":true,"href":"https:\/\/filatelia.cuentista.es\/en\/wp-json\/wp\/v2\/product_brand?post=2434"},{"taxonomy":"product_cat","embeddable":true,"href":"https:\/\/filatelia.cuentista.es\/en\/wp-json\/wp\/v2\/product_cat?post=2434"},{"taxonomy":"product_tag","embeddable":true,"href":"https:\/\/filatelia.cuentista.es\/en\/wp-json\/wp\/v2\/product_tag?post=2434"}],"curies":[{"name":"wp","href":"https:\/\/api.w.org\/{rel}","templated":true}]}}