{"id":2426,"date":"2024-09-05T06:42:00","date_gmt":"2024-09-05T06:42:00","guid":{"rendered":"https:\/\/filatelia.cuentista.es\/product\/sello-uruguay-1974-aniversario-upu-100-pesos-nuevo"},"modified":"2024-09-05T06:43:26","modified_gmt":"2024-09-05T06:43:26","slug":"sello-uruguay-1974-aniversario-upu-100-pesos-nuevo","status":"publish","type":"product","link":"https:\/\/filatelia.cuentista.es\/en\/product\/sello-uruguay-1974-aniversario-upu-100-pesos-nuevo","title":{"rendered":"Sello Uruguay 1974 &#8211; Aniversario UPU &#8211; 100 Pesos Nuevo"},"content":{"rendered":"<p>Pa\u00eds:<\/p>\n<p>Uruguay<\/p>\n<p>Serie:<\/p>\n<p>U.P.U. (Universal Postal Union), Centenary<\/p>\n<p>C\u00f3digo de cat\u00e1logo:<\/p>\n<p>Michel UY 1321<\/p>\n<p>Stamp Number UY 892<\/p>\n<p>Yvert et Tellier UY 891<\/p>\n<p>Stanley Gibbons UY 1577<\/p>\n<p>Ciardi UY 891<\/p>\n<p>Tiene variantes menores: 1<\/p>\n<p>Temas:<\/p>\n<p>U.P.U.<\/p>\n<p>Fecha emisi\u00f3n:<\/p>\n<p>1974-10-09<\/p>\n<p>Colores:<\/p>\n<p>Multicolor<\/p>\n<p>Marca de agua:<\/p>\n<p>ROU en Sol [Up]<\/p>\n<p>Dise\u00f1adores:<\/p>\n<p>Angel Medina<\/p>\n<p>Impresores\/Imprentas:<\/p>\n<p>Imprenta Nacional, Montevideo<\/p>\n<p>Formato:<\/p>\n<p>Sello<\/p>\n<p>Emisi\u00f3n:<\/p>\n<p>Conmemorativo<\/p>\n<p>Perforaci\u00f3n:<\/p>\n<p>peine12<\/p>\n<p>Impresi\u00f3n:<\/p>\n<p>Litograf\u00eda offset<\/p>\n<p>Papel:<\/p>\n<p>Medium<\/p>\n<p>Valor facial:<\/p>\n<p>100 $ &#8211; Peso Uruguayo<\/p>\n<p>Tiraje:<\/p>\n<p>150.000<\/p>\n","protected":false},"excerpt":{"rendered":"<p>Pa\u00eds: Uruguay Serie: U.P.U. (Universal Postal Union), Centenary C\u00f3digo de cat\u00e1logo: Michel UY 1321 Stamp Number UY 892 Yvert et Tellier UY 891 Stanley Gibbons UY 1577 Ciardi UY 891 Tiene variantes menores: 1 Temas: U.P.U. Fecha emisi\u00f3n: 1974-10-09 Colores: Multicolor Marca de agua: ROU en Sol [Up] Dise\u00f1adores: Angel Medina Impresores\/Imprentas: Imprenta Nacional, Montevideo &hellip;<\/p>\n<p class=\"read-more\"> <a class=\" thunk-readmore button \" href=\"https:\/\/filatelia.cuentista.es\/en\/product\/sello-uruguay-1974-aniversario-upu-100-pesos-nuevo\"> <span class=\"screen-reader-text\">Sello Uruguay 1974 &#8211; Aniversario UPU &#8211; 100 Pesos Nuevo<\/span>Read More<\/a><\/p>\n","protected":false},"featured_media":2425,"comment_status":"open","ping_status":"closed","template":"","meta":{"_acf_changed":false},"product_brand":[],"product_cat":[763,21],"product_tag":[894],"class_list":{"0":"post-2426","1":"product","2":"type-product","3":"status-publish","4":"has-post-thumbnail","6":"product_cat-uruguay","7":"product_cat-sellos-nuevos","8":"product_tag-correos","9":"thunk-woo-product-list","10":"opn-qv-enable","11":"open-woo-hover-zoom","12":"open-single-product-tab-horizontal","13":"open-shadow-","14":"open-shadow-hover-","16":"first","17":"instock","18":"sale","19":"shipping-taxable","20":"purchasable","21":"product-type-simple"},"acf":[],"jetpack_sharing_enabled":true,"_links":{"self":[{"href":"https:\/\/filatelia.cuentista.es\/en\/wp-json\/wp\/v2\/product\/2426","targetHints":{"allow":["GET"]}}],"collection":[{"href":"https:\/\/filatelia.cuentista.es\/en\/wp-json\/wp\/v2\/product"}],"about":[{"href":"https:\/\/filatelia.cuentista.es\/en\/wp-json\/wp\/v2\/types\/product"}],"replies":[{"embeddable":true,"href":"https:\/\/filatelia.cuentista.es\/en\/wp-json\/wp\/v2\/comments?post=2426"}],"wp:featuredmedia":[{"embeddable":true,"href":"https:\/\/filatelia.cuentista.es\/en\/wp-json\/wp\/v2\/media\/2425"}],"wp:attachment":[{"href":"https:\/\/filatelia.cuentista.es\/en\/wp-json\/wp\/v2\/media?parent=2426"}],"wp:term":[{"taxonomy":"product_brand","embeddable":true,"href":"https:\/\/filatelia.cuentista.es\/en\/wp-json\/wp\/v2\/product_brand?post=2426"},{"taxonomy":"product_cat","embeddable":true,"href":"https:\/\/filatelia.cuentista.es\/en\/wp-json\/wp\/v2\/product_cat?post=2426"},{"taxonomy":"product_tag","embeddable":true,"href":"https:\/\/filatelia.cuentista.es\/en\/wp-json\/wp\/v2\/product_tag?post=2426"}],"curies":[{"name":"wp","href":"https:\/\/api.w.org\/{rel}","templated":true}]}}