{"id":2424,"date":"2024-09-05T06:39:23","date_gmt":"2024-09-05T06:39:23","guid":{"rendered":"https:\/\/filatelia.cuentista.es\/product\/sello-uruguay-1960-fauna-dorado-25"},"modified":"2024-09-05T06:41:01","modified_gmt":"2024-09-05T06:41:01","slug":"sello-uruguay-1960-fauna-dorado-25","status":"publish","type":"product","link":"https:\/\/filatelia.cuentista.es\/en\/product\/sello-uruguay-1960-fauna-dorado-25","title":{"rendered":"Sello Uruguay 1968 &#8211; Fauna , Dorado 25$"},"content":{"rendered":"<p>Pa\u00eds:<\/p>\n<p>Uruguay<\/p>\n<p>Serie:<\/p>\n<p>Uruguayan fauna<\/p>\n<p>C\u00f3digo de cat\u00e1logo:<\/p>\n<p>Michel UY 1121<\/p>\n<p>Stamp Number UY C337<\/p>\n<p>Yvert et Tellier UY PA338<\/p>\n<p>Stanley Gibbons UY 1376<\/p>\n<p>Ciardi UY A338<\/p>\n<p>Tiene variantes menores: 2<\/p>\n<p>Temas:<\/p>\n<p>Animales (Fauna) | Peces | Vida Marina<\/p>\n<p>Fecha emisi\u00f3n:<\/p>\n<p>1968-11-05<\/p>\n<p>Colores:<\/p>\n<p>Multicolor<\/p>\n<p>Marca de agua:<\/p>\n<p>ROU en Sol [Up]<\/p>\n<p>Dise\u00f1adores:<\/p>\n<p>Angel Medina<\/p>\n<p>Impresores\/Imprentas:<\/p>\n<p>Imprenta Nacional, Montevideo<\/p>\n<p>Formato:<\/p>\n<p>Sello<\/p>\n<p>Emisi\u00f3n:<\/p>\n<p>Correo A\u00e9reo<\/p>\n<p>Perforaci\u00f3n:<\/p>\n<p>peine12<\/p>\n<p>Impresi\u00f3n:<\/p>\n<p>Litograf\u00eda offset<\/p>\n<p>Papel:<\/p>\n<p>medium, fluorescent<\/p>\n<p>Valor facial:<\/p>\n<p>25 $ &#8211; Peso Uruguayo<\/p>\n<p>Tiraje:<\/p>\n<p>500.000<\/p>\n","protected":false},"excerpt":{"rendered":"<p>Pa\u00eds: Uruguay Serie: Uruguayan fauna C\u00f3digo de cat\u00e1logo: Michel UY 1121 Stamp Number UY C337 Yvert et Tellier UY PA338 Stanley Gibbons UY 1376 Ciardi UY A338 Tiene variantes menores: 2 Temas: Animales (Fauna) | Peces | Vida Marina Fecha emisi\u00f3n: 1968-11-05 Colores: Multicolor Marca de agua: ROU en Sol [Up] Dise\u00f1adores: Angel Medina Impresores\/Imprentas: &hellip;<\/p>\n<p class=\"read-more\"> <a class=\" thunk-readmore button \" href=\"https:\/\/filatelia.cuentista.es\/en\/product\/sello-uruguay-1960-fauna-dorado-25\"> <span class=\"screen-reader-text\">Sello Uruguay 1968 &#8211; Fauna , Dorado 25$<\/span>Read More<\/a><\/p>\n","protected":false},"featured_media":2423,"comment_status":"open","ping_status":"closed","template":"","meta":{"_acf_changed":false},"product_brand":[],"product_cat":[815,763,20],"product_tag":[1139,945,1164],"class_list":{"0":"post-2424","1":"product","2":"type-product","3":"status-publish","4":"has-post-thumbnail","6":"product_cat-correo-aereo","7":"product_cat-uruguay","8":"product_cat-sellos-usados","9":"product_tag-animal","10":"product_tag-fauna","11":"product_tag-pez","12":"thunk-woo-product-list","13":"opn-qv-enable","14":"open-woo-hover-zoom","15":"open-single-product-tab-horizontal","16":"open-shadow-","17":"open-shadow-hover-","19":"first","20":"instock","21":"sale","22":"shipping-taxable","23":"purchasable","24":"product-type-simple"},"acf":[],"jetpack_sharing_enabled":true,"_links":{"self":[{"href":"https:\/\/filatelia.cuentista.es\/en\/wp-json\/wp\/v2\/product\/2424","targetHints":{"allow":["GET"]}}],"collection":[{"href":"https:\/\/filatelia.cuentista.es\/en\/wp-json\/wp\/v2\/product"}],"about":[{"href":"https:\/\/filatelia.cuentista.es\/en\/wp-json\/wp\/v2\/types\/product"}],"replies":[{"embeddable":true,"href":"https:\/\/filatelia.cuentista.es\/en\/wp-json\/wp\/v2\/comments?post=2424"}],"wp:featuredmedia":[{"embeddable":true,"href":"https:\/\/filatelia.cuentista.es\/en\/wp-json\/wp\/v2\/media\/2423"}],"wp:attachment":[{"href":"https:\/\/filatelia.cuentista.es\/en\/wp-json\/wp\/v2\/media?parent=2424"}],"wp:term":[{"taxonomy":"product_brand","embeddable":true,"href":"https:\/\/filatelia.cuentista.es\/en\/wp-json\/wp\/v2\/product_brand?post=2424"},{"taxonomy":"product_cat","embeddable":true,"href":"https:\/\/filatelia.cuentista.es\/en\/wp-json\/wp\/v2\/product_cat?post=2424"},{"taxonomy":"product_tag","embeddable":true,"href":"https:\/\/filatelia.cuentista.es\/en\/wp-json\/wp\/v2\/product_tag?post=2424"}],"curies":[{"name":"wp","href":"https:\/\/api.w.org\/{rel}","templated":true}]}}