{"id":2422,"date":"2024-09-05T06:22:52","date_gmt":"2024-09-05T06:22:52","guid":{"rendered":"https:\/\/filatelia.cuentista.es\/product\/sello-uruguay-1967-luis-alberto-de-herrera-20c"},"modified":"2024-09-05T06:24:22","modified_gmt":"2024-09-05T06:24:22","slug":"sello-uruguay-1967-luis-alberto-de-herrera-20c","status":"publish","type":"product","link":"https:\/\/filatelia.cuentista.es\/en\/product\/sello-uruguay-1967-luis-alberto-de-herrera-20c","title":{"rendered":"Sello Uruguay 1967 &#8211; Luis Alberto de Herrera &#8211; 20c."},"content":{"rendered":"<p>Pa\u00eds:<\/p>\n<p>Uruguay<\/p>\n<p>Serie:<\/p>\n<p>Luis Alberto de Herrera, 5th death Anniv.<\/p>\n<p>C\u00f3digo de cat\u00e1logo:<\/p>\n<p>Michel UY 974<\/p>\n<p>Stamp Number UY 708<\/p>\n<p>Yvert et Tellier UY 719<\/p>\n<p>Stanley Gibbons UY 1237<\/p>\n<p>Ciardi UY 719<\/p>\n<p>Tiene variantes menores: 1<\/p>\n<p>Temas:<\/p>\n<p>Personajes Famosos | Pol\u00edticos<\/p>\n<p>Fecha emisi\u00f3n:<\/p>\n<p>1964-07-22<\/p>\n<p>Tama\u00f1o:<\/p>\n<p>42 x 30 mm<\/p>\n<p>Colores:<\/p>\n<p>Multicolor | Verde<\/p>\n<p>Marca de agua:<\/p>\n<p>ROU en Sol [Up]<\/p>\n<p>Impresores\/Imprentas:<\/p>\n<p>Imprenta Nacional, Montevideo<\/p>\n<p>Formato:<\/p>\n<p>Sello<\/p>\n<p>Emisi\u00f3n:<\/p>\n<p>Conmemorativo<\/p>\n<p>Perforaci\u00f3n:<\/p>\n<p>peine12<\/p>\n<p>Impresi\u00f3n:<\/p>\n<p>Litograf\u00eda offset<\/p>\n<p>Papel:<\/p>\n<p>Medium<\/p>\n<p>Valor facial:<\/p>\n<p>20 Cent\u00e9simo Uruguayo<\/p>\n<p>Tiraje:<\/p>\n<p>3.000.000<\/p>\n","protected":false},"excerpt":{"rendered":"<p>Pa\u00eds: Uruguay Serie: Luis Alberto de Herrera, 5th death Anniv. C\u00f3digo de cat\u00e1logo: Michel UY 974 Stamp Number UY 708 Yvert et Tellier UY 719 Stanley Gibbons UY 1237 Ciardi UY 719 Tiene variantes menores: 1 Temas: Personajes Famosos | Pol\u00edticos Fecha emisi\u00f3n: 1964-07-22 Tama\u00f1o: 42 x 30 mm Colores: Multicolor | Verde Marca de &hellip;<\/p>\n<p class=\"read-more\"> <a class=\"thunk-readmore button\" href=\"https:\/\/filatelia.cuentista.es\/en\/product\/sello-uruguay-1967-luis-alberto-de-herrera-20c\"> <span class=\"screen-reader-text\">Sello Uruguay 1967 &#8211; Luis Alberto de Herrera &#8211; 20c.<\/span>Read More<\/a><\/p>","protected":false},"featured_media":2421,"comment_status":"open","ping_status":"closed","template":"","meta":{"_acf_changed":false},"product_brand":[],"product_cat":[763,20],"product_tag":[],"class_list":{"0":"post-2422","1":"product","2":"type-product","3":"status-publish","4":"has-post-thumbnail","6":"product_cat-uruguay","7":"product_cat-sellos-usados","8":"thunk-woo-product-list","9":"opn-qv-enable","10":"open-woo-hover-zoom","11":"open-single-product-tab-horizontal","12":"open-shadow-","13":"open-shadow-hover-","15":"first","16":"instock","17":"sale","18":"shipping-taxable","19":"purchasable","20":"product-type-simple"},"acf":[],"jetpack_sharing_enabled":true,"_links":{"self":[{"href":"https:\/\/filatelia.cuentista.es\/en\/wp-json\/wp\/v2\/product\/2422","targetHints":{"allow":["GET"]}}],"collection":[{"href":"https:\/\/filatelia.cuentista.es\/en\/wp-json\/wp\/v2\/product"}],"about":[{"href":"https:\/\/filatelia.cuentista.es\/en\/wp-json\/wp\/v2\/types\/product"}],"replies":[{"embeddable":true,"href":"https:\/\/filatelia.cuentista.es\/en\/wp-json\/wp\/v2\/comments?post=2422"}],"wp:featuredmedia":[{"embeddable":true,"href":"https:\/\/filatelia.cuentista.es\/en\/wp-json\/wp\/v2\/media\/2421"}],"wp:attachment":[{"href":"https:\/\/filatelia.cuentista.es\/en\/wp-json\/wp\/v2\/media?parent=2422"}],"wp:term":[{"taxonomy":"product_brand","embeddable":true,"href":"https:\/\/filatelia.cuentista.es\/en\/wp-json\/wp\/v2\/product_brand?post=2422"},{"taxonomy":"product_cat","embeddable":true,"href":"https:\/\/filatelia.cuentista.es\/en\/wp-json\/wp\/v2\/product_cat?post=2422"},{"taxonomy":"product_tag","embeddable":true,"href":"https:\/\/filatelia.cuentista.es\/en\/wp-json\/wp\/v2\/product_tag?post=2422"}],"curies":[{"name":"wp","href":"https:\/\/api.w.org\/{rel}","templated":true}]}}