{"id":2405,"date":"2024-09-04T05:08:38","date_gmt":"2024-09-04T05:08:38","guid":{"rendered":"https:\/\/filatelia.cuentista.es\/product\/sello-uruguay-1961-cies-50-c-usado"},"modified":"2024-09-04T05:20:23","modified_gmt":"2024-09-04T05:20:23","slug":"sello-uruguay-1961-cies-50-c-usado","status":"publish","type":"product","link":"https:\/\/filatelia.cuentista.es\/en\/product\/sello-uruguay-1961-cies-50-c-usado","title":{"rendered":"Sello Uruguay 1961 &#8211; CIES &#8211; 50 c. Usado"},"content":{"rendered":"<p>Education<\/p>\n<p><img class=\"size-full\"><img class=\"size-full\"><\/p>\n<p>Pa\u00eds:<\/p>\n<p>Uruguay<\/p>\n<p>Serie:<\/p>\n<p>Inter-American Economic and Social Conference<\/p>\n<p>C\u00f3digo de cat\u00e1logo:<\/p>\n<p>Michel UY 923<\/p>\n<p>Stamp Number UY C235<\/p>\n<p>Yvert et Tellier UY PA222<\/p>\n<p>Stanley Gibbons UY 1186<\/p>\n<p>Ciardi UY A222<\/p>\n<p>Temas:<\/p>\n<p>Congresos | Econom\u00eda | S\u00edmbolos<\/p>\n<p>Fecha emisi\u00f3n:<\/p>\n<p>1961-08-14<\/p>\n<p>Tama\u00f1o:<\/p>\n<p>30 x 42 mm<\/p>\n<p>Colores:<\/p>\n<p>Gris | Gris Violeta<\/p>\n<p>Marca de agua:<\/p>\n<p>ROU en Sol [Up]<\/p>\n<p>Dise\u00f1adores:<\/p>\n<p>Jos\u00e9 Luis Zorilla de San Mart\u00edn<\/p>\n<p>Impresores\/Imprentas:<\/p>\n<p>Imprenta Nacional, Montevideo<\/p>\n<p>Formato:<\/p>\n<p>Sello<\/p>\n<p>Emisi\u00f3n:<\/p>\n<p>Correo A\u00e9reo<\/p>\n<p>Perforaci\u00f3n:<\/p>\n<p>12<\/p>\n<p>Impresi\u00f3n:<\/p>\n<p>Litograf\u00eda offset<\/p>\n<p>Papel:<\/p>\n<p>Medium<\/p>\n<p>Valor facial:<\/p>\n<p>50 Cent\u00e9simo Uruguayo<\/p>\n<p>Tiraje:<\/p>\n<p>100.000<\/p>\n","protected":false},"excerpt":{"rendered":"<p>Education Pa\u00eds: Uruguay Serie: Inter-American Economic and Social Conference C\u00f3digo de cat\u00e1logo: Michel UY 923 Stamp Number UY C235 Yvert et Tellier UY PA222 Stanley Gibbons UY 1186 Ciardi UY A222 Temas: Congresos | Econom\u00eda | S\u00edmbolos Fecha emisi\u00f3n: 1961-08-14 Tama\u00f1o: 30 x 42 mm Colores: Gris | Gris Violeta Marca de agua: ROU en &hellip;<\/p>\n<p class=\"read-more\"> <a class=\"thunk-readmore button\" href=\"https:\/\/filatelia.cuentista.es\/en\/product\/sello-uruguay-1961-cies-50-c-usado\"> <span class=\"screen-reader-text\">Sello Uruguay 1961 &#8211; CIES &#8211; 50 c. Usado<\/span>Read More<\/a><\/p>","protected":false},"featured_media":2404,"comment_status":"open","ping_status":"closed","template":"","meta":{"_acf_changed":false},"product_brand":[],"product_cat":[815,763,20],"product_tag":[1177,1178,1180,1179],"class_list":{"0":"post-2405","1":"product","2":"type-product","3":"status-publish","4":"has-post-thumbnail","6":"product_cat-correo-aereo","7":"product_cat-uruguay","8":"product_cat-sellos-usados","9":"product_tag-conferencia","10":"product_tag-economia","11":"product_tag-inter-america","12":"product_tag-social","13":"thunk-woo-product-list","14":"opn-qv-enable","15":"open-woo-hover-zoom","16":"open-single-product-tab-horizontal","17":"open-shadow-","18":"open-shadow-hover-","20":"first","21":"instock","22":"sale","23":"shipping-taxable","24":"purchasable","25":"product-type-simple"},"acf":[],"jetpack_sharing_enabled":true,"_links":{"self":[{"href":"https:\/\/filatelia.cuentista.es\/en\/wp-json\/wp\/v2\/product\/2405","targetHints":{"allow":["GET"]}}],"collection":[{"href":"https:\/\/filatelia.cuentista.es\/en\/wp-json\/wp\/v2\/product"}],"about":[{"href":"https:\/\/filatelia.cuentista.es\/en\/wp-json\/wp\/v2\/types\/product"}],"replies":[{"embeddable":true,"href":"https:\/\/filatelia.cuentista.es\/en\/wp-json\/wp\/v2\/comments?post=2405"}],"wp:featuredmedia":[{"embeddable":true,"href":"https:\/\/filatelia.cuentista.es\/en\/wp-json\/wp\/v2\/media\/2404"}],"wp:attachment":[{"href":"https:\/\/filatelia.cuentista.es\/en\/wp-json\/wp\/v2\/media?parent=2405"}],"wp:term":[{"taxonomy":"product_brand","embeddable":true,"href":"https:\/\/filatelia.cuentista.es\/en\/wp-json\/wp\/v2\/product_brand?post=2405"},{"taxonomy":"product_cat","embeddable":true,"href":"https:\/\/filatelia.cuentista.es\/en\/wp-json\/wp\/v2\/product_cat?post=2405"},{"taxonomy":"product_tag","embeddable":true,"href":"https:\/\/filatelia.cuentista.es\/en\/wp-json\/wp\/v2\/product_tag?post=2405"}],"curies":[{"name":"wp","href":"https:\/\/api.w.org\/{rel}","templated":true}]}}